{"id":327,"date":"2020-05-07T11:13:46","date_gmt":"2020-05-07T14:13:46","guid":{"rendered":"http:\/\/gruporacobi.com\/aymara\/producto\/import-placeholder-for-372\/"},"modified":"2024-08-28T11:41:56","modified_gmt":"2024-08-28T14:41:56","slug":"canopy","status":"publish","type":"product","link":"https:\/\/aymaramendoza.com.ar\/pt\/servicios\/canopy\/","title":{"rendered":"CANOPY CIRCUITO BANCO."},"content":{"rendered":"<p><span class=\"TextRun SCXW67808814 BCX8\" lang=\"ES-419\" xml:lang=\"ES-419\" data-contrast=\"auto\"><span class=\"NormalTextRun SCXW67808814 BCX8\">N\u00f3s convidamos voc\u00ea a observar a montanha, com os olhos no ar, percorrendo todo o cerro <\/span><span class=\"NormalTextRun SCXW67808814 BCX8\">a partir de <\/span><span class=\"NormalTextRun SCXW67808814 BCX8\">o alto<\/span><span class=\"NormalTextRun SCXW67808814 BCX8\">, sentindo que voam entr<\/span><span class=\"NormalTextRun SCXW67808814 BCX8\">e eles.<\/span> <span class=\"NormalTextRun SCXW67808814 BCX8\">Atividade ideal para os amantes das alturas<\/span><span class=\"NormalTextRun SCXW67808814 BCX8\">.<\/span><span class=\"NormalTextRun SCXW67808814 BCX8\">\u00a0<\/span><\/span><span class=\"EOP SCXW67808814 BCX8\" data-ccp-props=\"{&quot;201341983&quot;:0,&quot;335551550&quot;:6,&quot;335551620&quot;:6,&quot;335559740&quot;:276}\">\u00a0<\/span><\/p>\n<p>Sa\u00edda da cidade de Mendoza, no hor\u00e1rio da manh\u00e3 para a regi\u00e3o de Potrerillos at\u00e9 chegar \u00e0 base. Uma vez na base, o guia vai nos dar uma pequena palestra instrutiva sobre a atividade, juntamente com uma explica\u00e7\u00e3o de seguran\u00e7a e recomenda\u00e7\u00f5es. Continuaremos com a entrega do equipamento obrigat\u00f3rio de seguran\u00e7a, e uma vez que todos trabalham com os elementos correspondentes, nos dirigimos ao ponto de partida.<\/p>\n<p>Esta atividade consiste em um circuito de 5 linhas de zip-line que cercam a base, todas se realizam no mesmo monte. Ao final teremos tempo para desfrutar da paisagem e do restaurante de montanha da base. Nas horas da tarde, regresso ao hotel.<\/p>\n<p><strong>Dist\u00e2ncia:<\/strong>\u00a05 cabos, 700m de comprimento.<br \/>\n<strong>Altura m\u00e9dia:<\/strong>\u00a040m aprox.<br \/>\n<strong>Dura\u00e7\u00e3o:<\/strong> de 1 a 1:30 hs aprox. (dependendo da quantidade de pessoas)<br \/>\n<strong>Dificuldade:<\/strong> iniciante\/ moderado.<br \/>\n<strong>Idade m\u00ednima:<\/strong> 6 anos (perguntar por menores).<\/p>\n<p><strong><u>Sa\u00eddas regulares<\/u><\/strong>: todos os dias<\/p>\n<p><strong><u>Hora:<\/u><\/strong> a partir das 9:30 hs<\/p>\n<p><strong><u>Dura\u00e7\u00e3o<\/u>:<\/strong> meio-dia \u2013 sa\u00eddas durante todo o ano<\/p>\n<p><span data-contrast=\"auto\"><strong><u>Recomenda\u00e7\u00f5es:<\/u><\/strong><\/span> l<span data-contrast=\"auto\">levar cal\u00e7ado esportivo (n\u00e3o sand\u00e1lias, nem crocs) e vestu\u00e1rio confort\u00e1vel para caminhar, bon\u00e9, \u00f3culos de sol e protector solar. <\/span><span data-ccp-props=\"{&quot;201341983&quot;:0,&quot;335551550&quot;:6,&quot;335551620&quot;:6,&quot;335559740&quot;:276}\">\u00a0<\/span><\/p>\n<p>&nbsp;<\/p>\n<p><em><span class=\"TextRun SCXW168292152 BCX8\" lang=\"ES-419\" xml:lang=\"ES-419\" data-contrast=\"none\"><span class=\"NormalTextRun SCXW168292152 BCX8\">Nota: os passageiros hospedados fora do r\u00e1dio c<\/span><span class=\"NormalTextRun SCXW168292152 BCX8\">\u00e9ntrico, devem dirigir-se ao ponto indicado por <\/span><span class=\"NormalTextRun SpellingErrorV2Themed SCXW168292152 BCX8\">Aymar\u00e1<\/span><span class=\"NormalTextRun SCXW168292152 BCX8\"> Turismo<\/span><\/span><span class=\"EOP SCXW168292152 BCX8\" data-ccp-props=\"{&quot;201341983&quot;:0,&quot;335551550&quot;:6,&quot;335551620&quot;:6,&quot;335559740&quot;:276}\">\u00a0<\/span><\/em><\/p>","protected":false},"excerpt":{"rendered":"<p>Voando pelos ares<\/p>","protected":false},"featured_media":402,"comment_status":"open","ping_status":"closed","template":"","meta":[],"product_brand":[],"product_cat":[72,246],"product_tag":[93,94,95,96,28,83],"dias":[],"class_list":{"0":"post-327","1":"product","2":"type-product","3":"status-publish","4":"has-post-thumbnail","6":"product_cat-aventura","7":"product_cat-mendoza","8":"product_tag-aventura","9":"product_tag-canopy","10":"product_tag-deporte","11":"product_tag-dique","12":"product_tag-mendoza","13":"product_tag-potrerillos","15":"first","16":"instock","17":"shipping-taxable","18":"product-type-simple"},"booking_location":null,"booking_location_type":null,"booking_duration":null,"booking_duration_unit":null,"booking_buffer":null,"booking_cost":null,"booking_resources":null,"jetpack_sharing_enabled":true,"_links":{"self":[{"href":"https:\/\/aymaramendoza.com.ar\/pt\/wp-json\/wp\/v2\/product\/327","targetHints":{"allow":["GET"]}}],"collection":[{"href":"https:\/\/aymaramendoza.com.ar\/pt\/wp-json\/wp\/v2\/product"}],"about":[{"href":"https:\/\/aymaramendoza.com.ar\/pt\/wp-json\/wp\/v2\/types\/product"}],"replies":[{"embeddable":true,"href":"https:\/\/aymaramendoza.com.ar\/pt\/wp-json\/wp\/v2\/comments?post=327"}],"version-history":[{"count":5,"href":"https:\/\/aymaramendoza.com.ar\/pt\/wp-json\/wp\/v2\/product\/327\/revisions"}],"predecessor-version":[{"id":5771,"href":"https:\/\/aymaramendoza.com.ar\/pt\/wp-json\/wp\/v2\/product\/327\/revisions\/5771"}],"wp:featuredmedia":[{"embeddable":true,"href":"https:\/\/aymaramendoza.com.ar\/pt\/wp-json\/wp\/v2\/media\/402"}],"wp:attachment":[{"href":"https:\/\/aymaramendoza.com.ar\/pt\/wp-json\/wp\/v2\/media?parent=327"}],"wp:term":[{"taxonomy":"product_brand","embeddable":true,"href":"https:\/\/aymaramendoza.com.ar\/pt\/wp-json\/wp\/v2\/product_brand?post=327"},{"taxonomy":"product_cat","embeddable":true,"href":"https:\/\/aymaramendoza.com.ar\/pt\/wp-json\/wp\/v2\/product_cat?post=327"},{"taxonomy":"product_tag","embeddable":true,"href":"https:\/\/aymaramendoza.com.ar\/pt\/wp-json\/wp\/v2\/product_tag?post=327"},{"taxonomy":"dias","embeddable":true,"href":"https:\/\/aymaramendoza.com.ar\/pt\/wp-json\/wp\/v2\/dias?post=327"}],"curies":[{"name":"wp","href":"https:\/\/api.w.org\/{rel}","templated":true}]}}