{"id":325,"date":"2020-05-07T11:13:46","date_gmt":"2020-05-07T14:13:46","guid":{"rendered":"http:\/\/gruporacobi.com\/aymara\/producto\/import-placeholder-for-370\/"},"modified":"2024-10-07T09:39:05","modified_gmt":"2024-10-07T12:39:05","slug":"cascada-manqui-malal","status":"publish","type":"product","link":"https:\/\/aymaramendoza.com.ar\/pt\/servicios\/cascada-manqui-malal\/","title":{"rendered":"CACHOEIRA DE MANQUI MALAL"},"content":{"rendered":"<p>A 33 Km. de la ciudad de Malarg\u00fce, se encuentra un salto agua de unos 30 mts: la cascada de Manqui Malal (Manqui = C\u00f3ndor, Malal = Barda).<\/p>\n<p>Durante la caminata descubriremos f\u00f3siles marinos y conoceremos las famosas Bardas o Malales que dan el nombre al Departamento, adem\u00e1s de conocer parte la flora y fauna del lugar. En este sitio existe un peque\u00f1o restaurante con todos los servicios donde se puede disfrutar de la gastronom\u00eda regional. Para el ingreso al parque privado se paga una entrada.<\/p>\n<p><strong>Duraci\u00f3n de la excursi\u00f3n:\u00a0<\/strong>Dependendo das condi\u00e7\u00f5es clim\u00e1ticas e o caminho, a dura\u00e7\u00e3o m\u00ednima \u00e9 de 4 hs at\u00e9 Malarg\u00fce. A dura\u00e7\u00e3o total da caminhada at\u00e9 a Cachoeira \u00e9 de 1 hora e 15 minutos, aproximadamente (Ida e volta desde a base)<\/p>\n<p><strong>Idade m\u00ednima: <\/strong>N\u00e3o h\u00e1 idade m\u00ednima para realizar a caminhada.<\/p>\n<p><strong>Recomenda\u00e7\u00f5es:\u00a0<\/strong><\/p>\n<p>Llevar abrigo y calzado adecuado para el trekking hasta la cascada.<\/p>\n<p>Llevar sombrero o gorro para el sol, protector solar y botella de agua.<\/p>","protected":false},"excerpt":{"rendered":"<p>A 33 Km de la ciudad de Malarg\u00fce, se encuentra un salto agua de unos 30 mts, alimentada por agua de vertiente, donde podr\u00e1n realizar trekking paleontol\u00f3gico y disfrutar de los paisajes y naturaleza.<\/p>","protected":false},"featured_media":5260,"comment_status":"open","ping_status":"closed","template":"","meta":[],"product_brand":[],"product_cat":[622,100],"product_tag":[],"dias":[],"class_list":{"0":"post-325","1":"product","2":"type-product","3":"status-publish","4":"has-post-thumbnail","6":"product_cat-malargue","7":"product_cat-naturaleza","9":"first","10":"instock","11":"shipping-taxable","12":"product-type-simple"},"booking_location":null,"booking_location_type":null,"booking_duration":null,"booking_duration_unit":null,"booking_buffer":null,"booking_cost":null,"booking_resources":null,"jetpack_sharing_enabled":true,"_links":{"self":[{"href":"https:\/\/aymaramendoza.com.ar\/pt\/wp-json\/wp\/v2\/product\/325","targetHints":{"allow":["GET"]}}],"collection":[{"href":"https:\/\/aymaramendoza.com.ar\/pt\/wp-json\/wp\/v2\/product"}],"about":[{"href":"https:\/\/aymaramendoza.com.ar\/pt\/wp-json\/wp\/v2\/types\/product"}],"replies":[{"embeddable":true,"href":"https:\/\/aymaramendoza.com.ar\/pt\/wp-json\/wp\/v2\/comments?post=325"}],"version-history":[{"count":6,"href":"https:\/\/aymaramendoza.com.ar\/pt\/wp-json\/wp\/v2\/product\/325\/revisions"}],"predecessor-version":[{"id":6407,"href":"https:\/\/aymaramendoza.com.ar\/pt\/wp-json\/wp\/v2\/product\/325\/revisions\/6407"}],"wp:featuredmedia":[{"embeddable":true,"href":"https:\/\/aymaramendoza.com.ar\/pt\/wp-json\/wp\/v2\/media\/5260"}],"wp:attachment":[{"href":"https:\/\/aymaramendoza.com.ar\/pt\/wp-json\/wp\/v2\/media?parent=325"}],"wp:term":[{"taxonomy":"product_brand","embeddable":true,"href":"https:\/\/aymaramendoza.com.ar\/pt\/wp-json\/wp\/v2\/product_brand?post=325"},{"taxonomy":"product_cat","embeddable":true,"href":"https:\/\/aymaramendoza.com.ar\/pt\/wp-json\/wp\/v2\/product_cat?post=325"},{"taxonomy":"product_tag","embeddable":true,"href":"https:\/\/aymaramendoza.com.ar\/pt\/wp-json\/wp\/v2\/product_tag?post=325"},{"taxonomy":"dias","embeddable":true,"href":"https:\/\/aymaramendoza.com.ar\/pt\/wp-json\/wp\/v2\/dias?post=325"}],"curies":[{"name":"wp","href":"https:\/\/api.w.org\/{rel}","templated":true}]}}