{"id":324,"date":"2020-05-07T11:13:46","date_gmt":"2020-05-07T14:13:46","guid":{"rendered":"http:\/\/gruporacobi.com\/aymara\/producto\/import-placeholder-for-369\/"},"modified":"2025-05-06T13:03:58","modified_gmt":"2025-05-06T16:03:58","slug":"mendoza-ciudad-y-alrededores","status":"publish","type":"product","link":"https:\/\/aymaramendoza.com.ar\/pt\/servicios\/mendoza-ciudad-y-alrededores\/","title":{"rendered":"MENDOZA: CIDADE E ARREDORES"},"content":{"rendered":"<p>Este city tour nos permitir\u00e1 conhecer a cidade de Mendoza, uma das mais belas do pa\u00eds. Come\u00e7aremos por parte antiga da cidade, local onde foi fundada em 1561.<\/p>\n<p>Continuaremos o passeio Alameda at\u00e9 chegar ao centro da cidade, onde poderemos desfrutar de um passeio pelas ruas e pra\u00e7as principais do centro da cidade, como pra\u00e7a da Independ\u00eancia e rua Emilio Civit. Em seguida, nos dirigimos ao parque General San Mart\u00edn, seguido de uma subida ao Cerro de la Gloria, onde poderemos admirar o imponente monumento em homenagem ao General San Mart\u00edn e a liberta\u00e7\u00e3o da Argentina.<\/p>\n<p>Para finalizar, e antes de voltar ao centro da cidade, passamos pelo est\u00e1dio do mundial Malvinas Argentinas e o anfiteatro grego Frank Romero Day, cen\u00e1rio onde se realiza o ato central da Festa Nacional da Vindima.<\/p>\n<ul>\n<li><strong>Sa\u00eddas regulares:<\/strong> martes &#8211; jueves &#8211; s\u00e1bados<\/li>\n<li><strong>Salidas en privado:<\/strong> todos los d\u00edas. Consultar con la agencia.<\/li>\n<li><strong>Hora:<\/strong> A partir de las 08:30 hs- salidas todo el a\u00f1o<\/li>\n<li><strong>Dura\u00e7\u00e3o:<\/strong> medio d\u00eda<\/li>\n<\/ul>\n<p>&nbsp;<\/p>\n<p><strong><em>Notas: <\/em><\/strong><\/p>\n<ul>\n<li><strong><em>Pasajeros alojados fuera del radio c\u00e9ntrico, deben dirigirse al hotel m\u00e1s pr\u00f3ximo indicado por el personal de \u00a0Aymar\u00e1 Turismo.\u00a0<\/em><\/strong><\/li>\n<li><em><strong>Salidas en privado: todos los d\u00edas. Consultar con agencia.\u00a0<\/strong><\/em><\/li>\n<\/ul>\n<p>&nbsp;<\/p>","protected":false},"excerpt":{"rendered":"<p>Esta excurs\u00e3o permite-nos conhecer a cidade de Mendoza, uma das mais belas do pa\u00eds.<\/p>","protected":false},"featured_media":5355,"comment_status":"open","ping_status":"closed","template":"","meta":[],"product_brand":[],"product_cat":[203,246],"product_tag":[86,606,87,88,28],"dias":[],"class_list":{"0":"post-324","1":"product","2":"type-product","3":"status-publish","4":"has-post-thumbnail","6":"product_cat-convencionales","7":"product_cat-mendoza","8":"product_tag-capital","9":"product_tag-city","10":"product_tag-ciudad","11":"product_tag-excursion","12":"product_tag-mendoza","14":"first","15":"instock","16":"shipping-taxable","17":"product-type-simple"},"booking_location":null,"booking_location_type":null,"booking_duration":null,"booking_duration_unit":null,"booking_buffer":null,"booking_cost":null,"booking_resources":null,"jetpack_sharing_enabled":true,"_links":{"self":[{"href":"https:\/\/aymaramendoza.com.ar\/pt\/wp-json\/wp\/v2\/product\/324","targetHints":{"allow":["GET"]}}],"collection":[{"href":"https:\/\/aymaramendoza.com.ar\/pt\/wp-json\/wp\/v2\/product"}],"about":[{"href":"https:\/\/aymaramendoza.com.ar\/pt\/wp-json\/wp\/v2\/types\/product"}],"replies":[{"embeddable":true,"href":"https:\/\/aymaramendoza.com.ar\/pt\/wp-json\/wp\/v2\/comments?post=324"}],"version-history":[{"count":12,"href":"https:\/\/aymaramendoza.com.ar\/pt\/wp-json\/wp\/v2\/product\/324\/revisions"}],"predecessor-version":[{"id":6904,"href":"https:\/\/aymaramendoza.com.ar\/pt\/wp-json\/wp\/v2\/product\/324\/revisions\/6904"}],"wp:featuredmedia":[{"embeddable":true,"href":"https:\/\/aymaramendoza.com.ar\/pt\/wp-json\/wp\/v2\/media\/5355"}],"wp:attachment":[{"href":"https:\/\/aymaramendoza.com.ar\/pt\/wp-json\/wp\/v2\/media?parent=324"}],"wp:term":[{"taxonomy":"product_brand","embeddable":true,"href":"https:\/\/aymaramendoza.com.ar\/pt\/wp-json\/wp\/v2\/product_brand?post=324"},{"taxonomy":"product_cat","embeddable":true,"href":"https:\/\/aymaramendoza.com.ar\/pt\/wp-json\/wp\/v2\/product_cat?post=324"},{"taxonomy":"product_tag","embeddable":true,"href":"https:\/\/aymaramendoza.com.ar\/pt\/wp-json\/wp\/v2\/product_tag?post=324"},{"taxonomy":"dias","embeddable":true,"href":"https:\/\/aymaramendoza.com.ar\/pt\/wp-json\/wp\/v2\/dias?post=324"}],"curies":[{"name":"wp","href":"https:\/\/api.w.org\/{rel}","templated":true}]}}