{"id":323,"date":"2020-05-07T11:13:46","date_gmt":"2020-05-07T14:13:46","guid":{"rendered":"http:\/\/gruporacobi.com\/aymara\/producto\/import-placeholder-for-368\/"},"modified":"2025-12-30T10:41:07","modified_gmt":"2025-12-30T13:41:07","slug":"full-day-vinos-y-sabores-de-maipu","status":"publish","type":"product","link":"https:\/\/aymaramendoza.com.ar\/pt\/servicios\/full-day-vinos-y-sabores-de-maipu\/","title":{"rendered":"Vinos y Sabores de Maip\u00fa"},"content":{"rendered":"<div data-elementor-type=\"product-post\" data-elementor-id=\"323\" class=\"elementor elementor-323\" data-elementor-post-type=\"product\">\n\t\t\t\t\t\t<section class=\"elementor-section elementor-top-section elementor-element elementor-element-133afb66 elementor-section-boxed elementor-section-height-default elementor-section-height-default\" data-id=\"133afb66\" data-element_type=\"section\" data-e-type=\"section\" data-settings=\"{&quot;jet_parallax_layout_list&quot;:[],&quot;ekit_has_onepagescroll_dot&quot;:&quot;yes&quot;}\">\n\t\t\t\t\t\t<div class=\"elementor-container elementor-column-gap-default\">\n\t\t\t\t\t<div class=\"elementor-column elementor-col-100 elementor-top-column elementor-element elementor-element-8d9d531\" data-id=\"8d9d531\" data-element_type=\"column\" data-e-type=\"column\">\n\t\t\t<div class=\"elementor-widget-wrap elementor-element-populated\">\n\t\t\t\t\t\t<div class=\"elementor-element elementor-element-61b6b20b elementor-widget elementor-widget-text-editor\" data-id=\"61b6b20b\" data-element_type=\"widget\" data-e-type=\"widget\" data-settings=\"{&quot;ekit_we_effect_on&quot;:&quot;none&quot;}\" data-widget_type=\"text-editor.default\">\n\t\t\t\t<div class=\"elementor-widget-container\">\n\t\t\t\t\t\t\t\t\t<p>Sairemos para o departamento de Maip\u00fa, conhecido como o &#034;ber\u00e7o do vinho&#034;, visitando as vin\u00edcolas, os seus jardins, vinhas e \u00e1rvores centen\u00e1rias.\u00a0<span style=\"color: var( --e-global-color-text ); font-family: var( --e-global-typography-text-font-family ), Sans-serif; font-size: var( --e-global-typography-text-font-size ); font-weight: var( --e-global-typography-text-font-weight );\">Este curso \u00e9 projetado para compartilhar e lazer em um dia inesquec\u00edvel de Vinhos.\u00a0<\/span><span style=\"color: var( --e-global-color-text ); font-family: var( --e-global-typography-text-font-family ), Sans-serif; font-size: var( --e-global-typography-text-font-size ); font-weight: var( --e-global-typography-text-font-weight );\">Visitaremos duas vin\u00edcolas da regi\u00e3o central e uma oliv\u00edcola, em pequenos grupos, integrados por interessados do mundo do vinho que compartilham da mesma paix\u00e3o por esta fascinante bebida.\u00a0<\/span><span style=\"color: var( --e-global-color-text ); font-family: var( --e-global-typography-text-font-family ), Sans-serif; font-size: var( --e-global-typography-text-font-size ); font-weight: var( --e-global-typography-text-font-weight );\">Ao meio-dia, convidamos os nossos h\u00f3spedes a desfrutar de um almo\u00e7o t\u00edpico, com os melhores variedades de Mendoza.<\/span><\/p><p>Pela tarde, regresso \u00e0 cidade depois de ter compartilhado um dia maravilhoso de vinhos.<\/p><p><strong>Condi\u00e7\u00f5es gerais:\u00a0<\/strong><\/p><ul><li><u>Sa\u00eddas regulares:<\/u> martes y s\u00e1bados<\/li><li><u>Hora:<\/u> a partir de las 8:30 hs hasta las 18hs<\/li><li><u>Dura\u00e7\u00e3o:<\/u> todo o dia \u2013 sa\u00eddas durante todo o ano<\/li><li><span class=\"TextRun Underlined SCXW56012047 BCX8\" lang=\"ES-419\" xml:lang=\"ES-419\" data-contrast=\"auto\"><span class=\"NormalTextRun SCXW56012047 BCX8\"><u>M\u00ednimo<\/u><\/span><\/span><span class=\"TextRun SCXW56012047 BCX8\" lang=\"ES-419\" xml:lang=\"ES-419\" data-contrast=\"auto\"><span class=\"NormalTextRun SCXW56012047 BCX8\">: <\/span><span class=\"NormalTextRun SCXW56012047 BCX8\">4 personas\/<\/span><span class=\"NormalTextRun SCXW56012047 BCX8\"> G<\/span><span class=\"NormalTextRun SCXW56012047 BCX8\">rupos: hasta 18 personas<\/span><\/span><\/li><li><u>Vin\u00edcolas a visitar:<\/u> Trapiche, Altigal y Almuerzo de 3<span class=\"TextRun Underlined SCXW68600573 BCX8\" lang=\"ES-419\" xml:lang=\"ES-419\" data-contrast=\"auto\"><span class=\"NormalTextRun SCXW68600573 BCX8\">\u00a0pasos en<\/span><\/span><span class=\"TextRun SCXW68600573 BCX8\" lang=\"ES-419\" xml:lang=\"ES-419\" data-contrast=\"auto\">\u00a0<span class=\"NormalTextRun SpellingErrorV2Themed SCXW68600573 BCX8\">Pan&amp;<\/span><span class=\"NormalTextRun SpellingErrorV2Themed SCXW68600573 BCX8\">Oliv<\/span><span class=\"NormalTextRun SpellingErrorV2Themed SCXW68600573 BCX8\">a<\/span><span class=\"NormalTextRun SCXW68600573 BCX8\"> de Familia Zuccardi<\/span><\/span><\/li><li><u>Oliv\u00edcola a visitar:<\/u> Zuelo, da fam\u00edlia &#034;Zuccardi&#034;<\/li><\/ul><p><strong>\u00a0<\/strong><\/p><p><strong>Recomenda\u00e7\u00f5es<\/strong><span data-contrast=\"auto\">: <\/span><span data-ccp-props=\"{&quot;201341983&quot;:0,&quot;335551550&quot;:6,&quot;335551620&quot;:6,&quot;335557856&quot;:16777215,&quot;335559740&quot;:276}\">\u00a0<\/span><\/p><ul><li data-leveltext=\"\uf0b7\" data-font=\"Symbol\" data-listid=\"56\" data-list-defn-props=\"{&quot;335552541&quot;:1,&quot;335559683&quot;:0,&quot;335559684&quot;:-2,&quot;335559685&quot;:720,&quot;335559991&quot;:360,&quot;469769226&quot;:&quot;Symbol&quot;,&quot;469769242&quot;:[8226],&quot;469777803&quot;:&quot;left&quot;,&quot;469777804&quot;:&quot;\uf0b7&quot;,&quot;469777815&quot;:&quot;hybridMultilevel&quot;}\" aria-setsize=\"-1\" data-aria-posinset=\"1\" data-aria-level=\"1\"><span data-contrast=\"auto\">Tomar um bom caf\u00e9 da manh\u00e3 antes do in\u00edcio da atividade.<\/span><span data-ccp-props=\"{&quot;201341983&quot;:0,&quot;335551550&quot;:6,&quot;335551620&quot;:6,&quot;335557856&quot;:16777215,&quot;335559740&quot;:276}\">\u00a0<\/span><\/li><li data-leveltext=\"\uf0b7\" data-font=\"Symbol\" data-listid=\"56\" data-list-defn-props=\"{&quot;335552541&quot;:1,&quot;335559683&quot;:0,&quot;335559684&quot;:-2,&quot;335559685&quot;:720,&quot;335559991&quot;:360,&quot;469769226&quot;:&quot;Symbol&quot;,&quot;469769242&quot;:[8226],&quot;469777803&quot;:&quot;left&quot;,&quot;469777804&quot;:&quot;\uf0b7&quot;,&quot;469777815&quot;:&quot;hybridMultilevel&quot;}\" aria-setsize=\"-1\" data-aria-posinset=\"1\" data-aria-level=\"1\"><span data-contrast=\"auto\">Primavera \u2013 ver\u00e3o: \u00d3culos de sol e protetor solar, roupas leves e cal\u00e7ado confort\u00e1vel.<\/span><span data-ccp-props=\"{&quot;201341983&quot;:0,&quot;335551550&quot;:6,&quot;335551620&quot;:6,&quot;335557856&quot;:16777215,&quot;335559740&quot;:276}\">\u00a0<\/span><\/li><li data-leveltext=\"\uf0b7\" data-font=\"Symbol\" data-listid=\"56\" data-list-defn-props=\"{&quot;335552541&quot;:1,&quot;335559683&quot;:0,&quot;335559684&quot;:-2,&quot;335559685&quot;:720,&quot;335559991&quot;:360,&quot;469769226&quot;:&quot;Symbol&quot;,&quot;469769242&quot;:[8226],&quot;469777803&quot;:&quot;left&quot;,&quot;469777804&quot;:&quot;\uf0b7&quot;,&quot;469777815&quot;:&quot;hybridMultilevel&quot;}\" aria-setsize=\"-1\" data-aria-posinset=\"1\" data-aria-level=\"1\"><span data-contrast=\"auto\">Outono \u2013 Inverno: agasalhos e sapatos confort\u00e1veis.\u00a0<\/span><span data-ccp-props=\"{&quot;201341983&quot;:0,&quot;335551550&quot;:6,&quot;335551620&quot;:6,&quot;335557856&quot;:16777215,&quot;335559740&quot;:276}\">\u00a0<\/span><\/li><\/ul><p><strong><span class=\"TextRun Underlined SCXW119483215 BCX8\" lang=\"ES-419\" xml:lang=\"ES-419\" data-contrast=\"auto\"><span class=\"NormalTextRun SCXW119483215 BCX8\">\u00a0<\/span><\/span><\/strong><\/p><p><strong><span class=\"TextRun Underlined SCXW119483215 BCX8\" lang=\"ES-419\" xml:lang=\"ES-419\" data-contrast=\"auto\"><span class=\"NormalTextRun SCXW119483215 BCX8\">Observa\u00e7\u00f5es:<\/span><\/span><\/strong><span class=\"TextRun SCXW119483215 BCX8\" lang=\"ES-419\" xml:lang=\"ES-419\" data-contrast=\"auto\"><span class=\"NormalTextRun SCXW119483215 BCX8\"> adegas e oliv\u00edcola sujeitas a disponibilidade\u00a0<\/span><\/span><span class=\"EOP SCXW119483215 BCX8\" data-ccp-props=\"{&quot;201341983&quot;:0,&quot;335551550&quot;:6,&quot;335551620&quot;:6,&quot;335557856&quot;:16777215,&quot;335559740&quot;:276}\">\u00a0<\/span><\/p><p><i><span data-contrast=\"auto\"><strong>Nota:<\/strong> passageiros hospedados fora do raio central, devem dirigir-se ao ponto indicado por Aymar\u00e1 Turismo\u00a0<\/span><\/i><span data-ccp-props=\"{&quot;201341983&quot;:0,&quot;335551550&quot;:6,&quot;335551620&quot;:6,&quot;335557856&quot;:16777215,&quot;335559685&quot;:0,&quot;335559740&quot;:276}\">\u00a0<\/span><\/p><p><i><span data-contrast=\"auto\">\u00a0<\/span><\/i><span data-ccp-props=\"{&quot;201341983&quot;:0,&quot;335551550&quot;:6,&quot;335551620&quot;:6,&quot;335557856&quot;:16777215,&quot;335559740&quot;:276}\">\u00a0<\/span><\/p>\t\t\t\t\t\t\t\t<\/div>\n\t\t\t\t<\/div>\n\t\t\t\t\t<\/div>\n\t\t<\/div>\n\t\t\t\t\t<\/div>\n\t\t<\/section>\n\t\t\t\t<\/div>","protected":false},"excerpt":{"rendered":"<p>Este recorrido est\u00e1 dise\u00f1ado para compartir y recrearse en un inolvidable d\u00eda de Vinos, en la zona vitivin\u00edcola de Maip\u00fa.<\/p>","protected":false},"featured_media":2995,"comment_status":"open","ping_status":"closed","template":"","meta":[],"product_brand":[],"product_cat":[20,246],"product_tag":[21,62,25,27,36],"dias":[248,591],"class_list":{"0":"post-323","1":"product","2":"type-product","3":"status-publish","4":"has-post-thumbnail","6":"product_cat-bodegas","7":"product_cat-mendoza","8":"product_tag-almuerzo","9":"product_tag-degustacion","10":"product_tag-fullday","11":"product_tag-maipu","12":"product_tag-vino","13":"dias-martes","14":"dias-sabados","16":"first","17":"instock","18":"shipping-taxable","19":"product-type-simple"},"booking_location":null,"booking_location_type":null,"booking_duration":null,"booking_duration_unit":null,"booking_buffer":null,"booking_cost":null,"booking_resources":null,"jetpack_sharing_enabled":true,"_links":{"self":[{"href":"https:\/\/aymaramendoza.com.ar\/pt\/wp-json\/wp\/v2\/product\/323","targetHints":{"allow":["GET"]}}],"collection":[{"href":"https:\/\/aymaramendoza.com.ar\/pt\/wp-json\/wp\/v2\/product"}],"about":[{"href":"https:\/\/aymaramendoza.com.ar\/pt\/wp-json\/wp\/v2\/types\/product"}],"replies":[{"embeddable":true,"href":"https:\/\/aymaramendoza.com.ar\/pt\/wp-json\/wp\/v2\/comments?post=323"}],"version-history":[{"count":18,"href":"https:\/\/aymaramendoza.com.ar\/pt\/wp-json\/wp\/v2\/product\/323\/revisions"}],"predecessor-version":[{"id":7304,"href":"https:\/\/aymaramendoza.com.ar\/pt\/wp-json\/wp\/v2\/product\/323\/revisions\/7304"}],"wp:featuredmedia":[{"embeddable":true,"href":"https:\/\/aymaramendoza.com.ar\/pt\/wp-json\/wp\/v2\/media\/2995"}],"wp:attachment":[{"href":"https:\/\/aymaramendoza.com.ar\/pt\/wp-json\/wp\/v2\/media?parent=323"}],"wp:term":[{"taxonomy":"product_brand","embeddable":true,"href":"https:\/\/aymaramendoza.com.ar\/pt\/wp-json\/wp\/v2\/product_brand?post=323"},{"taxonomy":"product_cat","embeddable":true,"href":"https:\/\/aymaramendoza.com.ar\/pt\/wp-json\/wp\/v2\/product_cat?post=323"},{"taxonomy":"product_tag","embeddable":true,"href":"https:\/\/aymaramendoza.com.ar\/pt\/wp-json\/wp\/v2\/product_tag?post=323"},{"taxonomy":"dias","embeddable":true,"href":"https:\/\/aymaramendoza.com.ar\/pt\/wp-json\/wp\/v2\/dias?post=323"}],"curies":[{"name":"wp","href":"https:\/\/api.w.org\/{rel}","templated":true}]}}