{"id":316,"date":"2020-05-07T11:13:45","date_gmt":"2020-05-07T14:13:45","guid":{"rendered":"http:\/\/gruporacobi.com\/aymara\/producto\/import-placeholder-for-360\/"},"modified":"2026-04-30T14:28:30","modified_gmt":"2026-04-30T17:28:30","slug":"canon-del-atuel-desde-mendoza","status":"publish","type":"product","link":"https:\/\/aymaramendoza.com.ar\/pt\/servicios\/canon-del-atuel-desde-mendoza\/","title":{"rendered":"Full Day a San Rafael &#8211; Desde MENDOZA"},"content":{"rendered":"<div data-elementor-type=\"product-post\" data-elementor-id=\"316\" class=\"elementor elementor-316\" data-elementor-post-type=\"product\">\n\t\t\t\t\t\t<section class=\"elementor-section elementor-top-section elementor-element elementor-element-6f3cf43 elementor-section-boxed elementor-section-height-default elementor-section-height-default\" data-id=\"6f3cf43\" data-element_type=\"section\" data-e-type=\"section\" data-settings=\"{&quot;jet_parallax_layout_list&quot;:[],&quot;ekit_has_onepagescroll_dot&quot;:&quot;yes&quot;}\">\n\t\t\t\t\t\t<div class=\"elementor-container elementor-column-gap-default\">\n\t\t\t\t\t<div class=\"elementor-column elementor-col-100 elementor-top-column elementor-element elementor-element-56b5250c\" data-id=\"56b5250c\" data-element_type=\"column\" data-e-type=\"column\">\n\t\t\t<div class=\"elementor-widget-wrap elementor-element-populated\">\n\t\t\t\t\t\t<div class=\"elementor-element elementor-element-3a69c03 elementor-widget elementor-widget-text-editor\" data-id=\"3a69c03\" data-element_type=\"widget\" data-e-type=\"widget\" data-settings=\"{&quot;ekit_we_effect_on&quot;:&quot;none&quot;}\" data-widget_type=\"text-editor.default\">\n\t\t\t\t<div class=\"elementor-widget-container\">\n\t\t\t\t\t\t\t\t\t<p><span data-contrast=\"auto\">O sul da prov\u00edncia surpreende quem a visita, e nesta excurs\u00e3o ao sul de mendoza, convida a caminhar por suas magn\u00edficas paisagens e suas grandes atra\u00e7\u00f5es naturais juntamente com a pegada do homem para a prov\u00edncia.<\/span><span data-ccp-props=\"{&quot;201341983&quot;:0,&quot;335551550&quot;:6,&quot;335551620&quot;:6,&quot;335559740&quot;:276}\">&nbsp;<\/span><\/p>\n<p><span data-ccp-props=\"{&quot;201341983&quot;:0,&quot;335551550&quot;:6,&quot;335551620&quot;:6,&quot;335559740&quot;:276}\">&nbsp;<\/span><span data-contrast=\"auto\">Saldremos a primera hora de la ma\u00f1ana rumbo al Sur de la provincia. Espec\u00edficamente a 230km de la ciudad, nos espera el departamento de San Rafael, donde realizaremos un City Tour por la ciudad, para luego dirigirnos al embalse Valle Grande, donde podremos apreciar sus atractivos naturales, que ofrecen una incre\u00edble combinaci\u00f3n de colores y formas producidas en sus paredes rocosas, como El Fantasma\u201d, \u201cEl Valle de los Monjes Perdidos\u201d o \u201cMesa de las brujas\u201d, entre otras. &nbsp;En el Valle, tendremos tiempo para descansar y disfrutar de un almuerzo (no incluido), as\u00ed como de las actividades opcionales que se pueden realizan all\u00ed. (Catamar\u00e1n, Rafting, canopy y puentes colgantes.).<\/span><\/p>\n<p><span data-contrast=\"auto\">Terminado o passeio, voltamos para a cidade de Mendoza. <\/span><span data-ccp-props=\"{&quot;201341983&quot;:0,&quot;335551550&quot;:6,&quot;335551620&quot;:6,&quot;335559740&quot;:276}\">&nbsp;<\/span><\/p>\n<ul>\n<li><strong>Sa\u00eddas regulares:<\/strong> jueves &#8211; domingo (<u>Salidas en privado<\/u>: todos los d\u00edas. Consultar con agencia).&nbsp;<\/li>\n<li><strong>Hora:<\/strong> A partir das 07 hs<\/li>\n<li><strong>Que llevar: <\/strong>Agua, calzado deportivo y ojotas, traje de ba\u00f1o, sombrero, protector solar, toalla, c\u00e1mara de fotos o celular y mucha, mucha onda para \u00e9ste espectacular tour a los lagos m\u00e1s bellos del oasis sur mendocino.&nbsp; &nbsp; &nbsp; &nbsp; &nbsp; &nbsp; &nbsp; &nbsp; &nbsp; &nbsp; &nbsp; &nbsp; &nbsp; &nbsp; &nbsp; &nbsp; &nbsp; &nbsp; &nbsp; &nbsp; &nbsp; &nbsp; &nbsp; &nbsp; &nbsp; &nbsp; &nbsp; &nbsp; &nbsp; &nbsp; &nbsp; &nbsp; &nbsp; &nbsp; &nbsp; &nbsp; &nbsp; &nbsp; &nbsp; &nbsp; &nbsp; &nbsp; &nbsp; &nbsp; &nbsp; &nbsp; &nbsp; &nbsp; &nbsp; &nbsp; &nbsp; &nbsp; &nbsp; &nbsp; &nbsp; &nbsp; &nbsp; &nbsp;&nbsp;<\/li><\/ul><b><br><\/b><b style=\"background-color: transparent;\">Notas:&nbsp;&nbsp;<\/b><span style=\"background-color: transparent;\">Pasajeros alojados fuera del radio c\u00e9ntrico, deben dirigirse al hotel m\u00e1s pr\u00f3ximo indicado por el personal de &nbsp;Aymar\u00e1 Turismo.&nbsp; &nbsp; &nbsp; &nbsp; &nbsp; &nbsp; &nbsp; &nbsp; &nbsp; &nbsp; &nbsp; &nbsp; &nbsp; &nbsp; &nbsp;&nbsp;<\/span><br>\n<p><\/p>\n<p><strong>\u00a1Aclaraci\u00f3n!<\/strong><\/p>\n<p><em>Como es de p\u00fablico conocimiento al d\u00eda de la fecha (13\/01\/2025), el camino del Ca\u00f1\u00f3n del Atuel est\u00e1 derrumbado en la conexi\u00f3n entre El Nihuil con el embalse Valle Grande por las fuertes tormentas. El complejo hidroel\u00e9ctrico Los Nihuiles, sufri\u00f3 da\u00f1os que los paralizar\u00e1n por meses por lo cual la excursi\u00f3n cambiar\u00e1 el recorrido original siempre respetando el mejor servicio posible. La excursi\u00f3n se seguir\u00e1 operando reemplazando el interior del mismo y el dique Nihuil anexando la visita al fabuloso dique Los Reyunos + Ciudad de San Rafael + Valle Grande en el mism\u00edsimo Ca\u00f1\u00f3n del Atuel.&nbsp;<\/em><\/p>\t\t\t\t\t\t\t\t<\/div>\n\t\t\t\t<\/div>\n\t\t\t\t\t<\/div>\n\t\t<\/div>\n\t\t\t\t\t<\/div>\n\t\t<\/section>\n\t\t\t\t<section class=\"elementor-section elementor-top-section elementor-element elementor-element-2111d43 elementor-section-boxed elementor-section-height-default elementor-section-height-default\" data-id=\"2111d43\" data-element_type=\"section\" data-e-type=\"section\" data-settings=\"{&quot;jet_parallax_layout_list&quot;:[],&quot;ekit_has_onepagescroll_dot&quot;:&quot;yes&quot;}\">\n\t\t\t\t\t\t<div class=\"elementor-container elementor-column-gap-default\">\n\t\t\t\t\t<div class=\"elementor-column elementor-col-100 elementor-top-column elementor-element elementor-element-7279ae9\" data-id=\"7279ae9\" data-element_type=\"column\" data-e-type=\"column\">\n\t\t\t<div class=\"elementor-widget-wrap\">\n\t\t\t\t\t\t\t<\/div>\n\t\t<\/div>\n\t\t\t\t\t<\/div>\n\t\t<\/section>\n\t\t\t\t<\/div>","protected":false},"excerpt":{"rendered":"<p>Disfruta de los hermosos paisajes que ofrece el Sur mendocino, en un recorrido hacia el Dique Valle Grande y sus alrededores.<\/p>","protected":false},"featured_media":3743,"comment_status":"open","ping_status":"closed","template":"","meta":[],"product_brand":[],"product_cat":[203,246],"product_tag":[52,53,54,55],"dias":[],"class_list":{"0":"post-316","1":"product","2":"type-product","3":"status-publish","4":"has-post-thumbnail","6":"product_cat-convencionales","7":"product_cat-mendoza","8":"product_tag-atuel","9":"product_tag-rio","10":"product_tag-sanrafael","11":"product_tag-sur","13":"first","14":"instock","15":"shipping-taxable","16":"product-type-simple"},"booking_location":null,"booking_location_type":null,"booking_duration":null,"booking_duration_unit":null,"booking_buffer":null,"booking_cost":null,"booking_resources":null,"jetpack_sharing_enabled":true,"_links":{"self":[{"href":"https:\/\/aymaramendoza.com.ar\/pt\/wp-json\/wp\/v2\/product\/316","targetHints":{"allow":["GET"]}}],"collection":[{"href":"https:\/\/aymaramendoza.com.ar\/pt\/wp-json\/wp\/v2\/product"}],"about":[{"href":"https:\/\/aymaramendoza.com.ar\/pt\/wp-json\/wp\/v2\/types\/product"}],"replies":[{"embeddable":true,"href":"https:\/\/aymaramendoza.com.ar\/pt\/wp-json\/wp\/v2\/comments?post=316"}],"version-history":[{"count":21,"href":"https:\/\/aymaramendoza.com.ar\/pt\/wp-json\/wp\/v2\/product\/316\/revisions"}],"predecessor-version":[{"id":7596,"href":"https:\/\/aymaramendoza.com.ar\/pt\/wp-json\/wp\/v2\/product\/316\/revisions\/7596"}],"wp:featuredmedia":[{"embeddable":true,"href":"https:\/\/aymaramendoza.com.ar\/pt\/wp-json\/wp\/v2\/media\/3743"}],"wp:attachment":[{"href":"https:\/\/aymaramendoza.com.ar\/pt\/wp-json\/wp\/v2\/media?parent=316"}],"wp:term":[{"taxonomy":"product_brand","embeddable":true,"href":"https:\/\/aymaramendoza.com.ar\/pt\/wp-json\/wp\/v2\/product_brand?post=316"},{"taxonomy":"product_cat","embeddable":true,"href":"https:\/\/aymaramendoza.com.ar\/pt\/wp-json\/wp\/v2\/product_cat?post=316"},{"taxonomy":"product_tag","embeddable":true,"href":"https:\/\/aymaramendoza.com.ar\/pt\/wp-json\/wp\/v2\/product_tag?post=316"},{"taxonomy":"dias","embeddable":true,"href":"https:\/\/aymaramendoza.com.ar\/pt\/wp-json\/wp\/v2\/dias?post=316"}],"curies":[{"name":"wp","href":"https:\/\/api.w.org\/{rel}","templated":true}]}}