{"id":315,"date":"2020-05-07T11:13:45","date_gmt":"2020-05-07T14:13:45","guid":{"rendered":"http:\/\/gruporacobi.com\/aymara\/producto\/import-placeholder-for-359\/"},"modified":"2024-10-02T11:54:18","modified_gmt":"2024-10-02T14:54:18","slug":"wine-and-bike-experiencia-terrada-en-lujan","status":"publish","type":"product","link":"https:\/\/aymaramendoza.com.ar\/pt\/servicios\/wine-and-bike-experiencia-terrada-en-lujan\/","title":{"rendered":"Wine and Bike \u2013 Experi\u00eancia Carolino -Luj\u00e1n de Cuyo"},"content":{"rendered":"<p>Percorremos as belas ruas de Luj\u00e1n de Cuyo. Realizamos a 3 paragens, realizamos visita e degusta\u00e7\u00e3o em 2 adegas.<br \/>\nInclui, al\u00e9m disso, especial almo\u00e7o de 6 etapas.<br \/>\nEsta experi\u00eancia inclui:<\/p>\n<ul>\n<li>Bicicleta, coordenador tur\u00edstico, seguro de responsabilidade civil contra terceiros, assist\u00eancia m\u00e9dica e mec\u00e2nica.<\/li>\n<li>Visita guiada \u00e0 adega e museu + degusta\u00e7\u00e3o com a propriet\u00e1ria da adega Vinorum \u2013 10:00 \u00e0s 12:00 hs.<br \/>\nCurso de vinhedos.<\/li>\n<li>Almo\u00e7o 6 passos maridados com 5 copos de vinho na micro-adega Casa Vermelh\u00e3o. Cozinha camponesa com vinhos de edi\u00e7\u00e3o muito limitada.<\/li>\n<li>\u00a0Volta para os vinhedos da bodega Vinorum<\/li>\n<\/ul>\n<p>120 quil\u00f4metros<br \/>\nCurso de vinhedos e via p\u00fablica<\/p>\n<p><u>Sa\u00eddas regulares:<\/u> de segunda-feira a s\u00e1bado<br \/>\n<u>Hora:<\/u> a partir das 09:30hs<br \/>\n<u>Dura\u00e7\u00e3o:<\/u> todo o dia \u2013 sa\u00eddas durante todo o ano<\/p>\n<p>&nbsp;<\/p>\n<p>&nbsp;<\/p>","protected":false},"excerpt":{"rendered":"<p>Percorremos as belas ruas de Luj\u00e1n de Cuyo, realizando visitas e degusta\u00e7\u00f5es nas vin\u00edcolas.<\/p>\n<p>&nbsp;<\/p>\n<p>&nbsp;<\/p>","protected":false},"featured_media":5330,"comment_status":"open","ping_status":"closed","template":"","meta":[],"product_brand":[],"product_cat":[72,246],"product_tag":[93,23,36],"dias":[],"class_list":{"0":"post-315","1":"product","2":"type-product","3":"status-publish","4":"has-post-thumbnail","6":"product_cat-aventura","7":"product_cat-mendoza","8":"product_tag-aventura","9":"product_tag-bodegas","10":"product_tag-vino","12":"first","13":"instock","14":"shipping-taxable","15":"product-type-simple"},"booking_location":null,"booking_location_type":null,"booking_duration":null,"booking_duration_unit":null,"booking_buffer":null,"booking_cost":null,"booking_resources":null,"jetpack_sharing_enabled":true,"_links":{"self":[{"href":"https:\/\/aymaramendoza.com.ar\/pt\/wp-json\/wp\/v2\/product\/315","targetHints":{"allow":["GET"]}}],"collection":[{"href":"https:\/\/aymaramendoza.com.ar\/pt\/wp-json\/wp\/v2\/product"}],"about":[{"href":"https:\/\/aymaramendoza.com.ar\/pt\/wp-json\/wp\/v2\/types\/product"}],"replies":[{"embeddable":true,"href":"https:\/\/aymaramendoza.com.ar\/pt\/wp-json\/wp\/v2\/comments?post=315"}],"version-history":[{"count":12,"href":"https:\/\/aymaramendoza.com.ar\/pt\/wp-json\/wp\/v2\/product\/315\/revisions"}],"predecessor-version":[{"id":6463,"href":"https:\/\/aymaramendoza.com.ar\/pt\/wp-json\/wp\/v2\/product\/315\/revisions\/6463"}],"wp:featuredmedia":[{"embeddable":true,"href":"https:\/\/aymaramendoza.com.ar\/pt\/wp-json\/wp\/v2\/media\/5330"}],"wp:attachment":[{"href":"https:\/\/aymaramendoza.com.ar\/pt\/wp-json\/wp\/v2\/media?parent=315"}],"wp:term":[{"taxonomy":"product_brand","embeddable":true,"href":"https:\/\/aymaramendoza.com.ar\/pt\/wp-json\/wp\/v2\/product_brand?post=315"},{"taxonomy":"product_cat","embeddable":true,"href":"https:\/\/aymaramendoza.com.ar\/pt\/wp-json\/wp\/v2\/product_cat?post=315"},{"taxonomy":"product_tag","embeddable":true,"href":"https:\/\/aymaramendoza.com.ar\/pt\/wp-json\/wp\/v2\/product_tag?post=315"},{"taxonomy":"dias","embeddable":true,"href":"https:\/\/aymaramendoza.com.ar\/pt\/wp-json\/wp\/v2\/dias?post=315"}],"curies":[{"name":"wp","href":"https:\/\/api.w.org\/{rel}","templated":true}]}}