{"id":314,"date":"2020-05-07T11:13:45","date_gmt":"2020-05-07T14:13:45","guid":{"rendered":"http:\/\/gruporacobi.com\/aymara\/producto\/import-placeholder-for-358\/"},"modified":"2024-12-20T09:32:23","modified_gmt":"2024-12-20T12:32:23","slug":"clase-de-cocina-en-mendoza","status":"publish","type":"product","link":"https:\/\/aymaramendoza.com.ar\/pt\/servicios\/clase-de-cocina-en-mendoza\/","title":{"rendered":"Cooking Class Zona Centro"},"content":{"rendered":"<p><span class=\"TextRun SCXW29797266 BCX8\" lang=\"ES-419\" xml:lang=\"ES-419\" data-contrast=\"auto\"><span class=\"NormalTextRun SCXW29797266 BCX8\">Os<\/span><span class=\"NormalTextRun SCXW29797266 BCX8\"> vinhos mendocinos s\u00e3o os indicados para harmonizar com os diversos pratos tradicionais argentinos, \u00e9 por isso que convidamos voc\u00ea para uma aula de culin\u00e1ria para aprender a fazer as comidas argentinas mais tradicionais. Uma experi\u00eancia para saber como usar <\/span><span class=\"NormalTextRun SCXW29797266 BCX8\">outras mat\u00e9rias-prima que crescem na nossa terra.<\/span><\/span><\/p>\n<p><span class=\"EOP SCXW29797266 BCX8\" data-ccp-props=\"{&quot;201341983&quot;:0,&quot;335551550&quot;:6,&quot;335551620&quot;:6,&quot;335559740&quot;:276}\"><span class=\"TextRun SCXW203513663 BCX8\" lang=\"ES-419\" xml:lang=\"ES-419\" data-contrast=\"auto\"><span class=\"NormalTextRun SCXW203513663 BCX8\">Pela manh\u00e3 sairemos com destino ao o\u00e1sis central vit\u00edcola, departamentos de Maip\u00fa e Luj\u00e1n de Cuyo, para a adega. Uma vez na vin\u00edcola, teremos uma aula de culin\u00e1ria onde nos ensinam a usar os produtos regionais de mendoza para desenvolver pratos tradicionais e degust\u00e1-los em um almo\u00e7o com os vinhos da adega. Visitaremos a vin\u00edcola onde nos explicar o processo de elabora\u00e7\u00e3o de seus vinhos. Regresso ao hotel.<\/span><\/span><span class=\"EOP SCXW203513663 BCX8\" data-ccp-props=\"{&quot;201341983&quot;:0,&quot;335551550&quot;:6,&quot;335551620&quot;:6,&quot;335559740&quot;:276}\">\u00a0<\/span>\u00a0<\/span><\/p>\n<ul>\n<li><strong>Sa\u00eddas:<\/strong> A consultar<\/li>\n<li><strong>Hora<\/strong><span data-contrast=\"auto\">: a partir das 9:00 hs<\/span><span data-ccp-props=\"{&quot;201341983&quot;:0,&quot;335551550&quot;:6,&quot;335551620&quot;:6,&quot;335559740&quot;:276}\">\u00a0<\/span><\/li>\n<li><strong>Dura\u00e7\u00e3o<\/strong><span data-contrast=\"auto\"><strong>:<\/strong> todo o dia \u2013 sa\u00eddas durante todo o ano<\/span><span data-ccp-props=\"{&quot;201341983&quot;:0,&quot;335551550&quot;:6,&quot;335551620&quot;:6,&quot;335559740&quot;:276}\">\u00a0<\/span><\/li>\n<li><strong><span class=\"TextRun Underlined SCXW175957084 BCX8\" lang=\"ES-419\" xml:lang=\"ES-419\" data-contrast=\"auto\"><span class=\"NormalTextRun SCXW175957084 BCX8\">Posibles Bodegas<\/span><\/span><\/strong><span class=\"TextRun SCXW175957084 BCX8\" lang=\"ES-419\" xml:lang=\"ES-419\" data-contrast=\"auto\"><span class=\"NormalTextRun SCXW175957084 BCX8\"><strong>:<\/strong> Santa Julia, Terraza de los Andes<\/span><span class=\"NormalTextRun SCXW175957084 BCX8\">,<\/span><span class=\"NormalTextRun SCXW175957084 BCX8\"> Susana Balbo (sujeto a disponibilidad)<\/span><\/span><span class=\"EOP SCXW175957084 BCX8\" data-ccp-props=\"{}\">\u00a0<\/span><\/li>\n<\/ul>\n<p>&nbsp;<\/p>\n<p><em><strong>Nota:<\/strong><\/em> pasajeros alojados fuera del radio c\u00e9ntrico, consultar por tarifas y modalidad.<\/p>","protected":false},"excerpt":{"rendered":"<p>Una clase de cocina donde nos ense\u00f1ar\u00e1n a utilizar los productos regionales mendocinos para desarrollar platos tradicionales, mientras disfrutamos de exquisitos vinos.<\/p>","protected":false},"featured_media":5309,"comment_status":"open","ping_status":"closed","template":"","meta":[],"product_brand":[],"product_cat":[20,246],"product_tag":[21,22,43,44,28,45,36],"dias":[],"class_list":{"0":"post-314","1":"product","2":"type-product","3":"status-publish","4":"has-post-thumbnail","6":"product_cat-bodegas","7":"product_cat-mendoza","8":"product_tag-almuerzo","9":"product_tag-bodega","10":"product_tag-clase","11":"product_tag-cocina","12":"product_tag-mendoza","13":"product_tag-restaurante","14":"product_tag-vino","16":"first","17":"instock","18":"shipping-taxable","19":"product-type-simple"},"booking_location":null,"booking_location_type":null,"booking_duration":null,"booking_duration_unit":null,"booking_buffer":null,"booking_cost":null,"booking_resources":null,"jetpack_sharing_enabled":true,"_links":{"self":[{"href":"https:\/\/aymaramendoza.com.ar\/pt\/wp-json\/wp\/v2\/product\/314","targetHints":{"allow":["GET"]}}],"collection":[{"href":"https:\/\/aymaramendoza.com.ar\/pt\/wp-json\/wp\/v2\/product"}],"about":[{"href":"https:\/\/aymaramendoza.com.ar\/pt\/wp-json\/wp\/v2\/types\/product"}],"replies":[{"embeddable":true,"href":"https:\/\/aymaramendoza.com.ar\/pt\/wp-json\/wp\/v2\/comments?post=314"}],"version-history":[{"count":8,"href":"https:\/\/aymaramendoza.com.ar\/pt\/wp-json\/wp\/v2\/product\/314\/revisions"}],"predecessor-version":[{"id":6757,"href":"https:\/\/aymaramendoza.com.ar\/pt\/wp-json\/wp\/v2\/product\/314\/revisions\/6757"}],"wp:featuredmedia":[{"embeddable":true,"href":"https:\/\/aymaramendoza.com.ar\/pt\/wp-json\/wp\/v2\/media\/5309"}],"wp:attachment":[{"href":"https:\/\/aymaramendoza.com.ar\/pt\/wp-json\/wp\/v2\/media?parent=314"}],"wp:term":[{"taxonomy":"product_brand","embeddable":true,"href":"https:\/\/aymaramendoza.com.ar\/pt\/wp-json\/wp\/v2\/product_brand?post=314"},{"taxonomy":"product_cat","embeddable":true,"href":"https:\/\/aymaramendoza.com.ar\/pt\/wp-json\/wp\/v2\/product_cat?post=314"},{"taxonomy":"product_tag","embeddable":true,"href":"https:\/\/aymaramendoza.com.ar\/pt\/wp-json\/wp\/v2\/product_tag?post=314"},{"taxonomy":"dias","embeddable":true,"href":"https:\/\/aymaramendoza.com.ar\/pt\/wp-json\/wp\/v2\/dias?post=314"}],"curies":[{"name":"wp","href":"https:\/\/api.w.org\/{rel}","templated":true}]}}