{"id":1208,"date":"2020-07-06T23:18:55","date_gmt":"2020-07-07T02:18:55","guid":{"rendered":"http:\/\/aymaramendoza.com.ar\/?post_type=product&#038;p=1208"},"modified":"2024-10-01T13:52:29","modified_gmt":"2024-10-01T16:52:29","slug":"mendoza-a-la-carta-sin-alojamiento","status":"publish","type":"product","link":"https:\/\/aymaramendoza.com.ar\/pt\/servicios\/mendoza-a-la-carta-sin-alojamiento\/","title":{"rendered":"Pacote Mendoza a Carta \u2013 com Alojamento"},"content":{"rendered":"<p><strong><em>Pacote Mendoza com a Carta\u00a0<\/em><\/strong><\/p>\n<p>Atividade com uma estadia de 4 dias\/3 noites<\/p>\n<p>Descobri a ess\u00eancia de Mendoza em um pacote que te convida a conhecer os principais pontos de Mendoza e degustar os melhores vinhos da regi\u00e3o.<\/p>\n<p><b>1\u00ba <em>Dia<\/em> &#8211; <\/b>Recep\u00e7\u00e3o no aeroporto ou terminal de \u00f4nibus e traslado ao hotel.<\/p>\n<p><em><b>2\u00ba Dia \u2013\u00a0<\/b><\/em><span style=\"font-weight: 400;\">Pequeno-almo\u00e7o. Pela manh\u00e3 visitaremos a cidade de Mendoza, uma das mais belas do pa\u00eds. Come\u00e7aremos por toda a cidade antiga, local onde fora fundada; passaremos pela alameda, cidade com Pra\u00e7a de Independ\u00eancia e seus quatro pra\u00e7as sat\u00e9lites, Bairro C\u00edvico, e, em seguida, o Parque General San Mart\u00edn com o Cerro de la Gloria, Est\u00e1dio Mundialista e anfiteatro Frank Romero Day, cen\u00e1rio do ato central da Festa Nacional da Vindima. Almo\u00e7o e tarde livre.\u00a0<\/span><\/p>\n<p><b>3\u00ba <em>Dia \u2013<\/em> <\/b><span style=\"font-weight: 400;\">Pequeno-almo\u00e7o. Sa\u00edda para o o\u00e1sis vitivin\u00edcola central para visitar 2 vin\u00edcolas e degustar seus vinhos. Passeio por suas instala\u00e7\u00f5es, para conhecer a hist\u00f3ria de cada uma delas, as etapas da elabora\u00e7\u00e3o do vinho, passaremos por suas cavas onde os vinhos repousam em barricas de carvalho e finalizar as visitas degustando o produto final de um \u00e1rduo trabalho. Ao meio-dia desfrutaremos de um almo\u00e7o t\u00edpico acompanhado com as melhores variedades de uvas da casa. Pela tarde, regresso \u00e0 cidade depois de ter compartilhado um dia maravilhoso de vinhos.<\/span><\/p>\n<p><b>4\u00ba<em> Dia<\/em> &#8211;\u00a0<\/b><span style=\"font-weight: 400;\">Pequeno-almo\u00e7o e check out. Em hor\u00e1rio combinado, traslado do hotel para o aeroporto ou terminal de \u00f4nibus de Mendoza.\u00a0<\/span><\/p>\n<p>&nbsp;<\/p>","protected":false},"excerpt":{"rendered":"<p>Descobri a ess\u00eancia de Mendoza em um pacote que te convida a conhecer os principais pontos de Mendoza e degustar os melhores vinhos da regi\u00e3o.<\/p>","protected":false},"featured_media":5209,"comment_status":"open","ping_status":"closed","template":"","meta":[],"product_brand":[],"product_cat":[194],"product_tag":[211],"dias":[],"class_list":{"0":"post-1208","1":"product","2":"type-product","3":"status-publish","4":"has-post-thumbnail","6":"product_cat-paquetes","7":"product_tag-vendimia","9":"first","10":"instock","11":"shipping-taxable","12":"product-type-simple"},"booking_location":null,"booking_location_type":null,"booking_duration":null,"booking_duration_unit":null,"booking_buffer":null,"booking_cost":null,"booking_resources":null,"jetpack_sharing_enabled":true,"_links":{"self":[{"href":"https:\/\/aymaramendoza.com.ar\/pt\/wp-json\/wp\/v2\/product\/1208","targetHints":{"allow":["GET"]}}],"collection":[{"href":"https:\/\/aymaramendoza.com.ar\/pt\/wp-json\/wp\/v2\/product"}],"about":[{"href":"https:\/\/aymaramendoza.com.ar\/pt\/wp-json\/wp\/v2\/types\/product"}],"replies":[{"embeddable":true,"href":"https:\/\/aymaramendoza.com.ar\/pt\/wp-json\/wp\/v2\/comments?post=1208"}],"version-history":[{"count":9,"href":"https:\/\/aymaramendoza.com.ar\/pt\/wp-json\/wp\/v2\/product\/1208\/revisions"}],"predecessor-version":[{"id":6434,"href":"https:\/\/aymaramendoza.com.ar\/pt\/wp-json\/wp\/v2\/product\/1208\/revisions\/6434"}],"wp:featuredmedia":[{"embeddable":true,"href":"https:\/\/aymaramendoza.com.ar\/pt\/wp-json\/wp\/v2\/media\/5209"}],"wp:attachment":[{"href":"https:\/\/aymaramendoza.com.ar\/pt\/wp-json\/wp\/v2\/media?parent=1208"}],"wp:term":[{"taxonomy":"product_brand","embeddable":true,"href":"https:\/\/aymaramendoza.com.ar\/pt\/wp-json\/wp\/v2\/product_brand?post=1208"},{"taxonomy":"product_cat","embeddable":true,"href":"https:\/\/aymaramendoza.com.ar\/pt\/wp-json\/wp\/v2\/product_cat?post=1208"},{"taxonomy":"product_tag","embeddable":true,"href":"https:\/\/aymaramendoza.com.ar\/pt\/wp-json\/wp\/v2\/product_tag?post=1208"},{"taxonomy":"dias","embeddable":true,"href":"https:\/\/aymaramendoza.com.ar\/pt\/wp-json\/wp\/v2\/dias?post=1208"}],"curies":[{"name":"wp","href":"https:\/\/api.w.org\/{rel}","templated":true}]}}