{"id":1194,"date":"2020-07-06T21:59:00","date_gmt":"2020-07-07T00:59:00","guid":{"rendered":"http:\/\/aymaramendoza.com.ar\/?post_type=product&#038;p=1194"},"modified":"2024-10-09T12:39:56","modified_gmt":"2024-10-09T15:39:56","slug":"full-experience-sin-alojamiento","status":"publish","type":"product","link":"https:\/\/aymaramendoza.com.ar\/pt\/servicios\/full-experience-sin-alojamiento\/","title":{"rendered":"Pacote Mendoza Full Experience \u2013 sem Alojamento"},"content":{"rendered":"<p><b><em>Pacote Full Experience<\/em> sem Alojamento<strong><em> \u2013 sem Alojamento<\/em><\/strong><\/b><\/p>\n<p>Atividade 5 dias\/4 noites<\/p>\n<p><strong>Inclui:<\/strong><\/p>\n<ul>\n<li>Transfer in \/ out aeroporto ou terminal de \u00f4nibus, e traslado ao Hotel.<\/li>\n<li>Excurs\u00e3o cidade e perto de meio dia em regular. Onde visitaremos a Cidade de Mendoza, uma das mais belas do pa\u00eds. Come\u00e7ando pela cidade antiga, local onde foi fundada, passando pela Alameda, cidade com Pra\u00e7a de Independ\u00eancia e seus quatro pra\u00e7as sat\u00e9lites, Bairro C\u00edvico, e, em seguida, o majestoso Parque General San Martin com o Cerro de la Gloria, Est\u00e1dio Mundialista e Teatro Grego Frank Romero Day, cen\u00e1rio do ato central de reconhecida a Festa Nacional da Vindima.<\/li>\n<li>Excurs\u00e3o de vinho e Azeitonas (meio-dia) regular. Sa\u00edda para o o\u00e1sis vitivin\u00edcola de mendoza para visitar 2 vin\u00edcolas e degustar seus vinhos. Aprenderemos sobre os vinhos mendocinos, seus processos de elabora\u00e7\u00e3o e os sistemas de condu\u00e7\u00e3o da vid. Posteriormente, visita a uma f\u00e1brica de \u00f3leo de oliva, onde podemos observar o processo de elabora\u00e7\u00e3o deste produto.<\/li>\n<li>Passeio Alta Montanha regular, onde passaremos por paisagens extraordin\u00e1rias, tais como Potrerillos e Uspallata. Chegaremos ao centro de esqui Los Penitentes e, pouco depois, a Ponte do Inca. Faremos uma parada em Mirante do Aconc\u00e1gua, para desfrutar das suas paisagens. Finalmente visitaremos a cidade Das Cavernas (limite com o Chile a 3200 msns), e se o clima e as condi\u00e7\u00f5es do caminho que o permitem, culminaremos a excurs\u00e3o com uma visita ao monumento do Cristo Redentor.<em> N\u00e3o inclui almo\u00e7o<\/em>.<\/li>\n<\/ul>\n<p><strong>N\u00e3o inclui hospedagem\u00a0<\/strong>(requer o m\u00ednimo de 04 noites, ver os melhores pre\u00e7os em Tarifas de HOT\u00c9IS, de acordo com a temporada).<\/p>","protected":false},"excerpt":{"rendered":"<p>Vivi uma combina\u00e7\u00e3o perfeita de atividades para conhecer e experimentar o melhor da regi\u00e3o.<\/p>","protected":false},"featured_media":5338,"comment_status":"open","ping_status":"closed","template":"","meta":[],"product_brand":[],"product_cat":[246,194],"product_tag":[209],"dias":[],"class_list":{"0":"post-1194","1":"product","2":"type-product","3":"status-publish","4":"has-post-thumbnail","6":"product_cat-mendoza","7":"product_cat-paquetes","8":"product_tag-paquete-mendoza","10":"first","11":"instock","12":"shipping-taxable","13":"product-type-simple"},"booking_location":null,"booking_location_type":null,"booking_duration":null,"booking_duration_unit":null,"booking_buffer":null,"booking_cost":null,"booking_resources":null,"jetpack_sharing_enabled":true,"_links":{"self":[{"href":"https:\/\/aymaramendoza.com.ar\/pt\/wp-json\/wp\/v2\/product\/1194","targetHints":{"allow":["GET"]}}],"collection":[{"href":"https:\/\/aymaramendoza.com.ar\/pt\/wp-json\/wp\/v2\/product"}],"about":[{"href":"https:\/\/aymaramendoza.com.ar\/pt\/wp-json\/wp\/v2\/types\/product"}],"replies":[{"embeddable":true,"href":"https:\/\/aymaramendoza.com.ar\/pt\/wp-json\/wp\/v2\/comments?post=1194"}],"version-history":[{"count":5,"href":"https:\/\/aymaramendoza.com.ar\/pt\/wp-json\/wp\/v2\/product\/1194\/revisions"}],"predecessor-version":[{"id":6311,"href":"https:\/\/aymaramendoza.com.ar\/pt\/wp-json\/wp\/v2\/product\/1194\/revisions\/6311"}],"wp:featuredmedia":[{"embeddable":true,"href":"https:\/\/aymaramendoza.com.ar\/pt\/wp-json\/wp\/v2\/media\/5338"}],"wp:attachment":[{"href":"https:\/\/aymaramendoza.com.ar\/pt\/wp-json\/wp\/v2\/media?parent=1194"}],"wp:term":[{"taxonomy":"product_brand","embeddable":true,"href":"https:\/\/aymaramendoza.com.ar\/pt\/wp-json\/wp\/v2\/product_brand?post=1194"},{"taxonomy":"product_cat","embeddable":true,"href":"https:\/\/aymaramendoza.com.ar\/pt\/wp-json\/wp\/v2\/product_cat?post=1194"},{"taxonomy":"product_tag","embeddable":true,"href":"https:\/\/aymaramendoza.com.ar\/pt\/wp-json\/wp\/v2\/product_tag?post=1194"},{"taxonomy":"dias","embeddable":true,"href":"https:\/\/aymaramendoza.com.ar\/pt\/wp-json\/wp\/v2\/dias?post=1194"}],"curies":[{"name":"wp","href":"https:\/\/api.w.org\/{rel}","templated":true}]}}