{"id":1192,"date":"2020-07-06T21:48:32","date_gmt":"2020-07-07T00:48:32","guid":{"rendered":"http:\/\/aymaramendoza.com.ar\/?post_type=product&#038;p=1192"},"modified":"2024-09-10T09:38:05","modified_gmt":"2024-09-10T12:38:05","slug":"mendoza-clasico","status":"publish","type":"product","link":"https:\/\/aymaramendoza.com.ar\/pt\/servicios\/mendoza-clasico\/","title":{"rendered":"PACOTE MENDOZA CL\u00c1SSICA \u2013 com Alojamento"},"content":{"rendered":"<p><em><b>Pacote Mendoza Cl\u00e1ssica\u00a0<\/b><\/em><\/p>\n<p>Atividades com uma estadia de 4 dias \/3 noites<\/p>\n<p><em><strong>1\u00b0 DIA \u2013 <\/strong><\/em>Recep\u00e7\u00e3o no aeroporto e traslado ao hotel selecionado.<\/p>\n<p><em><strong>2\u00b0 DIA \u2013\u00a0<\/strong><\/em>Pequeno-almo\u00e7o. Come\u00e7aremos por parte antiga da cidade, local onde foi fundada, conheceremos a hist\u00f3ria que levou os mendocinos a reconstruir a cidade mais perto do p\u00e9 da cordilheira. Continuaremos o passeio Alameda at\u00e9 chegar ao centro. Nos dirigimos ao ic\u00f3nico parque General San Mart\u00edn, um dos parques mais grande da Argentina, dentro do qual podemos observar o Cerro de la Gloria, passando pelo est\u00e1dio do mundial Malvinas Argentinas e o anfiteatro grego Frank Romero Day, cen\u00e1rio do ato central da Festa Nacional da Vindima. Depois voltaremos ao centro da Cidade.<\/p>\n<p>\u00c0 tarde, sa\u00edda para o o\u00e1sis vitivin\u00edcola de mendoza para as Adegas e oliva, visitando 2 vin\u00edcolas e provar os seus vinhos. Aprenderemos sobre os vinhos mendocinos, seus processos de elabora\u00e7\u00e3o e os sistemas de condu\u00e7\u00e3o da vid. Posteriormente, visita a uma f\u00e1brica de \u00f3leo de oliva, onde podemos observar o processo de elabora\u00e7\u00e3o deste produto. Retorno ao hotel<\/p>\n<p><em><strong>3\u00b0 DIA<\/strong> <\/em>&#8211; <span style=\"font-weight: 400;\">Pequeno-almo\u00e7o. Dia livre, voc\u00ea pode contratar diversas atividades:<\/span><\/p>\n<ul>\n<li style=\"font-weight: 400;\" aria-level=\"1\"><span style=\"font-weight: 400;\">Transporte a adega com almo\u00e7o.<\/span><\/li>\n<li style=\"font-weight: 400;\" aria-level=\"1\"><span style=\"font-weight: 400;\">Full Day Spa Termas de Cacheuta.<\/span><\/li>\n<li style=\"font-weight: 400;\" aria-level=\"1\"><span style=\"font-weight: 400;\">Passeio Alta Montanha regular.<\/span><\/li>\n<li style=\"font-weight: 400;\" aria-level=\"1\"><span style=\"font-weight: 400;\">Cavalgada ao p\u00f4r do sol com um churrasco.<\/span><\/li>\n<\/ul>\n<p><em><strong>4\u00b0 DIA \u2013 <\/strong><\/em>Pequeno-almo\u00e7o e check out. Em hor\u00e1rio combinado, traslado do hotel para o aeroporto de Mendoza.<\/p>\n<p>&nbsp;<\/p>","protected":false},"excerpt":{"rendered":"<p>As Atividades Cl\u00e1ssicas que Mendoza oferece viv\u00ea-las e depois v\u00ea-las.<\/p>","protected":false},"featured_media":5344,"comment_status":"open","ping_status":"closed","template":"","meta":[],"product_brand":[],"product_cat":[246,194],"product_tag":[208],"dias":[],"class_list":{"0":"post-1192","1":"product","2":"type-product","3":"status-publish","4":"has-post-thumbnail","6":"product_cat-mendoza","7":"product_cat-paquetes","8":"product_tag-mendoza-clasico","10":"first","11":"instock","12":"shipping-taxable","13":"product-type-simple"},"booking_location":null,"booking_location_type":null,"booking_duration":null,"booking_duration_unit":null,"booking_buffer":null,"booking_cost":null,"booking_resources":null,"jetpack_sharing_enabled":true,"_links":{"self":[{"href":"https:\/\/aymaramendoza.com.ar\/pt\/wp-json\/wp\/v2\/product\/1192","targetHints":{"allow":["GET"]}}],"collection":[{"href":"https:\/\/aymaramendoza.com.ar\/pt\/wp-json\/wp\/v2\/product"}],"about":[{"href":"https:\/\/aymaramendoza.com.ar\/pt\/wp-json\/wp\/v2\/types\/product"}],"replies":[{"embeddable":true,"href":"https:\/\/aymaramendoza.com.ar\/pt\/wp-json\/wp\/v2\/comments?post=1192"}],"version-history":[{"count":9,"href":"https:\/\/aymaramendoza.com.ar\/pt\/wp-json\/wp\/v2\/product\/1192\/revisions"}],"predecessor-version":[{"id":6296,"href":"https:\/\/aymaramendoza.com.ar\/pt\/wp-json\/wp\/v2\/product\/1192\/revisions\/6296"}],"wp:featuredmedia":[{"embeddable":true,"href":"https:\/\/aymaramendoza.com.ar\/pt\/wp-json\/wp\/v2\/media\/5344"}],"wp:attachment":[{"href":"https:\/\/aymaramendoza.com.ar\/pt\/wp-json\/wp\/v2\/media?parent=1192"}],"wp:term":[{"taxonomy":"product_brand","embeddable":true,"href":"https:\/\/aymaramendoza.com.ar\/pt\/wp-json\/wp\/v2\/product_brand?post=1192"},{"taxonomy":"product_cat","embeddable":true,"href":"https:\/\/aymaramendoza.com.ar\/pt\/wp-json\/wp\/v2\/product_cat?post=1192"},{"taxonomy":"product_tag","embeddable":true,"href":"https:\/\/aymaramendoza.com.ar\/pt\/wp-json\/wp\/v2\/product_tag?post=1192"},{"taxonomy":"dias","embeddable":true,"href":"https:\/\/aymaramendoza.com.ar\/pt\/wp-json\/wp\/v2\/dias?post=1192"}],"curies":[{"name":"wp","href":"https:\/\/api.w.org\/{rel}","templated":true}]}}