{"id":1185,"date":"2020-07-06T11:59:29","date_gmt":"2020-07-06T14:59:29","guid":{"rendered":"http:\/\/aymaramendoza.com.ar\/?post_type=product&#038;p=1185"},"modified":"2026-04-08T10:45:27","modified_gmt":"2026-04-08T13:45:27","slug":"cabalgata","status":"publish","type":"product","link":"https:\/\/aymaramendoza.com.ar\/pt\/servicios\/cabalgata\/","title":{"rendered":"Cavalgada Crioula"},"content":{"rendered":"<p><span data-contrast=\"auto\">Sentir-se como um ga\u00facho argentino \u00e9 o que nos oferece este passeio, cavalgando entre as montanhas andinas. Uma aventura relaxante, com lindas paisagens para desfrutar com os amigos ou a fam\u00edlia entre cavalos e montanhas. <\/span><span data-ccp-props=\"{&quot;201341983&quot;:0,&quot;335551550&quot;:6,&quot;335551620&quot;:6,&quot;335559740&quot;:276}\">\u00a0<\/span><\/p>\n<p><span data-ccp-props=\"{&quot;201341983&quot;:0,&quot;335551550&quot;:6,&quot;335551620&quot;:6,&quot;335559740&quot;:276}\">\u00a0<\/span><span data-contrast=\"auto\">Partida desde la ciudad de Mendoza con destino a Lunlunta, a s\u00f3lo 20 minutos de la Ciudad de Mendoza. Llegaremos a la base en donde comenzaremos nuestra excursi\u00f3n, de all\u00ed saldremos hacia el r\u00edo, disfrutando de la flora y fauna aut\u00f3ctona en la primera zona vitivin\u00edcola, con inmejorables vistas panor\u00e1micas de la Cordillera de Los Andes. Luego de la cabalgata de 2 horas, terminaremos con un t\u00edpico almuerzo: Asado criollo acompa\u00f1ado de empanadas, bebida y fruta de estaci\u00f3n.<\/span><\/p>\n<p><em>\u00a0 <\/em><span data-contrast=\"auto\"><em>Sa\u00eddas regulares<\/em>:<\/span><span data-contrast=\"auto\"> Mi\u00e9rcoles, viernes y s\u00e1bados en regular.\u00a0<\/span><\/p>\n<p><em>\u00a0Hor\u00e1rio:<\/em><span data-contrast=\"auto\"> a partir de las 8:30 hs a 13.30hs aprox.\u00a0<\/span><\/p>\n<p><em>\u00a0Dura\u00e7\u00e3o<\/em><span data-contrast=\"auto\"><em>:<\/em> medio d\u00eda &#8211; salidas todo el a\u00f1o.\u00a0<\/span><\/p>\n<p><span data-contrast=\"auto\"><b>Observa\u00e7\u00f5es: <\/b><\/span><\/p>\n<ul>\n<li><span data-contrast=\"auto\">Excurs\u00e3o: Sujeita a forma\u00e7\u00e3o de grupo.<\/span><\/li>\n<li><span data-contrast=\"auto\">Idade: Adequado para pessoas maiores de 12 anos. <\/span><span data-ccp-props=\"{&quot;201341983&quot;:0,&quot;335551550&quot;:6,&quot;335551620&quot;:6,&quot;335559740&quot;:276}\">\u00a0<\/span><\/li>\n<li>Almo\u00e7o: Consulta por op\u00e7\u00f5es <b>vegetarianas, veganas e cel\u00edacas<\/b>\u00a0dispon\u00edveis.<\/li>\n<li><b><span data-contrast=\"auto\">Restri\u00e7\u00f5es para realizar a atividade: <\/span><\/b>Mulheres gr\u00e1vidas, pessoas com doen\u00e7as card\u00edacas, dificuldades motoras. Informar qualquer restri\u00e7\u00e3o f\u00edsica. Limite m\u00e1ximo de peso:120 kg<span data-ccp-props=\"{&quot;201341983&quot;:0,&quot;335551550&quot;:6,&quot;335551620&quot;:6,&quot;335559740&quot;:276}\">\u00a0<\/span><\/li>\n<\/ul>\n<p>&nbsp;<\/p>\n<p><em><span class=\"TextRun SCXW63235440 BCX8\" lang=\"ES-419\" xml:lang=\"ES-419\" data-contrast=\"none\"><span class=\"NormalTextRun SCXW63235440 BCX8\">Nota: os passageiros hospedados fora do raio central, devem dirigir-se ao ponto indicado por <\/span><span class=\"NormalTextRun SpellingErrorV2Themed SCXW63235440 BCX8\">Aymar\u00e1<\/span><span class=\"NormalTextRun SCXW63235440 BCX8\"> Turismo<\/span><\/span><span class=\"EOP SCXW63235440 BCX8\" data-ccp-props=\"{&quot;201341983&quot;:0,&quot;335551550&quot;:6,&quot;335551620&quot;:6,&quot;335559740&quot;:276}\">\u00a0<\/span><\/em><\/p>","protected":false},"excerpt":{"rendered":"<p>Sua viagem esta em Mendoza, uma viagem, onde voc\u00ea pode desfrutar de seus atrativos paisagens.<\/p>","protected":false},"featured_media":4422,"comment_status":"open","ping_status":"closed","template":"","meta":[],"product_brand":[],"product_cat":[72,246],"product_tag":[207],"dias":[],"class_list":{"0":"post-1185","1":"product","2":"type-product","3":"status-publish","4":"has-post-thumbnail","6":"product_cat-aventura","7":"product_cat-mendoza","8":"product_tag-escapada-a-mendoza","10":"first","11":"instock","12":"shipping-taxable","13":"product-type-simple"},"booking_location":null,"booking_location_type":null,"booking_duration":null,"booking_duration_unit":null,"booking_buffer":null,"booking_cost":null,"booking_resources":null,"jetpack_sharing_enabled":true,"_links":{"self":[{"href":"https:\/\/aymaramendoza.com.ar\/pt\/wp-json\/wp\/v2\/product\/1185","targetHints":{"allow":["GET"]}}],"collection":[{"href":"https:\/\/aymaramendoza.com.ar\/pt\/wp-json\/wp\/v2\/product"}],"about":[{"href":"https:\/\/aymaramendoza.com.ar\/pt\/wp-json\/wp\/v2\/types\/product"}],"replies":[{"embeddable":true,"href":"https:\/\/aymaramendoza.com.ar\/pt\/wp-json\/wp\/v2\/comments?post=1185"}],"version-history":[{"count":10,"href":"https:\/\/aymaramendoza.com.ar\/pt\/wp-json\/wp\/v2\/product\/1185\/revisions"}],"predecessor-version":[{"id":7557,"href":"https:\/\/aymaramendoza.com.ar\/pt\/wp-json\/wp\/v2\/product\/1185\/revisions\/7557"}],"wp:featuredmedia":[{"embeddable":true,"href":"https:\/\/aymaramendoza.com.ar\/pt\/wp-json\/wp\/v2\/media\/4422"}],"wp:attachment":[{"href":"https:\/\/aymaramendoza.com.ar\/pt\/wp-json\/wp\/v2\/media?parent=1185"}],"wp:term":[{"taxonomy":"product_brand","embeddable":true,"href":"https:\/\/aymaramendoza.com.ar\/pt\/wp-json\/wp\/v2\/product_brand?post=1185"},{"taxonomy":"product_cat","embeddable":true,"href":"https:\/\/aymaramendoza.com.ar\/pt\/wp-json\/wp\/v2\/product_cat?post=1185"},{"taxonomy":"product_tag","embeddable":true,"href":"https:\/\/aymaramendoza.com.ar\/pt\/wp-json\/wp\/v2\/product_tag?post=1185"},{"taxonomy":"dias","embeddable":true,"href":"https:\/\/aymaramendoza.com.ar\/pt\/wp-json\/wp\/v2\/dias?post=1185"}],"curies":[{"name":"wp","href":"https:\/\/api.w.org\/{rel}","templated":true}]}}