{"id":767,"date":"2020-05-16T01:30:49","date_gmt":"2020-05-16T04:30:49","guid":{"rendered":"http:\/\/aymaramendoza.com.ar\/?post_type=product&#038;p=767"},"modified":"2024-08-28T11:34:48","modified_gmt":"2024-08-28T14:34:48","slug":"traslados-en-mendoza","status":"publish","type":"product","link":"https:\/\/aymaramendoza.com.ar\/en\/servicios\/traslados-en-mendoza\/","title":{"rendered":"Transfers in Mendoza"},"content":{"rendered":"<p><em><strong>Rates in regular<\/strong><\/em><\/p>\n<ul>\n<li>Airport \u2013 Htl Central or*v<\/li>\n<li>Terminal \u2013 Htl Central or*v<\/li>\n<li>Ticket Bus Mendoza \u2013 San Rafael or*v<\/li>\n<\/ul>\n<p><em><strong>Fees in Private<\/strong><\/em><\/p>\n<ul>\n<li>Airport \u2013 Htl Central or*v<\/li>\n<li>Airport \u2013 Winery*Inn Downtown Area<\/li>\n<li>Aerop* \u2013 City Winery*Pos Area Valle de Uco<\/li>\n<li>Terminal \u2013 Htl Central or*v<\/li>\n<li>Cacheuta \u2013 City-or*v<\/li>\n<li>Potrerillos City \u2013 o*v<\/li>\n<li>Uspallata * Vallecitos City \u2013 o*v<\/li>\n<li>Penitentes * Puente del Inca \u2013 City-or*v<\/li>\n<li>San Rafael City \u2013 o*v<\/li>\n<li>Las Le\u00f1as City \u2013 o*v<\/li>\n<\/ul>\n<p><em><strong>Rates of transfer with wait<\/strong><\/em><\/p>\n<ul>\n<li>Hotel \u2013 Restaurant Central (City - Gllen - G Cross)<\/li>\n<li>Hotel \u2013 Cacheuta \u2013 Hotel (5 hs)<\/li>\n<li>Hotel \u2013 Potrerillos \u2013 Hotel (5 hs)<\/li>\n<li>Hotel \u2013 Uspallata or Vallecitos (by the day)<\/li>\n<li>Hotel \u2013 Penitentes\/Bridge of the Inca\/Aconcagua (by the day)<\/li>\n<li>Hotel \u2013 Uco Valley up to 3 wineries with lunch (***)<\/li>\n<li>Hotel \u2013 Area Maipu, or Lujan \u2013 up to 3 wineries with lunch (***)<\/li>\n<li>Hotel \u2013 Area Maipu, or Lujan \u2013 1 winery with lunch or dinner (***)<\/li>\n<\/ul>\n<p><strong>NOTE:<\/strong> The Rates of Regular Transfers are per vehicle and per segment, maximum 02 persons.<\/p>\n<p>The Rates of Transfers in Private are per vehicle and per segment, according to the passenger base.<\/p>\n<p>Do not include a guide or expected. The base 1\/3 PAX is in a car, do NOT support addition of guide and the maximum capacity of luggage is 01 medium suitcase per person.<\/p>\n<p>Policy for Minors, for private and regular airport Transfers:<br \/>\n\u2013 Children up to 02 years old, free of charge.<br \/>\n\u2013 From 3 years, paid 100%. (**) Transfers are back and forth or Round Trip Private Without a Guide (***) transfers to Wineries not Included Reservation in the same or Lunch and tastings.-<\/p>","protected":false},"excerpt":{"rendered":"<p>Tarifas en regular Aeropuerto &#8211; Htl C\u00e9ntrico o*v Terminal &#8211; Htl C\u00e9ntrico o*v Ticket Bus Mendoza &#8211; San Rafael o*v Tarifas en Privado Aeropuerto &#8211; Htl C\u00e9ntrico o*v Aeropuerto &#8211; Bodega*Posada Zona Centro Aerop*Ciudad &#8211; Bodega*Pos Zona Valle de Uco Terminal &#8211; Htl C\u00e9ntrico o*v Cacheuta &#8211; Ciudad o*v Potrerillos &#8211; Ciudad o*v Uspallata * [&hellip;]<\/p>","protected":false},"featured_media":5519,"comment_status":"open","ping_status":"closed","template":"","meta":[],"product_brand":[],"product_cat":[246,198],"product_tag":[],"dias":[],"class_list":{"0":"post-767","1":"product","2":"type-product","3":"status-publish","4":"has-post-thumbnail","6":"product_cat-mendoza","7":"product_cat-traslados","9":"first","10":"instock","11":"shipping-taxable","12":"product-type-simple"},"booking_location":null,"booking_location_type":null,"booking_duration":null,"booking_duration_unit":null,"booking_buffer":null,"booking_cost":null,"booking_resources":null,"jetpack_sharing_enabled":true,"_links":{"self":[{"href":"https:\/\/aymaramendoza.com.ar\/en\/wp-json\/wp\/v2\/product\/767","targetHints":{"allow":["GET"]}}],"collection":[{"href":"https:\/\/aymaramendoza.com.ar\/en\/wp-json\/wp\/v2\/product"}],"about":[{"href":"https:\/\/aymaramendoza.com.ar\/en\/wp-json\/wp\/v2\/types\/product"}],"replies":[{"embeddable":true,"href":"https:\/\/aymaramendoza.com.ar\/en\/wp-json\/wp\/v2\/comments?post=767"}],"version-history":[{"count":10,"href":"https:\/\/aymaramendoza.com.ar\/en\/wp-json\/wp\/v2\/product\/767\/revisions"}],"predecessor-version":[{"id":5707,"href":"https:\/\/aymaramendoza.com.ar\/en\/wp-json\/wp\/v2\/product\/767\/revisions\/5707"}],"wp:featuredmedia":[{"embeddable":true,"href":"https:\/\/aymaramendoza.com.ar\/en\/wp-json\/wp\/v2\/media\/5519"}],"wp:attachment":[{"href":"https:\/\/aymaramendoza.com.ar\/en\/wp-json\/wp\/v2\/media?parent=767"}],"wp:term":[{"taxonomy":"product_brand","embeddable":true,"href":"https:\/\/aymaramendoza.com.ar\/en\/wp-json\/wp\/v2\/product_brand?post=767"},{"taxonomy":"product_cat","embeddable":true,"href":"https:\/\/aymaramendoza.com.ar\/en\/wp-json\/wp\/v2\/product_cat?post=767"},{"taxonomy":"product_tag","embeddable":true,"href":"https:\/\/aymaramendoza.com.ar\/en\/wp-json\/wp\/v2\/product_tag?post=767"},{"taxonomy":"dias","embeddable":true,"href":"https:\/\/aymaramendoza.com.ar\/en\/wp-json\/wp\/v2\/dias?post=767"}],"curies":[{"name":"wp","href":"https:\/\/api.w.org\/{rel}","templated":true}]}}