{"id":763,"date":"2020-05-16T01:27:22","date_gmt":"2020-05-16T04:27:22","guid":{"rendered":"http:\/\/aymaramendoza.com.ar\/?post_type=product&#038;p=763"},"modified":"2024-10-01T13:48:01","modified_gmt":"2024-10-01T16:48:01","slug":"lagunallancanelo","status":"publish","type":"product","link":"https:\/\/aymaramendoza.com.ar\/en\/servicios\/lagunallancanelo\/","title":{"rendered":"LAGUNA LLANCANELO"},"content":{"rendered":"<p>A 75 Km. de la ciudad de Malarg\u00fce se encuentra este paisaje inolvidable. Es un humedal donde podemos observar gran cantidad de aves, muchas de ellas son migratorias. Los flamencos eligen este ambiente para anidar. Por su importante valor ecol\u00f3gico es desde 1980 Reserva Provincial, y la comunidad ambientalista internacional adem\u00e1s la ha declarado sitio RAMSAR. LLancanelo, que significa \u00abcollar de perlas color verde azulada\u00bb, es el lugar indicado para avistar gran variedad de aves (hay 155 especies censadas), sacar muchas fotos, disfrutar de la belleza de la naturaleza, la tranquilidad del paisaje y un inolvidable atardecer.<\/p>\n<p>Adem\u00e1s, si las condiciones clim\u00e1ticas y el camino est\u00e1n habilitado se visita el \u00abVolc\u00e1n Trapal\u00bb, que despu\u00e9s de una ascensi\u00f3n de unos 45 min. se llega a un lugar desde donde se obtiene una impresionante vista panor\u00e1mica de la reserva.<\/p>\n<p><strong>Duraci\u00f3n de la excursi\u00f3n: <\/strong>Dependiendo de las condiciones clim\u00e1ticas y camino, la duraci\u00f3n m\u00ednima es de 6 hs desde y hasta Malarg\u00fce. Se realizan varias paradas visitando la Laguna de Cari Lauquen, Volc\u00e1n Trapal (si el camino esta habilitado, se realiza una ascensi\u00f3n a un punto panor\u00e1mico). Llegando, por \u00faltimo, a la costa de la Laguna de LLancanelo, donde camina- do, se observan distintos tipos de aves dependiendo de la \u00e9poca del a\u00f1o.<\/p>\n<p><strong>Minimum age: <\/strong>There is No minimum age to make up for the tour.<\/p>\n<p><strong>Recommendations: <\/strong>Llevar abrigo y calzado adecuado para el trekking, sombrero o gorro para el sol, protector solar y botella de agua.<\/p>\n<p>&nbsp;<\/p>\n<p>&nbsp;<\/p>\n<p>&nbsp;<\/p>\n<p>&nbsp;<\/p>\n<p>&nbsp;<\/p>","protected":false},"excerpt":{"rendered":"<p>flamingos accompany the visual of this unique landscape<\/p>","protected":false},"featured_media":5251,"comment_status":"open","ping_status":"closed","template":"","meta":[],"product_brand":[],"product_cat":[622,100],"product_tag":[],"dias":[],"class_list":{"0":"post-763","1":"product","2":"type-product","3":"status-publish","4":"has-post-thumbnail","6":"product_cat-malargue","7":"product_cat-naturaleza","9":"first","10":"instock","11":"shipping-taxable","12":"product-type-simple"},"booking_location":null,"booking_location_type":null,"booking_duration":null,"booking_duration_unit":null,"booking_buffer":null,"booking_cost":null,"booking_resources":null,"jetpack_sharing_enabled":true,"_links":{"self":[{"href":"https:\/\/aymaramendoza.com.ar\/en\/wp-json\/wp\/v2\/product\/763","targetHints":{"allow":["GET"]}}],"collection":[{"href":"https:\/\/aymaramendoza.com.ar\/en\/wp-json\/wp\/v2\/product"}],"about":[{"href":"https:\/\/aymaramendoza.com.ar\/en\/wp-json\/wp\/v2\/types\/product"}],"replies":[{"embeddable":true,"href":"https:\/\/aymaramendoza.com.ar\/en\/wp-json\/wp\/v2\/comments?post=763"}],"version-history":[{"count":7,"href":"https:\/\/aymaramendoza.com.ar\/en\/wp-json\/wp\/v2\/product\/763\/revisions"}],"predecessor-version":[{"id":6431,"href":"https:\/\/aymaramendoza.com.ar\/en\/wp-json\/wp\/v2\/product\/763\/revisions\/6431"}],"wp:featuredmedia":[{"embeddable":true,"href":"https:\/\/aymaramendoza.com.ar\/en\/wp-json\/wp\/v2\/media\/5251"}],"wp:attachment":[{"href":"https:\/\/aymaramendoza.com.ar\/en\/wp-json\/wp\/v2\/media?parent=763"}],"wp:term":[{"taxonomy":"product_brand","embeddable":true,"href":"https:\/\/aymaramendoza.com.ar\/en\/wp-json\/wp\/v2\/product_brand?post=763"},{"taxonomy":"product_cat","embeddable":true,"href":"https:\/\/aymaramendoza.com.ar\/en\/wp-json\/wp\/v2\/product_cat?post=763"},{"taxonomy":"product_tag","embeddable":true,"href":"https:\/\/aymaramendoza.com.ar\/en\/wp-json\/wp\/v2\/product_tag?post=763"},{"taxonomy":"dias","embeddable":true,"href":"https:\/\/aymaramendoza.com.ar\/en\/wp-json\/wp\/v2\/dias?post=763"}],"curies":[{"name":"wp","href":"https:\/\/api.w.org\/{rel}","templated":true}]}}