{"id":7553,"date":"2026-04-06T10:01:41","date_gmt":"2026-04-06T13:01:41","guid":{"rendered":"https:\/\/aymaramendoza.com.ar\/?post_type=product&#038;p=7553"},"modified":"2026-04-06T10:08:47","modified_gmt":"2026-04-06T13:08:47","slug":"paquete-mendoza-solo-para-ellas","status":"publish","type":"product","link":"https:\/\/aymaramendoza.com.ar\/en\/servicios\/paquete-mendoza-solo-para-ellas\/","title":{"rendered":"PAQUETE MENDOZA: SOLO PARA ELLAS"},"content":{"rendered":"<div><strong>Mendoza solo para ellas<\/strong> es mucho m\u00e1s que un viaje: es una experiencia dise\u00f1ada especialmente para mujeres que buscan disfrutar, relajarse y compartir momentos \u00fanicos en uno de los destinos m\u00e1s encantadores de Argentina.<\/div>\n<div><\/div>\n<div><em><strong>D\u00eda 1 \u2013<\/strong>\u00a0<\/em><\/div>\n<ul>\n<li><strong>Recepci\u00f3n<\/strong> en el aeropuerto y traslado a hotel seleccionado.<\/li>\n<li><strong>City tour por la ciudad.<\/strong> Por la ma\u00f1ana, visitaremos la Ciudad de Mendoza, una de las m\u00e1s bellas del pa\u00eds.<\/li>\n<li><strong>Sunset por bodegas.<\/strong> Ver como el sol se esconde en la Cordillera de Los Andes acompa\u00f1adas de los mejores vinos, cocktails y picada, para terminar, bailando con buena m\u00fasica. Y as\u00ed, de damos la bienvenida a este viaje so\u00f1ado.<\/li>\n<\/ul>\n<div><em><strong>D\u00eda 2 \u2013<\/strong>\u00a0<\/em><\/div>\n<ul>\n<li><strong>Desayuno<\/strong><\/li>\n<li><strong>Experiencia en Bodega Alpamanta.<\/strong> A primera hora de la ma\u00f1ana disfrutaremos de una clase de yoga en sus jardines, rodeados de naturaleza y vi\u00f1edos + Visita y degustaci\u00f3n por su finca biodin\u00e1mica<\/li>\n<li><strong>Almuerzo en Bodega Chandon.<\/strong> Nos trasladaremos a Bodega Chandon, donde nos espera un almuerzo de pasos, acompa\u00f1ado por una cuidada selecci\u00f3n de vinos y espumantes de la bodega.<\/li>\n<li><strong>Tarde de Shopping.<\/strong> Nos dirigiremos a Palmares Open Mall, donde dispondremos de aproximadamente 2 horas de tiempo libre para realizar compras con tranquilidad.<\/li>\n<\/ul>\n<p><em><strong>D\u00eda 3 \u2013<\/strong>\u00a0<\/em><\/p>\n<ul>\n<li><strong>Desayuno<\/strong><\/li>\n<li><strong>Full Day Spa Termas de Cacheutas.<\/strong> En horas de la ma\u00f1ana nos dirigiremos al Hotel Termas de Cacheuta para disfrutar de un d\u00eda de Relax en las aguas termales que nos ofrece el Circuito encallado en plena pre cordillera. Al mediod\u00eda disfrutaremos de un Almuerzo tipo Buffet, sin incluir las bebidas. Por la tarde retornaremos al Hotel.<\/li>\n<\/ul>\n<p><em><strong>D\u00eda 4 \u2013<\/strong>\u00a0<\/em><\/p>\n<ul>\n<li><strong>Desayuno y check out.<\/strong> En el horario convenido, traslado desde\u00a0hotel c\u00e9ntrico hacia el aeropuerto de Mendoza.<\/li>\n<\/ul>\n<p>&nbsp;<\/p>\n<p><strong>Notas importantes:<\/strong><\/p>\n<ul>\n<li>Bodegas sujetas a disponibilidad al momento de realizar las reservas.<\/li>\n<li>Tarifas netas sujetas a modificaci\u00f3n y disponibilidad de hoteles al momento de realizar la reserva.<\/li>\n<\/ul>","protected":false},"excerpt":{"rendered":"<div><strong>Mendoza solo para ellas<\/strong> es mucho m\u00e1s que un viaje: es una experiencia dise\u00f1ada especialmente para mujeres que buscan disfrutar, relajarse y compartir momentos \u00fanicos en uno de los destinos m\u00e1s encantadores de Argentina.<\/div>","protected":false},"featured_media":7554,"comment_status":"open","ping_status":"closed","template":"","meta":[],"product_brand":[],"product_cat":[246,194],"product_tag":[],"dias":[],"class_list":{"0":"post-7553","1":"product","2":"type-product","3":"status-publish","4":"has-post-thumbnail","6":"product_cat-mendoza","7":"product_cat-paquetes","9":"first","10":"instock","11":"shipping-taxable","12":"product-type-simple"},"booking_location":null,"booking_location_type":null,"booking_duration":null,"booking_duration_unit":null,"booking_buffer":null,"booking_cost":null,"booking_resources":null,"jetpack_sharing_enabled":true,"_links":{"self":[{"href":"https:\/\/aymaramendoza.com.ar\/en\/wp-json\/wp\/v2\/product\/7553","targetHints":{"allow":["GET"]}}],"collection":[{"href":"https:\/\/aymaramendoza.com.ar\/en\/wp-json\/wp\/v2\/product"}],"about":[{"href":"https:\/\/aymaramendoza.com.ar\/en\/wp-json\/wp\/v2\/types\/product"}],"replies":[{"embeddable":true,"href":"https:\/\/aymaramendoza.com.ar\/en\/wp-json\/wp\/v2\/comments?post=7553"}],"version-history":[{"count":2,"href":"https:\/\/aymaramendoza.com.ar\/en\/wp-json\/wp\/v2\/product\/7553\/revisions"}],"predecessor-version":[{"id":7556,"href":"https:\/\/aymaramendoza.com.ar\/en\/wp-json\/wp\/v2\/product\/7553\/revisions\/7556"}],"wp:featuredmedia":[{"embeddable":true,"href":"https:\/\/aymaramendoza.com.ar\/en\/wp-json\/wp\/v2\/media\/7554"}],"wp:attachment":[{"href":"https:\/\/aymaramendoza.com.ar\/en\/wp-json\/wp\/v2\/media?parent=7553"}],"wp:term":[{"taxonomy":"product_brand","embeddable":true,"href":"https:\/\/aymaramendoza.com.ar\/en\/wp-json\/wp\/v2\/product_brand?post=7553"},{"taxonomy":"product_cat","embeddable":true,"href":"https:\/\/aymaramendoza.com.ar\/en\/wp-json\/wp\/v2\/product_cat?post=7553"},{"taxonomy":"product_tag","embeddable":true,"href":"https:\/\/aymaramendoza.com.ar\/en\/wp-json\/wp\/v2\/product_tag?post=7553"},{"taxonomy":"dias","embeddable":true,"href":"https:\/\/aymaramendoza.com.ar\/en\/wp-json\/wp\/v2\/dias?post=7553"}],"curies":[{"name":"wp","href":"https:\/\/api.w.org\/{rel}","templated":true}]}}