{"id":7115,"date":"2025-10-09T17:23:07","date_gmt":"2025-10-09T20:23:07","guid":{"rendered":"https:\/\/aymaramendoza.com.ar\/?post_type=product&#038;p=7115"},"modified":"2026-04-08T12:27:13","modified_gmt":"2026-04-08T15:27:13","slug":"wine-classic-tour-dos-bodegas-con-almuerzo","status":"publish","type":"product","link":"https:\/\/aymaramendoza.com.ar\/en\/servicios\/wine-classic-tour-dos-bodegas-con-almuerzo\/","title":{"rendered":"Wine classic tour &#8211; (Dos bodegas con Almuerzo)"},"content":{"rendered":"<p class=\"cvGsUA direction-ltr align-justify para-style-body\"><span class=\"a_GcMg font-feature-liga-off font-feature-clig-off font-feature-calt-off text-decoration-none text-strikethrough-none\">Vivir\u00e1s una experiencia inolvidable en un tour lleno de sabor y encanto. Este recorrido te invita a conocer bodegas reconocidas, disfrutar de sus etiquetas m\u00e1s destacadas y deleitarte con un almuerzo gourmet rodeado de vi\u00f1edos.<\/span><\/p>\n<p class=\"cvGsUA direction-ltr align-justify para-style-body\"><span class=\"a_GcMg font-feature-liga-off font-feature-clig-off font-feature-calt-off text-decoration-none text-strikethrough-none\">Iniciaremos la jornada visitando una de las bodegas seleccionadas \u2014Cecchin, Villa del Cerno o Vistandes\u2014 En ella aprenderemos sobre los distintos varietales de la regi\u00f3n, sus procesos de elaboraci\u00f3n y disfrutaremos de una degustaci\u00f3n de sus vinos m\u00e1s representativos.<\/span><\/p>\n<p class=\"cvGsUA direction-ltr align-justify para-style-body\"><span class=\"a_GcMg font-feature-liga-off font-feature-clig-off font-feature-calt-off text-decoration-none text-strikethrough-none\">Luego continuaremos hacia la bodega Vistandes o Esencia, donde nos esperar\u00e1 un almuerzo gourmet acompa\u00f1ado con los vinos de la casa, en un entorno rodeado de vi\u00f1edos y monta\u00f1as.<\/span><\/p>\n<ul>\n<li><span class=\"a_GcMg font-feature-liga-off font-feature-clig-off font-feature-calt-off text-decoration-none text-strikethrough-none\">Outputs: <\/span><span class=\"a_GcMg font-feature-liga-off font-feature-clig-off font-feature-calt-off text-decoration-none text-strikethrough-none\">Mon to Sat<\/span><\/li>\n<li><span class=\"a_GcMg font-feature-liga-off font-feature-clig-off font-feature-calt-off text-decoration-none text-strikethrough-none\">Time:<\/span><span class=\"a_GcMg font-feature-liga-off font-feature-clig-off font-feature-calt-off text-decoration-none text-strikethrough-none\"> a partir de las 09.30hs a 15.00hs<\/span><\/li>\n<li><span class=\"a_GcMg font-feature-liga-off font-feature-clig-off font-feature-calt-off text-decoration-none text-strikethrough-none\">Duration:<\/span><span class=\"a_GcMg font-feature-liga-off font-feature-clig-off font-feature-calt-off text-decoration-none text-strikethrough-none\"> departures all year<\/span><\/li>\n<li><span class=\"a_GcMg font-feature-liga-off font-feature-clig-off font-feature-calt-off text-decoration-none text-strikethrough-none\">Includes:<\/span><span class=\"a_GcMg font-feature-liga-off font-feature-clig-off font-feature-calt-off text-decoration-none text-strikethrough-none\"> traslado privado, pick up y drop off por hoteles c\u00e9ntricos, visita y degustaci\u00f3n en bodega seleccionada. Almuerzo en bodega seleccionada de la zona con vinos incluidos.<\/span><\/li>\n<li><span class=\"a_GcMg font-feature-liga-off font-feature-clig-off font-feature-calt-off text-decoration-none text-strikethrough-none\">Not included:<\/span><span class=\"a_GcMg font-feature-liga-off font-feature-clig-off font-feature-calt-off text-decoration-none text-strikethrough-none\"> Propina, gastos extras.<\/span><\/li>\n<\/ul>\n<p class=\"cvGsUA direction-ltr align-justify para-style-body\"><span class=\"a_GcMg font-feature-liga-off font-feature-clig-off font-feature-calt-off text-decoration-none text-strikethrough-none\">Comments<\/span><span class=\"a_GcMg font-feature-liga-off font-feature-clig-off font-feature-calt-off text-decoration-none text-strikethrough-none\">:<\/span><\/p>\n<ul>\n<li><span class=\"a_GcMg font-feature-liga-off font-feature-clig-off font-feature-calt-off text-decoration-none text-strikethrough-none\">Bodegas sujetas a disponibilidad al momento de realizar la reserva.<\/span><\/li>\n<li><span class=\"a_GcMg font-feature-liga-off font-feature-clig-off font-feature-calt-off text-decoration-none text-strikethrough-none\">Las bodegas para visitar son por zona (Luj\u00e1n o Maip\u00fa). Consultar cotizaci\u00f3n por otras bodegas opcionales y disponibles para visitar.<\/span><\/li>\n<li><span class=\"a_GcMg font-feature-liga-off font-feature-clig-off font-feature-calt-off text-decoration-none text-strikethrough-none\">Servicio opcional de gu\u00eda (Consultar cotizaci\u00f3n)<\/span><\/li>\n<\/ul>\n<p class=\"cvGsUA direction-ltr align-justify para-style-body\">","protected":false},"excerpt":{"rendered":"<p>Recorr\u00e9 Cecchin, Villa del Cerno o Vistandes, degustando sus vinos m\u00e1s destacados, y disfrut\u00e1 un almuerzo gourmet en Villafa\u00f1e o Esencia <strong data-start=\"202\" data-end=\"220\">acompa\u00f1ado con<\/strong> vinos de la casa, rodeado de vi\u00f1edos y paisajes \u00fanicos.<\/p>","protected":false},"featured_media":7116,"comment_status":"open","ping_status":"closed","template":"","meta":[],"product_brand":[],"product_cat":[20,246],"product_tag":[],"dias":[],"class_list":{"0":"post-7115","1":"product","2":"type-product","3":"status-publish","4":"has-post-thumbnail","6":"product_cat-bodegas","7":"product_cat-mendoza","9":"first","10":"instock","11":"shipping-taxable","12":"product-type-simple"},"booking_location":null,"booking_location_type":null,"booking_duration":null,"booking_duration_unit":null,"booking_buffer":null,"booking_cost":null,"booking_resources":null,"jetpack_sharing_enabled":true,"_links":{"self":[{"href":"https:\/\/aymaramendoza.com.ar\/en\/wp-json\/wp\/v2\/product\/7115","targetHints":{"allow":["GET"]}}],"collection":[{"href":"https:\/\/aymaramendoza.com.ar\/en\/wp-json\/wp\/v2\/product"}],"about":[{"href":"https:\/\/aymaramendoza.com.ar\/en\/wp-json\/wp\/v2\/types\/product"}],"replies":[{"embeddable":true,"href":"https:\/\/aymaramendoza.com.ar\/en\/wp-json\/wp\/v2\/comments?post=7115"}],"version-history":[{"count":7,"href":"https:\/\/aymaramendoza.com.ar\/en\/wp-json\/wp\/v2\/product\/7115\/revisions"}],"predecessor-version":[{"id":7558,"href":"https:\/\/aymaramendoza.com.ar\/en\/wp-json\/wp\/v2\/product\/7115\/revisions\/7558"}],"wp:featuredmedia":[{"embeddable":true,"href":"https:\/\/aymaramendoza.com.ar\/en\/wp-json\/wp\/v2\/media\/7116"}],"wp:attachment":[{"href":"https:\/\/aymaramendoza.com.ar\/en\/wp-json\/wp\/v2\/media?parent=7115"}],"wp:term":[{"taxonomy":"product_brand","embeddable":true,"href":"https:\/\/aymaramendoza.com.ar\/en\/wp-json\/wp\/v2\/product_brand?post=7115"},{"taxonomy":"product_cat","embeddable":true,"href":"https:\/\/aymaramendoza.com.ar\/en\/wp-json\/wp\/v2\/product_cat?post=7115"},{"taxonomy":"product_tag","embeddable":true,"href":"https:\/\/aymaramendoza.com.ar\/en\/wp-json\/wp\/v2\/product_tag?post=7115"},{"taxonomy":"dias","embeddable":true,"href":"https:\/\/aymaramendoza.com.ar\/en\/wp-json\/wp\/v2\/dias?post=7115"}],"curies":[{"name":"wp","href":"https:\/\/api.w.org\/{rel}","templated":true}]}}