{"id":7098,"date":"2025-08-26T16:37:50","date_gmt":"2025-08-26T19:37:50","guid":{"rendered":"https:\/\/aymaramendoza.com.ar\/?post_type=product&#038;p=7098"},"modified":"2025-08-26T16:37:50","modified_gmt":"2025-08-26T19:37:50","slug":"potrerillos-exclusivo","status":"publish","type":"product","link":"https:\/\/aymaramendoza.com.ar\/en\/servicios\/potrerillos-exclusivo\/","title":{"rendered":"POTRERILLOS EXCLUSIVO"},"content":{"rendered":"<p class=\"cvGsUA direction-ltr align-justify para-style-body\"><span class=\"a_GcMg font-feature-liga-off font-feature-clig-off font-feature-calt-off text-decoration-none text-strikethrough-none\">D\u00eda exclusivo en Potrerillos &#8211; Viv\u00ed un d\u00eda \u00fanico en el imponente paisaje de Potrerillos, combinando aventura, naturaleza y sabores mendocinos.<\/span><\/p>\n<p class=\"cvGsUA direction-ltr align-justify para-style-body\">\n<p class=\"cvGsUA direction-ltr align-justify para-style-body\"><span class=\"a_GcMg font-feature-liga-off font-feature-clig-off font-feature-calt-off text-decoration-none text-strikethrough-none\">Por la ma\u00f1ana disfrutaremos de un **vuelo bautismo en helic\u00f3ptero**, sobrevolando el dique Potrerillos y contemplando desde el aire la inmensidad de la cordillera y el espejo de agua que lo rodea. Una experiencia inolvidable para comenzar la jornada.<\/span><\/p>\n<p class=\"cvGsUA direction-ltr align-justify para-style-body\">\n<p class=\"cvGsUA direction-ltr align-justify para-style-body\"><span class=\"a_GcMg font-feature-liga-off font-feature-clig-off font-feature-calt-off text-decoration-none text-strikethrough-none\">Luego habr\u00e1 tiempo libre para almorzar y descansar en la zona.<\/span><\/p>\n<p class=\"cvGsUA direction-ltr align-justify para-style-body\">\n<p class=\"cvGsUA direction-ltr align-justify para-style-body\"><span class=\"a_GcMg font-feature-liga-off font-feature-clig-off font-feature-calt-off text-decoration-none text-strikethrough-none\">Por la tarde, nos embarcaremos en un **paseo en velero**, disfrutando de la calma del dique con vistas panor\u00e1micas de la monta\u00f1a. Durante la navegaci\u00f3n, compartiremos una **picada de quesos y frutos secos acompa\u00f1ada por una degustaci\u00f3n de vinos**, perfecta para cerrar el d\u00eda con los sabores t\u00edpicos de Mendoza.<\/span><\/p>\n<p class=\"cvGsUA direction-ltr align-justify para-style-body\">\n<ul>\n<li><span class=\"a_GcMg font-feature-liga-off font-feature-clig-off font-feature-calt-off text-decoration-none text-strikethrough-none\">Regular departures: <\/span><span class=\"a_GcMg font-feature-liga-off font-feature-clig-off font-feature-calt-off text-decoration-none text-strikethrough-none\">Consultar disponibilidad \u2013 actividad privada<\/span><\/li>\n<\/ul>\n<p class=\"cvGsUA direction-ltr align-justify para-style-body\">\n<p class=\"cvGsUA direction-ltr align-justify para-style-body\"><span class=\"a_GcMg font-feature-liga-off font-feature-clig-off font-feature-calt-off text-decoration-none text-strikethrough-none\">IMPORTANTE: <\/span><span class=\"a_GcMg font-feature-liga-off font-feature-clig-off font-feature-calt-off text-decoration-none text-strikethrough-none\">pasajeros alojados fuera del radio c\u00e9ntrico deben dirigirse al punto indicado por Aymar\u00e1 Turismo.<\/span><\/p>","protected":false},"excerpt":{"rendered":"<p>D\u00eda completo en Potrerillos: vuelo bautismo en helic\u00f3ptero, paseo en velero con picada y degustaci\u00f3n de vinos, rodeado de los paisajes de la cordillera.<\/p>","protected":false},"featured_media":7097,"comment_status":"open","ping_status":"closed","template":"","meta":[],"product_brand":[],"product_cat":[72,246],"product_tag":[],"dias":[],"class_list":{"0":"post-7098","1":"product","2":"type-product","3":"status-publish","4":"has-post-thumbnail","6":"product_cat-aventura","7":"product_cat-mendoza","9":"first","10":"instock","11":"shipping-taxable","12":"product-type-simple"},"booking_location":null,"booking_location_type":null,"booking_duration":null,"booking_duration_unit":null,"booking_buffer":null,"booking_cost":null,"booking_resources":null,"jetpack_sharing_enabled":true,"_links":{"self":[{"href":"https:\/\/aymaramendoza.com.ar\/en\/wp-json\/wp\/v2\/product\/7098","targetHints":{"allow":["GET"]}}],"collection":[{"href":"https:\/\/aymaramendoza.com.ar\/en\/wp-json\/wp\/v2\/product"}],"about":[{"href":"https:\/\/aymaramendoza.com.ar\/en\/wp-json\/wp\/v2\/types\/product"}],"replies":[{"embeddable":true,"href":"https:\/\/aymaramendoza.com.ar\/en\/wp-json\/wp\/v2\/comments?post=7098"}],"version-history":[{"count":1,"href":"https:\/\/aymaramendoza.com.ar\/en\/wp-json\/wp\/v2\/product\/7098\/revisions"}],"predecessor-version":[{"id":7099,"href":"https:\/\/aymaramendoza.com.ar\/en\/wp-json\/wp\/v2\/product\/7098\/revisions\/7099"}],"wp:featuredmedia":[{"embeddable":true,"href":"https:\/\/aymaramendoza.com.ar\/en\/wp-json\/wp\/v2\/media\/7097"}],"wp:attachment":[{"href":"https:\/\/aymaramendoza.com.ar\/en\/wp-json\/wp\/v2\/media?parent=7098"}],"wp:term":[{"taxonomy":"product_brand","embeddable":true,"href":"https:\/\/aymaramendoza.com.ar\/en\/wp-json\/wp\/v2\/product_brand?post=7098"},{"taxonomy":"product_cat","embeddable":true,"href":"https:\/\/aymaramendoza.com.ar\/en\/wp-json\/wp\/v2\/product_cat?post=7098"},{"taxonomy":"product_tag","embeddable":true,"href":"https:\/\/aymaramendoza.com.ar\/en\/wp-json\/wp\/v2\/product_tag?post=7098"},{"taxonomy":"dias","embeddable":true,"href":"https:\/\/aymaramendoza.com.ar\/en\/wp-json\/wp\/v2\/dias?post=7098"}],"curies":[{"name":"wp","href":"https:\/\/api.w.org\/{rel}","templated":true}]}}