{"id":7093,"date":"2025-08-26T16:31:20","date_gmt":"2025-08-26T19:31:20","guid":{"rendered":"https:\/\/aymaramendoza.com.ar\/?post_type=product&#038;p=7093"},"modified":"2025-08-26T16:31:20","modified_gmt":"2025-08-26T19:31:20","slug":"dia-premium-de-spa-y-globo","status":"publish","type":"product","link":"https:\/\/aymaramendoza.com.ar\/en\/servicios\/dia-premium-de-spa-y-globo\/","title":{"rendered":"DIA PREMIUM DE SPA Y GLOBO"},"content":{"rendered":"<p class=\"cvGsUA direction-ltr align-justify para-style-body\"><span class=\"a_GcMg font-feature-liga-off font-feature-clig-off font-feature-calt-off text-decoration-none text-strikethrough-none\">Una propuesta exclusiva que combina **relajaci\u00f3n y aventura en un solo d\u00eda**. Por la ma\u00f1ana, disfrutaremos de un programa de **SPA de 6 horas**, que incluye masajes y circuitos de bienestar en un entorno de tranquilidad, ideal para renovar energ\u00edas.<\/span><\/p>\n<p class=\"cvGsUA direction-ltr align-justify para-style-body\">\n<p class=\"cvGsUA direction-ltr align-justify para-style-body\"><span class=\"a_GcMg font-feature-liga-off font-feature-clig-off font-feature-calt-off text-decoration-none text-strikethrough-none\">Al mediod\u00eda, viviremos una experiencia gastron\u00f3mica de primer nivel con un **almuerzo de pasos** maridado con vinos locales, en un ambiente sereno y refinado.<\/span><\/p>\n<p class=\"cvGsUA direction-ltr align-justify para-style-body\">\n<p class=\"cvGsUA direction-ltr align-justify para-style-body\"><span class=\"a_GcMg font-feature-liga-off font-feature-clig-off font-feature-calt-off text-decoration-none text-strikethrough-none\">Por la tarde, al caer el sol, nos espera un momento \u00fanico: un **vuelo en globo al atardecer**, de aproximadamente dos horas, para contemplar desde el aire los paisajes mendocinos te\u00f1idos por la luz dorada del ocaso.<\/span><\/p>\n<p class=\"cvGsUA direction-ltr align-justify para-style-body\">\n<p class=\"cvGsUA direction-ltr align-justify para-style-body\"><span class=\"a_GcMg font-feature-liga-off font-feature-clig-off font-feature-calt-off text-decoration-none text-strikethrough-none\">Una experiencia completa que combina descanso, sabores y la magia de volar, con traslados incluidos para mayor comodidad.<\/span><\/p>\n<p class=\"cvGsUA direction-ltr align-justify para-style-body\">\n<ul>\n<li><span class=\"a_GcMg font-feature-liga-off font-feature-clig-off font-feature-calt-off text-decoration-none text-strikethrough-none\">Regular departures:<\/span><span class=\"a_GcMg font-feature-liga-off font-feature-clig-off font-feature-calt-off text-decoration-none text-strikethrough-none\"> Consultar disponibilidad \u2013 actividad privada<\/span><\/li>\n<li><span class=\"a_GcMg font-feature-liga-off font-feature-clig-off font-feature-calt-off text-decoration-none text-strikethrough-none\">Time: <\/span><span class=\"a_GcMg font-feature-liga-off font-feature-clig-off font-feature-calt-off text-decoration-none text-strikethrough-none\">De 10:30 a 21:00 hs aprox.<\/span><\/li>\n<\/ul>\n<p class=\"cvGsUA direction-ltr align-justify para-style-body\"><span class=\"a_GcMg font-feature-liga-off font-feature-clig-off font-feature-calt-off text-decoration-none text-strikethrough-none\">IMPORTANTE:<\/span><span class=\"a_GcMg font-feature-liga-off font-feature-clig-off font-feature-calt-off text-decoration-none text-strikethrough-none\"> pasajeros alojados fuera del radio c\u00e9ntrico deben dirigirse al punto indicado por Aymar\u00e1 Turismo<\/span><span class=\"a_GcMg font-feature-liga-off font-feature-clig-off font-feature-calt-off text-decoration-none text-strikethrough-none\">.<\/span><\/p>","protected":false},"excerpt":{"rendered":"<p>Disfrut\u00e1 un d\u00eda completo de bienestar y aventura en Mendoza: SPA de 6 horas, almuerzo gourmet y vuelo en globo al atardecer<\/p>","protected":false},"featured_media":7094,"comment_status":"open","ping_status":"closed","template":"","meta":[],"product_brand":[],"product_cat":[72,246],"product_tag":[],"dias":[],"class_list":{"0":"post-7093","1":"product","2":"type-product","3":"status-publish","4":"has-post-thumbnail","6":"product_cat-aventura","7":"product_cat-mendoza","9":"first","10":"instock","11":"shipping-taxable","12":"product-type-simple"},"booking_location":null,"booking_location_type":null,"booking_duration":null,"booking_duration_unit":null,"booking_buffer":null,"booking_cost":null,"booking_resources":null,"jetpack_sharing_enabled":true,"_links":{"self":[{"href":"https:\/\/aymaramendoza.com.ar\/en\/wp-json\/wp\/v2\/product\/7093","targetHints":{"allow":["GET"]}}],"collection":[{"href":"https:\/\/aymaramendoza.com.ar\/en\/wp-json\/wp\/v2\/product"}],"about":[{"href":"https:\/\/aymaramendoza.com.ar\/en\/wp-json\/wp\/v2\/types\/product"}],"replies":[{"embeddable":true,"href":"https:\/\/aymaramendoza.com.ar\/en\/wp-json\/wp\/v2\/comments?post=7093"}],"version-history":[{"count":1,"href":"https:\/\/aymaramendoza.com.ar\/en\/wp-json\/wp\/v2\/product\/7093\/revisions"}],"predecessor-version":[{"id":7095,"href":"https:\/\/aymaramendoza.com.ar\/en\/wp-json\/wp\/v2\/product\/7093\/revisions\/7095"}],"wp:featuredmedia":[{"embeddable":true,"href":"https:\/\/aymaramendoza.com.ar\/en\/wp-json\/wp\/v2\/media\/7094"}],"wp:attachment":[{"href":"https:\/\/aymaramendoza.com.ar\/en\/wp-json\/wp\/v2\/media?parent=7093"}],"wp:term":[{"taxonomy":"product_brand","embeddable":true,"href":"https:\/\/aymaramendoza.com.ar\/en\/wp-json\/wp\/v2\/product_brand?post=7093"},{"taxonomy":"product_cat","embeddable":true,"href":"https:\/\/aymaramendoza.com.ar\/en\/wp-json\/wp\/v2\/product_cat?post=7093"},{"taxonomy":"product_tag","embeddable":true,"href":"https:\/\/aymaramendoza.com.ar\/en\/wp-json\/wp\/v2\/product_tag?post=7093"},{"taxonomy":"dias","embeddable":true,"href":"https:\/\/aymaramendoza.com.ar\/en\/wp-json\/wp\/v2\/dias?post=7093"}],"curies":[{"name":"wp","href":"https:\/\/api.w.org\/{rel}","templated":true}]}}