{"id":6737,"date":"2024-12-17T12:05:52","date_gmt":"2024-12-17T15:05:52","guid":{"rendered":"https:\/\/aymaramendoza.com.ar\/?post_type=product&#038;p=6737"},"modified":"2025-06-09T13:36:06","modified_gmt":"2025-06-09T16:36:06","slug":"visita-a-bodega-el-enemigo-con-almuerzo-en-santa-julia-zuccardi","status":"publish","type":"product","link":"https:\/\/aymaramendoza.com.ar\/en\/servicios\/visita-a-bodega-el-enemigo-con-almuerzo-en-santa-julia-zuccardi\/","title":{"rendered":"VISITA A BODEGA EL ENEMIGO CON ALMUERZO EN SANTA JULIA ZUCCARDI"},"content":{"rendered":"<p><span data-contrast=\"none\">Un mediod\u00eda lleno de vinos y deliciosas comidas, apreciando los paisajes combinados con la infraestructura y particularidades de las bodegas.\u00a0<\/span><span data-ccp-props=\"{&quot;134233117&quot;:false,&quot;134233118&quot;:false,&quot;335559738&quot;:0,&quot;335559739&quot;:0}\">\u00a0<\/span><\/p>\n<p><span data-contrast=\"none\">Saldremos por la ma\u00f1ana, en direcci\u00f3n al oasis agr\u00edcola central para visitar la bodega \u201cEl Enemigo\u201d, \u00faltimo proyecto personal de Alejandro Vigil . Bodega reconocida como una \u00abCasa de arte\u00bb, acogiendo artistas y eventos culturales. La finca est\u00e1 dise\u00f1ada inspirada en la \u00abDivina Comedia\u00bb de Dante, incluyendo espacios tem\u00e1ticos como el Infierno, el Purgatorio y el Para\u00edso. Entre sus vinos destacados se encuentran El Enemigo Bonarda 2011 y el Gran Enemigo Gualtallaty 2010, ambos altamente calificados por expertos.<\/span><span data-ccp-props=\"{&quot;134233117&quot;:false,&quot;134233118&quot;:false,&quot;335559738&quot;:0,&quot;335559739&quot;:0}\">\u00a0<\/span><\/p>\n<p><span data-contrast=\"none\">En la visita, recorreremos sus instalaciones, donde conoceremos sus procesos de elaboraci\u00f3n, as\u00ed como el cuidado y a\u00f1ejamiento de los distintos tipos de vinos que ofrece la bodega.\u00a0\u00a0<\/span><span data-ccp-props=\"{&quot;134233117&quot;:false,&quot;134233118&quot;:false,&quot;335559738&quot;:0,&quot;335559739&quot;:0}\">\u00a0<\/span><\/p>\n<p><span data-contrast=\"none\">Finalizada la visita, nos dirigiremos a Bodega Santa Julia, emprendimiento de la familia Zuccardi en Maip\u00fa, a 30min del centro de Mendoza. All\u00ed recorreremos sus instalaciones y participaremos de un almuerzo gourmet de pasos en las cocinas de su restaurante \u201cCasa del Visitante\u201d, disfrutando de la degustaci\u00f3n de sus vinos. <\/span><span data-contrast=\"none\">After, we will pick you up at the winery in order to get back to the hotel.\u00a0<\/span><span data-ccp-props=\"{&quot;134233117&quot;:false,&quot;134233118&quot;:false,&quot;335559738&quot;:0,&quot;335559739&quot;:0}\">\u00a0<\/span><\/p>\n<ul>\n<li><strong>Outputs<\/strong><span data-contrast=\"none\">: Lun a Sab\u00a0<\/span><span data-ccp-props=\"{&quot;134233117&quot;:false,&quot;134233118&quot;:false,&quot;335559738&quot;:0,&quot;335559739&quot;:0}\">\u00a0<\/span><\/li>\n<li><strong>Time<\/strong><span data-contrast=\"none\">: A partir de las 8.30h\u00a0<\/span><span data-ccp-props=\"{&quot;134233117&quot;:false,&quot;134233118&quot;:false,&quot;335559738&quot;:0,&quot;335559739&quot;:0}\">\u00a0<\/span><\/li>\n<li><span data-contrast=\"none\"><strong>Duration<\/strong>:<\/span><span data-contrast=\"none\"> todo el a\u00f1o\u00a0\u00a0<\/span><span data-ccp-props=\"{&quot;134233117&quot;:false,&quot;134233118&quot;:false,&quot;335559738&quot;:0,&quot;335559739&quot;:0}\">\u00a0<\/span><\/li>\n<\/ul>\n<p><strong>Remarks:\u00a0 \u00a0<\/strong><\/p>\n<ul>\n<li data-leveltext=\"\uf0b7\" data-font=\"Symbol\" data-listid=\"65\" data-list-defn-props=\"{&quot;335552541&quot;:1,&quot;335559685&quot;:720,&quot;335559991&quot;:360,&quot;469769226&quot;:&quot;Symbol&quot;,&quot;469769242&quot;:[8226],&quot;469777803&quot;:&quot;left&quot;,&quot;469777804&quot;:&quot;\uf0b7&quot;,&quot;469777815&quot;:&quot;hybridMultilevel&quot;}\" aria-setsize=\"-1\" data-aria-posinset=\"1\" data-aria-level=\"1\"><span data-contrast=\"none\">Bodega sujeta a confirmaci\u00f3n de disponibilidad.\u00a0\u00a0<\/span><\/li>\n<\/ul>\n<ul>\n<li>Servicio opcional de gu\u00eda (Consultar cotizaci\u00f3n).<span data-ccp-props=\"{}\">\u00a0<\/span><\/li>\n<\/ul>\n<p>&nbsp;<\/p>\n<p><i><span data-contrast=\"none\"><strong>Note:<\/strong> Pasajeros alojados fuera del centro de la ciudad, consultar tarifas y modalidades.<\/span><\/i><span data-ccp-props=\"{&quot;134233117&quot;:false,&quot;134233118&quot;:false,&quot;335559738&quot;:0,&quot;335559739&quot;:0}\">\u00a0<\/span><\/p>","protected":false},"excerpt":{"rendered":"<p><span data-contrast=\"none\">Un mediod\u00eda lleno de vinos y deliciosas comidas, apreciando los paisajes combinados con la infraestructura y particularidades de las bodegas.\u00a0<\/span><span data-ccp-props=\"{&quot;134233117&quot;:false,&quot;134233118&quot;:false,&quot;335559738&quot;:0,&quot;335559739&quot;:0}\">\u00a0<\/span><\/p>","protected":false},"featured_media":6739,"comment_status":"open","ping_status":"closed","template":"","meta":[],"product_brand":[],"product_cat":[20,246],"product_tag":[],"dias":[],"class_list":{"0":"post-6737","1":"product","2":"type-product","3":"status-publish","4":"has-post-thumbnail","6":"product_cat-bodegas","7":"product_cat-mendoza","9":"first","10":"instock","11":"shipping-taxable","12":"product-type-simple"},"booking_location":null,"booking_location_type":null,"booking_duration":null,"booking_duration_unit":null,"booking_buffer":null,"booking_cost":null,"booking_resources":null,"jetpack_sharing_enabled":true,"_links":{"self":[{"href":"https:\/\/aymaramendoza.com.ar\/en\/wp-json\/wp\/v2\/product\/6737","targetHints":{"allow":["GET"]}}],"collection":[{"href":"https:\/\/aymaramendoza.com.ar\/en\/wp-json\/wp\/v2\/product"}],"about":[{"href":"https:\/\/aymaramendoza.com.ar\/en\/wp-json\/wp\/v2\/types\/product"}],"replies":[{"embeddable":true,"href":"https:\/\/aymaramendoza.com.ar\/en\/wp-json\/wp\/v2\/comments?post=6737"}],"version-history":[{"count":4,"href":"https:\/\/aymaramendoza.com.ar\/en\/wp-json\/wp\/v2\/product\/6737\/revisions"}],"predecessor-version":[{"id":7002,"href":"https:\/\/aymaramendoza.com.ar\/en\/wp-json\/wp\/v2\/product\/6737\/revisions\/7002"}],"wp:featuredmedia":[{"embeddable":true,"href":"https:\/\/aymaramendoza.com.ar\/en\/wp-json\/wp\/v2\/media\/6739"}],"wp:attachment":[{"href":"https:\/\/aymaramendoza.com.ar\/en\/wp-json\/wp\/v2\/media?parent=6737"}],"wp:term":[{"taxonomy":"product_brand","embeddable":true,"href":"https:\/\/aymaramendoza.com.ar\/en\/wp-json\/wp\/v2\/product_brand?post=6737"},{"taxonomy":"product_cat","embeddable":true,"href":"https:\/\/aymaramendoza.com.ar\/en\/wp-json\/wp\/v2\/product_cat?post=6737"},{"taxonomy":"product_tag","embeddable":true,"href":"https:\/\/aymaramendoza.com.ar\/en\/wp-json\/wp\/v2\/product_tag?post=6737"},{"taxonomy":"dias","embeddable":true,"href":"https:\/\/aymaramendoza.com.ar\/en\/wp-json\/wp\/v2\/dias?post=6737"}],"curies":[{"name":"wp","href":"https:\/\/api.w.org\/{rel}","templated":true}]}}