{"id":6501,"date":"2024-10-08T11:39:15","date_gmt":"2024-10-08T14:39:15","guid":{"rendered":"https:\/\/aymaramendoza.com.ar\/?post_type=product&#038;p=6501"},"modified":"2024-10-08T11:50:22","modified_gmt":"2024-10-08T14:50:22","slug":"entre-vides-y-copas-caminos-del-vino","status":"publish","type":"product","link":"https:\/\/aymaramendoza.com.ar\/en\/servicios\/entre-vides-y-copas-caminos-del-vino\/","title":{"rendered":"ENTRE VIDES Y COPAS &#8211; CAMINOS DEL VINO"},"content":{"rendered":"<p><span data-contrast=\"auto\">Una experiencia \u00fanica descubriendo la bodega artesanal Limbo, situada geogr\u00e1ficamente al borde del barranco que separa el oasis del desierto sanrafaelino. All\u00ed disfrutaremos de una degustaci\u00f3n atendida por sus propios due\u00f1os, quienes nos comparten su amor por la tierra, por los vi\u00f1edos y la elaboraci\u00f3n del vino como filosof\u00eda de vida.<\/span><span data-ccp-props=\"{&quot;134233117&quot;:false,&quot;134233118&quot;:false,&quot;335557856&quot;:16777215,&quot;335559738&quot;:0,&quot;335559739&quot;:216}\">\u00a0<\/span><\/p>\n<p><span data-contrast=\"auto\">Luego visitaremos la Bodega Fow, destinada a la micro vinificaci\u00f3n de partidas limitadas de alta gama, contando entre sus varietales, la cepa Bonarda. Recorreremos la bodega en la visita para finalizar con una degustaci\u00f3n de vino y disfrutar de una tabla con diferentes variedades de quesos.<\/span><span data-ccp-props=\"{&quot;134233117&quot;:false,&quot;134233118&quot;:false,&quot;335557856&quot;:16777215,&quot;335559738&quot;:0,&quot;335559739&quot;:216}\">\u00a0<\/span><\/p>\n<p><span data-ccp-props=\"{&quot;134233117&quot;:false,&quot;134233118&quot;:false,&quot;335557856&quot;:16777215,&quot;335559738&quot;:0,&quot;335559739&quot;:216}\">\u00a0<\/span><\/p>\n<ul>\n<li><span data-contrast=\"none\">Regular departures<\/span><span data-contrast=\"none\">: mi\u00e9rcoles y viernes<\/span><span data-ccp-props=\"{&quot;134233117&quot;:false,&quot;134233118&quot;:false,&quot;335557856&quot;:16777215,&quot;335559738&quot;:0,&quot;335559739&quot;:216}\">\u00a0<\/span><\/li>\n<li><span data-contrast=\"none\">Time<\/span><span data-contrast=\"none\">: a partir de las 08:30 hs hasta las 14.30hs aprox<\/span><span data-ccp-props=\"{&quot;134233117&quot;:false,&quot;134233118&quot;:false,&quot;335557856&quot;:16777215,&quot;335559738&quot;:0,&quot;335559739&quot;:216}\">\u00a0<\/span><\/li>\n<li><span data-contrast=\"none\">Duration:<\/span><span data-contrast=\"none\"> medio d\u00eda \u2013 salidas todo el a\u00f1o<\/span><span data-ccp-props=\"{&quot;134233117&quot;:false,&quot;134233118&quot;:false,&quot;335557856&quot;:16777215,&quot;335559738&quot;:0,&quot;335559739&quot;:216}\">\u00a0<\/span><\/li>\n<li><span data-contrast=\"none\">Recorrido aproximado<\/span><span data-contrast=\"none\">: 35km<\/span><span data-ccp-props=\"{&quot;134233117&quot;:false,&quot;134233118&quot;:false,&quot;335557856&quot;:16777215,&quot;335559738&quot;:0,&quot;335559739&quot;:216}\">\u00a0<\/span><\/li>\n<\/ul>","protected":false},"excerpt":{"rendered":"<p>Una experiencia \u00fanica descubriendo la bodega artesanal Limbo, situada geogr\u00e1ficamente al borde del barranco que separa el oasis del desierto sanrafaelino.<\/p>","protected":false},"featured_media":6504,"comment_status":"open","ping_status":"closed","template":"","meta":[],"product_brand":[],"product_cat":[20,51],"product_tag":[],"dias":[],"class_list":{"0":"post-6501","1":"product","2":"type-product","3":"status-publish","4":"has-post-thumbnail","6":"product_cat-bodegas","7":"product_cat-san-rafael","9":"first","10":"instock","11":"shipping-taxable","12":"product-type-simple"},"booking_location":null,"booking_location_type":null,"booking_duration":null,"booking_duration_unit":null,"booking_buffer":null,"booking_cost":null,"booking_resources":null,"jetpack_sharing_enabled":true,"_links":{"self":[{"href":"https:\/\/aymaramendoza.com.ar\/en\/wp-json\/wp\/v2\/product\/6501","targetHints":{"allow":["GET"]}}],"collection":[{"href":"https:\/\/aymaramendoza.com.ar\/en\/wp-json\/wp\/v2\/product"}],"about":[{"href":"https:\/\/aymaramendoza.com.ar\/en\/wp-json\/wp\/v2\/types\/product"}],"replies":[{"embeddable":true,"href":"https:\/\/aymaramendoza.com.ar\/en\/wp-json\/wp\/v2\/comments?post=6501"}],"version-history":[{"count":1,"href":"https:\/\/aymaramendoza.com.ar\/en\/wp-json\/wp\/v2\/product\/6501\/revisions"}],"predecessor-version":[{"id":6503,"href":"https:\/\/aymaramendoza.com.ar\/en\/wp-json\/wp\/v2\/product\/6501\/revisions\/6503"}],"wp:featuredmedia":[{"embeddable":true,"href":"https:\/\/aymaramendoza.com.ar\/en\/wp-json\/wp\/v2\/media\/6504"}],"wp:attachment":[{"href":"https:\/\/aymaramendoza.com.ar\/en\/wp-json\/wp\/v2\/media?parent=6501"}],"wp:term":[{"taxonomy":"product_brand","embeddable":true,"href":"https:\/\/aymaramendoza.com.ar\/en\/wp-json\/wp\/v2\/product_brand?post=6501"},{"taxonomy":"product_cat","embeddable":true,"href":"https:\/\/aymaramendoza.com.ar\/en\/wp-json\/wp\/v2\/product_cat?post=6501"},{"taxonomy":"product_tag","embeddable":true,"href":"https:\/\/aymaramendoza.com.ar\/en\/wp-json\/wp\/v2\/product_tag?post=6501"},{"taxonomy":"dias","embeddable":true,"href":"https:\/\/aymaramendoza.com.ar\/en\/wp-json\/wp\/v2\/dias?post=6501"}],"curies":[{"name":"wp","href":"https:\/\/api.w.org\/{rel}","templated":true}]}}