{"id":6493,"date":"2024-10-08T10:32:25","date_gmt":"2024-10-08T13:32:25","guid":{"rendered":"https:\/\/aymaramendoza.com.ar\/?post_type=product&#038;p=6493"},"modified":"2025-06-09T13:26:53","modified_gmt":"2025-06-09T16:26:53","slug":"experiencia-almuerzo-o-cena-en-bodega-el-enemigo","status":"publish","type":"product","link":"https:\/\/aymaramendoza.com.ar\/en\/servicios\/experiencia-almuerzo-o-cena-en-bodega-el-enemigo\/","title":{"rendered":"EXPERIENCIA ALMUERZO EN BODEGA EL ENEMIGO"},"content":{"rendered":"<p><span data-contrast=\"auto\">En Casa Vigil, cada plato se elabora con productos de la huerta familiar, inspir\u00e1ndose en los productos que florecen en cada estaci\u00f3n y que se plasman en recetas familiares. Arte e historia son los pilares de esta gran experiencia sensorial. Vinos con excelentes calificaciones internacionales son el gran tesoro de la casa.\u00a0<\/span><span data-ccp-props=\"{}\">\u00a0<\/span><\/p>\n<p><span data-contrast=\"auto\">Le recogeremos en su hotel y le llevaremos a la bodega El Enemigo para disfrutar de un almuerzo en Casa Vigil. Disfrutar\u00e1 de la experiencia de degustar los vinos maridados con un men\u00fa de almuerzo de tres platos. Despu\u00e9s, le recogeremos en la bodega para llevarle de vuelta a su hotel.<\/span><span data-ccp-props=\"{}\">\u00a0<\/span><\/p>\n<p><span data-ccp-props=\"{}\">\u00a0<strong>General Data:<\/strong><\/span><\/p>\n<ul>\n<li><strong>Outputs<\/strong><span data-contrast=\"auto\"><strong>:<\/strong> de lunes a s\u00e1bado<\/span><span data-ccp-props=\"{}\">\u00a0<\/span><\/li>\n<li><strong>Hours<\/strong><span data-contrast=\"auto\"><strong>:<\/strong> Almuerzos: a partir de las 11.30 h\u00a0<\/span><\/li>\n<li><strong>Duration<\/strong><span data-contrast=\"auto\"><strong>:<\/strong> todo el a\u00f1o<\/span><span data-ccp-props=\"{}\">\u00a0<\/span><\/li>\n<\/ul>\n<p><strong>Comments<\/strong><span data-contrast=\"auto\"><strong>:<\/strong> wineries subject to availability<\/span><span data-ccp-props=\"{}\">\u00a0<\/span><\/p>\n<p>&nbsp;<\/p>\n<p><strong><i>Note: Passengers staying outside the city center, check rates and modalities.<\/i><\/strong><\/p>","protected":false},"excerpt":{"rendered":"<p>En Casa Vigil cada plato est\u00e1 elaborado con productos de la huerta familiar, inspirados en los productos que en cada \u00e9poca del a\u00f1o florece en plenitud y se expresan en las recetas familiares.<\/p>","protected":false},"featured_media":6844,"comment_status":"open","ping_status":"closed","template":"","meta":[],"product_brand":[],"product_cat":[20,246],"product_tag":[],"dias":[],"class_list":{"0":"post-6493","1":"product","2":"type-product","3":"status-publish","4":"has-post-thumbnail","6":"product_cat-bodegas","7":"product_cat-mendoza","9":"first","10":"instock","11":"shipping-taxable","12":"product-type-simple"},"booking_location":null,"booking_location_type":null,"booking_duration":null,"booking_duration_unit":null,"booking_buffer":null,"booking_cost":null,"booking_resources":null,"jetpack_sharing_enabled":true,"_links":{"self":[{"href":"https:\/\/aymaramendoza.com.ar\/en\/wp-json\/wp\/v2\/product\/6493","targetHints":{"allow":["GET"]}}],"collection":[{"href":"https:\/\/aymaramendoza.com.ar\/en\/wp-json\/wp\/v2\/product"}],"about":[{"href":"https:\/\/aymaramendoza.com.ar\/en\/wp-json\/wp\/v2\/types\/product"}],"replies":[{"embeddable":true,"href":"https:\/\/aymaramendoza.com.ar\/en\/wp-json\/wp\/v2\/comments?post=6493"}],"version-history":[{"count":3,"href":"https:\/\/aymaramendoza.com.ar\/en\/wp-json\/wp\/v2\/product\/6493\/revisions"}],"predecessor-version":[{"id":6843,"href":"https:\/\/aymaramendoza.com.ar\/en\/wp-json\/wp\/v2\/product\/6493\/revisions\/6843"}],"wp:featuredmedia":[{"embeddable":true,"href":"https:\/\/aymaramendoza.com.ar\/en\/wp-json\/wp\/v2\/media\/6844"}],"wp:attachment":[{"href":"https:\/\/aymaramendoza.com.ar\/en\/wp-json\/wp\/v2\/media?parent=6493"}],"wp:term":[{"taxonomy":"product_brand","embeddable":true,"href":"https:\/\/aymaramendoza.com.ar\/en\/wp-json\/wp\/v2\/product_brand?post=6493"},{"taxonomy":"product_cat","embeddable":true,"href":"https:\/\/aymaramendoza.com.ar\/en\/wp-json\/wp\/v2\/product_cat?post=6493"},{"taxonomy":"product_tag","embeddable":true,"href":"https:\/\/aymaramendoza.com.ar\/en\/wp-json\/wp\/v2\/product_tag?post=6493"},{"taxonomy":"dias","embeddable":true,"href":"https:\/\/aymaramendoza.com.ar\/en\/wp-json\/wp\/v2\/dias?post=6493"}],"curies":[{"name":"wp","href":"https:\/\/api.w.org\/{rel}","templated":true}]}}