{"id":6488,"date":"2024-10-07T14:05:45","date_gmt":"2024-10-07T17:05:45","guid":{"rendered":"https:\/\/aymaramendoza.com.ar\/?post_type=product&#038;p=6488"},"modified":"2025-06-09T13:26:05","modified_gmt":"2025-06-09T16:26:05","slug":"experiencia-almuerzo-o-cena-en-angelica-cocinas","status":"publish","type":"product","link":"https:\/\/aymaramendoza.com.ar\/en\/servicios\/experiencia-almuerzo-o-cena-en-angelica-cocinas\/","title":{"rendered":"EXPERIENCIA ALMUERZO O CENA EN ANG\u00c9LICA COCINAS"},"content":{"rendered":"<p><span data-contrast=\"auto\">Saber combinar los sabores de la comida y el vino es una especialidad de las bodegas mendocinas, y en esta ocasi\u00f3n lo invitamos a degustar esta combinaci\u00f3n bajo una nueva propuesta arquitect\u00f3nica, que hace posible la elaboraci\u00f3n de estos vinos y una gastronom\u00eda con identidad nacional.<\/span><span data-ccp-props=\"{}\">\u00a0<\/span><\/p>\n<p><span data-contrast=\"auto\">Lo pasaremos a buscar por su hotel y lo llevaremos a la bodega Catena Zapata para disfrutar de un almuerzo\/cena en el restaurante Ang\u00e9lica, Cocina Maestra. Experimente una cata de vinos maridada con un men\u00fa de pasos. \u00a0(<em>*Consultar por la cantidad de pasos<\/em>).\u00a0 Despu\u00e9s le recogeremos en la bodega para regresar al hotel.<\/span><span data-ccp-props=\"{}\">\u00a0<\/span><\/p>\n<p><strong>\u00a0Datos generales:\u00a0<\/strong><\/p>\n<ul>\n<li><strong>Outputs<\/strong><span data-contrast=\"auto\"><strong>: Almuerzo:<\/strong> todos los d\u00edas \/ Cena: de mi\u00e9rcoles a s\u00e1bado<\/span><\/li>\n<li><strong>Time:<\/strong><span data-contrast=\"auto\"> Almuerzos: 12h\/14h &#8211; Cenas: a partir de las 19h30.<\/span><\/li>\n<li><strong>Duration:<\/strong> <span data-contrast=\"auto\">todo el a\u00f1o (*<em>Sujeto a confirmaci\u00f3n de disponibilidad<\/em>)<\/span><\/li>\n<\/ul>\n<p><strong>Comments<\/strong><span data-contrast=\"auto\"><strong>:<\/strong> bodega sujeta a disponibilidad<\/span><span data-ccp-props=\"{}\">\u00a0<\/span><\/p>\n<p><span data-ccp-props=\"{}\">\u00a0<\/span><\/p>\n<p><strong><i>Nota: para pasajeros alojados fuera del centro de la ciudad, consultar tarifas y modalidades.<\/i>\u00a0<\/strong><\/p>","protected":false},"excerpt":{"rendered":"<p>Saber combinar los sabores de la comida y el vino es una especialidad de las bodegas mendocinas, y en esta ocasi\u00f3n lo invitamos a degustar esta combinaci\u00f3n bajo una nueva propuesta arquitect\u00f3nica, que hace posible la elaboraci\u00f3n de estos vinos y una gastronom\u00eda con identidad nacional.\u00a0 Lo pasaremos a buscar por su hotel y lo [&hellip;]<\/p>","protected":false},"featured_media":6490,"comment_status":"open","ping_status":"closed","template":"","meta":[],"product_brand":[],"product_cat":[20,246],"product_tag":[],"dias":[],"class_list":{"0":"post-6488","1":"product","2":"type-product","3":"status-publish","4":"has-post-thumbnail","6":"product_cat-bodegas","7":"product_cat-mendoza","9":"first","10":"instock","11":"shipping-taxable","12":"product-type-simple"},"booking_location":null,"booking_location_type":null,"booking_duration":null,"booking_duration_unit":null,"booking_buffer":null,"booking_cost":null,"booking_resources":null,"jetpack_sharing_enabled":true,"_links":{"self":[{"href":"https:\/\/aymaramendoza.com.ar\/en\/wp-json\/wp\/v2\/product\/6488","targetHints":{"allow":["GET"]}}],"collection":[{"href":"https:\/\/aymaramendoza.com.ar\/en\/wp-json\/wp\/v2\/product"}],"about":[{"href":"https:\/\/aymaramendoza.com.ar\/en\/wp-json\/wp\/v2\/types\/product"}],"replies":[{"embeddable":true,"href":"https:\/\/aymaramendoza.com.ar\/en\/wp-json\/wp\/v2\/comments?post=6488"}],"version-history":[{"count":4,"href":"https:\/\/aymaramendoza.com.ar\/en\/wp-json\/wp\/v2\/product\/6488\/revisions"}],"predecessor-version":[{"id":7000,"href":"https:\/\/aymaramendoza.com.ar\/en\/wp-json\/wp\/v2\/product\/6488\/revisions\/7000"}],"wp:featuredmedia":[{"embeddable":true,"href":"https:\/\/aymaramendoza.com.ar\/en\/wp-json\/wp\/v2\/media\/6490"}],"wp:attachment":[{"href":"https:\/\/aymaramendoza.com.ar\/en\/wp-json\/wp\/v2\/media?parent=6488"}],"wp:term":[{"taxonomy":"product_brand","embeddable":true,"href":"https:\/\/aymaramendoza.com.ar\/en\/wp-json\/wp\/v2\/product_brand?post=6488"},{"taxonomy":"product_cat","embeddable":true,"href":"https:\/\/aymaramendoza.com.ar\/en\/wp-json\/wp\/v2\/product_cat?post=6488"},{"taxonomy":"product_tag","embeddable":true,"href":"https:\/\/aymaramendoza.com.ar\/en\/wp-json\/wp\/v2\/product_tag?post=6488"},{"taxonomy":"dias","embeddable":true,"href":"https:\/\/aymaramendoza.com.ar\/en\/wp-json\/wp\/v2\/dias?post=6488"}],"curies":[{"name":"wp","href":"https:\/\/api.w.org\/{rel}","templated":true}]}}