{"id":6482,"date":"2024-10-07T13:09:32","date_gmt":"2024-10-07T16:09:32","guid":{"rendered":"https:\/\/aymaramendoza.com.ar\/?post_type=product&#038;p=6482"},"modified":"2025-06-09T13:25:19","modified_gmt":"2025-06-09T16:25:19","slug":"full-catena-con-almuerzo-en-angelica","status":"publish","type":"product","link":"https:\/\/aymaramendoza.com.ar\/en\/servicios\/full-catena-con-almuerzo-en-angelica\/","title":{"rendered":"FULL CATENA CON ALMUERZO EN ANG\u00c9LICA"},"content":{"rendered":"<p><b><span data-contrast=\"auto\">Full Catena (Degustaci\u00f3n Catena Zapata con almuerzo en Ang\u00e9lica)<\/span><\/b><span data-ccp-props=\"{}\">\u00a0<\/span><\/p>\n<p><span data-contrast=\"auto\">Por la ma\u00f1ana, nos reuniremos con nuestro gu\u00eda, que nos acompa\u00f1ar\u00e1 durante toda la visita. Saldremos del hotel en direcci\u00f3n al oasis agr\u00edcola central para visitar Catena Zapata.<\/span><span data-ccp-props=\"{}\">\u00a0<\/span><\/p>\n<p><span data-contrast=\"auto\">Nuestra experiencia propone visitar la bodega, recorrer sus instalaciones donde conoceremos las distintas variedades de la regi\u00f3n, sus procesos de elaboraci\u00f3n, as\u00ed como el cuidado y a\u00f1ejamiento de los distintos tipos de vinos, para luego dirigirnos a los fogones de Ang\u00e9lica, Cocina Maestra y participar de un almuerzo gourmet de pasos maridados, disfrutando de la degustaci\u00f3n de sus vinos. <\/span><span data-ccp-props=\"{}\">(<em>*Consultar por la cantidad de pasos<\/em>)\u00a0<\/span><\/p>\n<p><strong>General Data:\u00a0<\/strong><\/p>\n<ul>\n<li><span data-contrast=\"auto\">Outputs<\/span><span data-contrast=\"auto\">: De martes a s\u00e1bado<\/span><\/li>\n<li>Time<span data-contrast=\"auto\">: A partir de las 8.30h<\/span><\/li>\n<li>Hours<span data-contrast=\"auto\">: 12h y 14h (*sujeto a disponibilidad)<\/span><\/li>\n<li>Duration<span data-contrast=\"auto\">: all day \u2013 trips throughout the year<\/span><\/li>\n<\/ul>\n<p><strong>Observaci\u00f3n<\/strong><span data-contrast=\"auto\"><strong>:<\/strong> <\/span><\/p>\n<ul>\n<li><span data-contrast=\"auto\">B<\/span><span data-contrast=\"auto\">odega sujeta a disponibilidad<\/span><\/li>\n<li>Servicio opcional de gu\u00eda (Consultar cotizaci\u00f3n).<span data-ccp-props=\"{}\">\u00a0<\/span><\/li>\n<\/ul>\n<p><span data-ccp-props=\"{}\">\u00a0<\/span><\/p>\n<p><strong><i>Note: passengers staying out of the radio central, check rates and mode<\/i>\u00a0<\/strong><\/p>\n<p><span data-ccp-props=\"{}\">\u00a0<\/span><\/p>","protected":false},"excerpt":{"rendered":"<p>Visita, disfruta y degusta los vinos mas ic\u00f3nicos de Catena Zapata y prob\u00e1 los mejores platos regionales en las cocinas de <span class=\"TextRun SCXW170163907 BCX8\" lang=\"ES-419\" xml:lang=\"ES-419\" data-contrast=\"auto\"><span class=\"NormalTextRun SCXW170163907 BCX8\">Ang\u00e9lica, Cocina Maestra.<\/span><\/span><\/p>\n<p>&nbsp;<\/p>\n<p>&nbsp;<\/p>","protected":false},"featured_media":6483,"comment_status":"open","ping_status":"closed","template":"","meta":[],"product_brand":[],"product_cat":[20,246],"product_tag":[],"dias":[],"class_list":{"0":"post-6482","1":"product","2":"type-product","3":"status-publish","4":"has-post-thumbnail","6":"product_cat-bodegas","7":"product_cat-mendoza","9":"first","10":"instock","11":"shipping-taxable","12":"product-type-simple"},"booking_location":null,"booking_location_type":null,"booking_duration":null,"booking_duration_unit":null,"booking_buffer":null,"booking_cost":null,"booking_resources":null,"jetpack_sharing_enabled":true,"_links":{"self":[{"href":"https:\/\/aymaramendoza.com.ar\/en\/wp-json\/wp\/v2\/product\/6482","targetHints":{"allow":["GET"]}}],"collection":[{"href":"https:\/\/aymaramendoza.com.ar\/en\/wp-json\/wp\/v2\/product"}],"about":[{"href":"https:\/\/aymaramendoza.com.ar\/en\/wp-json\/wp\/v2\/types\/product"}],"replies":[{"embeddable":true,"href":"https:\/\/aymaramendoza.com.ar\/en\/wp-json\/wp\/v2\/comments?post=6482"}],"version-history":[{"count":3,"href":"https:\/\/aymaramendoza.com.ar\/en\/wp-json\/wp\/v2\/product\/6482\/revisions"}],"predecessor-version":[{"id":6999,"href":"https:\/\/aymaramendoza.com.ar\/en\/wp-json\/wp\/v2\/product\/6482\/revisions\/6999"}],"wp:featuredmedia":[{"embeddable":true,"href":"https:\/\/aymaramendoza.com.ar\/en\/wp-json\/wp\/v2\/media\/6483"}],"wp:attachment":[{"href":"https:\/\/aymaramendoza.com.ar\/en\/wp-json\/wp\/v2\/media?parent=6482"}],"wp:term":[{"taxonomy":"product_brand","embeddable":true,"href":"https:\/\/aymaramendoza.com.ar\/en\/wp-json\/wp\/v2\/product_brand?post=6482"},{"taxonomy":"product_cat","embeddable":true,"href":"https:\/\/aymaramendoza.com.ar\/en\/wp-json\/wp\/v2\/product_cat?post=6482"},{"taxonomy":"product_tag","embeddable":true,"href":"https:\/\/aymaramendoza.com.ar\/en\/wp-json\/wp\/v2\/product_tag?post=6482"},{"taxonomy":"dias","embeddable":true,"href":"https:\/\/aymaramendoza.com.ar\/en\/wp-json\/wp\/v2\/dias?post=6482"}],"curies":[{"name":"wp","href":"https:\/\/api.w.org\/{rel}","templated":true}]}}