{"id":6478,"date":"2024-10-07T11:43:09","date_gmt":"2024-10-07T14:43:09","guid":{"rendered":"https:\/\/aymaramendoza.com.ar\/?post_type=product&#038;p=6478"},"modified":"2024-10-07T11:44:45","modified_gmt":"2024-10-07T14:44:45","slug":"bike-tasting-con-almuerzo-en-casa-del-visitante","status":"publish","type":"product","link":"https:\/\/aymaramendoza.com.ar\/en\/servicios\/bike-tasting-con-almuerzo-en-casa-del-visitante\/","title":{"rendered":"BIKE &#038; TASTING CON ALMUERZO EN CASA DEL VISITANTE"},"content":{"rendered":"<p><span data-contrast=\"auto\">Esta propuesta de paseo en bicicleta te permite disfrutar de un paisaje de vi\u00f1edos y conocer una genuina finca de producci\u00f3n vitivin\u00edcola mendocina.\u00a0<\/span><span data-ccp-props=\"{}\">\u00a0<\/span><\/p>\n<p><span data-contrast=\"auto\">Saldremos por la ma\u00f1ana con destino al oasis central vitivin\u00edcola, en la zona de Maip\u00fa, con direcci\u00f3n a la bodega Santa Julia de Familia Zuccardi. Una vez en la bodega se nos entregar\u00e1 una bicicleta y casco y el gu\u00eda dar\u00e1 una peque\u00f1a charla introductoria de la bodega y c\u00f3mo funcionar\u00e1 el recorrido.<\/span><span data-ccp-props=\"{}\">\u00a0<\/span><\/p>\n<p><span data-contrast=\"auto\">Durante el recorrido y en paradas estrat\u00e9gicas haremos una pausa para degustar los vinos de la Bodega. La actividad se cierra en Casa del Visitante con las empanadas de La Chacha al pie del horno de barro o bien con la propuesta de almuerzo completo con el Men\u00fa de Fuego y Huerta. <\/span> <span data-ccp-props=\"{}\">\u00a0<\/span><span data-contrast=\"auto\">Finalizada la experiencia, regresamos a la ciudad de Mendoza.\u00a0<\/span><span data-ccp-props=\"{}\">\u00a0<\/span><\/p>\n<p><span data-ccp-props=\"{}\"><strong>\u00a0Datos generales:<\/strong> <\/span><\/p>\n<ul>\n<li><span data-contrast=\"auto\">Outputs<\/span><span data-contrast=\"auto\">: martes, jueves y s\u00e1bados<\/span><\/li>\n<li>Time<span data-contrast=\"auto\">: a partir de las 8:45 hs<\/span><\/li>\n<li>Duration<span data-contrast=\"auto\">: half-day \u2013 trips throughout the year<\/span><span data-ccp-props=\"{}\">\u00a0<\/span><\/li>\n<\/ul>\n<p><strong>Remarks:\u00a0\u00a0<\/strong><\/p>\n<ul>\n<li data-leveltext=\"\u00b7\" data-font=\"Symbol\" data-listid=\"49\" data-list-defn-props=\"{&quot;335552541&quot;:1,&quot;335559685&quot;:720,&quot;335559991&quot;:360,&quot;469769226&quot;:&quot;Symbol&quot;,&quot;469769242&quot;:[8226],&quot;469777803&quot;:&quot;left&quot;,&quot;469777804&quot;:&quot;\u00b7&quot;,&quot;469777815&quot;:&quot;hybridMultilevel&quot;}\" aria-setsize=\"-1\" data-aria-posinset=\"1\" data-aria-level=\"1\"><span data-contrast=\"auto\">D\u00edas sujetos a disponibilidad de la bodega<\/span><span data-ccp-props=\"{}\">\u00a0<\/span><\/li>\n<li data-leveltext=\"\u00b7\" data-font=\"Symbol\" data-listid=\"49\" data-list-defn-props=\"{&quot;335552541&quot;:1,&quot;335559685&quot;:720,&quot;335559991&quot;:360,&quot;469769226&quot;:&quot;Symbol&quot;,&quot;469769242&quot;:[8226],&quot;469777803&quot;:&quot;left&quot;,&quot;469777804&quot;:&quot;\u00b7&quot;,&quot;469777815&quot;:&quot;hybridMultilevel&quot;}\" aria-setsize=\"-1\" data-aria-posinset=\"1\" data-aria-level=\"1\"><span data-contrast=\"auto\">En \u00e9poca invernal no se realiza la excursi\u00f3n (Julio a Setiembre)<\/span><span data-ccp-props=\"{&quot;134233117&quot;:false,&quot;134233118&quot;:false,&quot;335559685&quot;:720,&quot;335559737&quot;:0,&quot;335559738&quot;:0,&quot;335559739&quot;:0,&quot;335559991&quot;:360}\">\u00a0<\/span><\/li>\n<\/ul>\n<p><span data-ccp-props=\"{&quot;134233117&quot;:false,&quot;134233118&quot;:false,&quot;335559738&quot;:0,&quot;335559739&quot;:0}\">\u00a0<\/span><span data-ccp-props=\"{}\">\u00a0<\/span><strong><i>Note: passengers staying out of the radio central, check rates and mode<\/i>\u00a0<\/strong><\/p>","protected":false},"excerpt":{"rendered":"<p>Esta propuesta de paseo en bicicleta te permite disfrutar de un paisaje de vi\u00f1edos, m\u00e1s un Almuerzo en Casa del Visitante.<\/p>","protected":false},"featured_media":6481,"comment_status":"open","ping_status":"closed","template":"","meta":[],"product_brand":[],"product_cat":[20,246],"product_tag":[],"dias":[],"class_list":{"0":"post-6478","1":"product","2":"type-product","3":"status-publish","4":"has-post-thumbnail","6":"product_cat-bodegas","7":"product_cat-mendoza","9":"first","10":"instock","11":"shipping-taxable","12":"product-type-simple"},"booking_location":null,"booking_location_type":null,"booking_duration":null,"booking_duration_unit":null,"booking_buffer":null,"booking_cost":null,"booking_resources":null,"jetpack_sharing_enabled":true,"_links":{"self":[{"href":"https:\/\/aymaramendoza.com.ar\/en\/wp-json\/wp\/v2\/product\/6478","targetHints":{"allow":["GET"]}}],"collection":[{"href":"https:\/\/aymaramendoza.com.ar\/en\/wp-json\/wp\/v2\/product"}],"about":[{"href":"https:\/\/aymaramendoza.com.ar\/en\/wp-json\/wp\/v2\/types\/product"}],"replies":[{"embeddable":true,"href":"https:\/\/aymaramendoza.com.ar\/en\/wp-json\/wp\/v2\/comments?post=6478"}],"version-history":[{"count":1,"href":"https:\/\/aymaramendoza.com.ar\/en\/wp-json\/wp\/v2\/product\/6478\/revisions"}],"predecessor-version":[{"id":6480,"href":"https:\/\/aymaramendoza.com.ar\/en\/wp-json\/wp\/v2\/product\/6478\/revisions\/6480"}],"wp:featuredmedia":[{"embeddable":true,"href":"https:\/\/aymaramendoza.com.ar\/en\/wp-json\/wp\/v2\/media\/6481"}],"wp:attachment":[{"href":"https:\/\/aymaramendoza.com.ar\/en\/wp-json\/wp\/v2\/media?parent=6478"}],"wp:term":[{"taxonomy":"product_brand","embeddable":true,"href":"https:\/\/aymaramendoza.com.ar\/en\/wp-json\/wp\/v2\/product_brand?post=6478"},{"taxonomy":"product_cat","embeddable":true,"href":"https:\/\/aymaramendoza.com.ar\/en\/wp-json\/wp\/v2\/product_cat?post=6478"},{"taxonomy":"product_tag","embeddable":true,"href":"https:\/\/aymaramendoza.com.ar\/en\/wp-json\/wp\/v2\/product_tag?post=6478"},{"taxonomy":"dias","embeddable":true,"href":"https:\/\/aymaramendoza.com.ar\/en\/wp-json\/wp\/v2\/dias?post=6478"}],"curies":[{"name":"wp","href":"https:\/\/api.w.org\/{rel}","templated":true}]}}