{"id":6349,"date":"2024-09-25T11:35:44","date_gmt":"2024-09-25T14:35:44","guid":{"rendered":"https:\/\/aymaramendoza.com.ar\/?post_type=product&#038;p=6349"},"modified":"2024-10-03T11:52:17","modified_gmt":"2024-10-03T14:52:17","slug":"paquete-programa-de-lujo-con-alojamiento","status":"publish","type":"product","link":"https:\/\/aymaramendoza.com.ar\/en\/servicios\/paquete-programa-de-lujo-con-alojamiento\/","title":{"rendered":"Package Program \u2013 Luxury Accommodation"},"content":{"rendered":"<p><strong><em>Package Program \u2013 Luxury Accommodation<\/em><\/strong><\/p>\n<p>Activity with stay 6d\u00edas\/5noches<\/p>\n<p><b>1\u00ba\u00a0<em>Day<\/em>\u00a0\u2013\u00a0<\/b>Reception at the airport or bus terminal and transfer to the hotel. <span class=\"OYPEnA font-feature-liga-off font-feature-clig-off font-feature-calt-off text-decoration-none text-strikethrough-none\">In the afternoon, we will visit the city of Mendoza, one of the most beautiful in the country, where we will walk through the most important points such as the Plaza Independencia, Parque General San Mart\u00edn, Cerro de la Gloria and the Greek Theatre Frank Romero Day, headquarters of the recognized National Harvest Festival.<\/span><\/p>\n<p><em><b>2nd Day \u2013 <\/b><\/em><span class=\"OYPEnA font-feature-liga-off font-feature-clig-off font-feature-calt-off text-decoration-none text-strikethrough-none\">Breakfast. <\/span><span class=\"OYPEnA font-feature-liga-off font-feature-clig-off font-feature-calt-off text-decoration-none text-strikethrough-none\">In the morning, we will leave the hotel in the direction of the oasis agricultural central to visit three wineries of our selected tour. Tour their facilities, we will enjoy a tasting of their wines and learn about the care, aging and bottling of its systems of production of grapes and half a day<\/span><span class=\"OYPEnA font-feature-liga-off font-feature-clig-off font-feature-calt-off text-decoration-none text-strikethrough-none\">enjoy a gourmet lunch, where we will practice techniques of wine tasting. In the afternoon, return to the Hotel.\u00a0<\/span><\/p>\n<p><b>3\u00ba\u00a0<em>Day \u2013 <\/em><\/b><span class=\"OYPEnA font-feature-liga-off font-feature-clig-off font-feature-calt-off text-decoration-none text-strikethrough-none\">Breakfast. Output to the High Mountain tour full day. <\/span><span class=\"OYPEnA font-feature-liga-off font-feature-clig-off font-feature-calt-off text-decoration-none text-strikethrough-none\">In the morning, we will pick you up from your accommodation and drive to Route 7, where we will pass by extraordinary landscapes as Potrerillos and Uspallata. We will arrive to the center of Los Penitentes ski and shortly after we arrive at Puente del Inca. We will make a stop at the viewpoint of the Aconcagua to enjoy the scenery. Finally, we will visit the village of The Caves. In the afternoon, return to the Hotel.\u00a0<\/span><\/p>\n<p><b>4\u00ba<em>\u00a0Day<\/em> \u2013\u00a0<\/b><strong><span class=\"OYPEnA font-feature-liga-off font-feature-clig-off font-feature-calt-off text-decoration-none text-strikethrough-none\">Optional excursion<\/span><\/strong> <span class=\"OYPEnA font-feature-liga-off font-feature-clig-off font-feature-calt-off text-decoration-none text-strikethrough-none\">\u2013 Passengers can choose one of the following activities:<\/span><\/p>\n<ul>\n<li><span class=\"OYPEnA font-feature-liga-off font-feature-clig-off font-feature-calt-off text-decoration-none text-strikethrough-none\">Horse Hummingbird<\/span><\/li>\n<li><span class=\"OYPEnA font-feature-liga-off font-feature-clig-off font-feature-calt-off text-decoration-none text-strikethrough-none\">Full day Spa Hamam (Entrecielos)<\/span><\/li>\n<li><span class=\"OYPEnA font-feature-liga-off font-feature-clig-off font-feature-calt-off text-decoration-none text-strikethrough-none\">Ride in a hot Air Balloon. (Subject to availability and weather conditions).<\/span><\/li>\n<li><span class=\"OYPEnA font-feature-liga-off font-feature-clig-off font-feature-calt-off text-decoration-none text-strikethrough-none\">By the afternoon, you will return to the lodge in the centre of the city.<\/span><\/li>\n<\/ul>\n<p><b>5\u00ba<em> Day <\/em><\/b><em><b>\u2013<\/b> <\/em><span class=\"OYPEnA font-feature-liga-off font-feature-clig-off font-feature-calt-off text-decoration-none text-strikethrough-none\">Breakfast. <\/span><span class=\"OYPEnA font-feature-liga-off font-feature-clig-off font-feature-calt-off text-decoration-none text-strikethrough-none\">In the morning, we will head to the flourishing oasis in the Uco Valley, where some of the most prestigious wineries producing wines of high range, and the landscape adds a unique value to this tour. We will visit three wineries selected where we will explore its facilities, taste their wines, and at noon, we will enjoy a gourmet lunch, <\/span><span class=\"OYPEnA font-feature-liga-off font-feature-clig-off font-feature-calt-off text-decoration-none text-strikethrough-none\">we will practice techniques of wine tasting, and taste their wines. By the afternoon, you will return to the lodge in the centre of the city.<\/span><\/p>\n<p><b>6\u00ba<em> Day <\/em><\/b><em><b>\u2013 <\/b><\/em>Breakfast and check-out. At the agreed time, transfer from the hotel to the airport or bus terminal Mendoza.<\/p>","protected":false},"excerpt":{"rendered":"<p>Un programa de lujo que combina la emoci\u00f3n de las actividades al aire libre con la sofisticaci\u00f3n de un alojamiento de lujo, visitas privadas a vi\u00f1edos y almuerzos gourmet, creando una experiencia estimulante como elegante en Mendoza.<\/p>","protected":false},"featured_media":6470,"comment_status":"open","ping_status":"closed","template":"","meta":[],"product_brand":[],"product_cat":[246,194],"product_tag":[],"dias":[],"class_list":{"0":"post-6349","1":"product","2":"type-product","3":"status-publish","4":"has-post-thumbnail","6":"product_cat-mendoza","7":"product_cat-paquetes","9":"first","10":"instock","11":"shipping-taxable","12":"product-type-simple"},"booking_location":null,"booking_location_type":null,"booking_duration":null,"booking_duration_unit":null,"booking_buffer":null,"booking_cost":null,"booking_resources":null,"jetpack_sharing_enabled":true,"_links":{"self":[{"href":"https:\/\/aymaramendoza.com.ar\/en\/wp-json\/wp\/v2\/product\/6349","targetHints":{"allow":["GET"]}}],"collection":[{"href":"https:\/\/aymaramendoza.com.ar\/en\/wp-json\/wp\/v2\/product"}],"about":[{"href":"https:\/\/aymaramendoza.com.ar\/en\/wp-json\/wp\/v2\/types\/product"}],"replies":[{"embeddable":true,"href":"https:\/\/aymaramendoza.com.ar\/en\/wp-json\/wp\/v2\/comments?post=6349"}],"version-history":[{"count":6,"href":"https:\/\/aymaramendoza.com.ar\/en\/wp-json\/wp\/v2\/product\/6349\/revisions"}],"predecessor-version":[{"id":6471,"href":"https:\/\/aymaramendoza.com.ar\/en\/wp-json\/wp\/v2\/product\/6349\/revisions\/6471"}],"wp:featuredmedia":[{"embeddable":true,"href":"https:\/\/aymaramendoza.com.ar\/en\/wp-json\/wp\/v2\/media\/6470"}],"wp:attachment":[{"href":"https:\/\/aymaramendoza.com.ar\/en\/wp-json\/wp\/v2\/media?parent=6349"}],"wp:term":[{"taxonomy":"product_brand","embeddable":true,"href":"https:\/\/aymaramendoza.com.ar\/en\/wp-json\/wp\/v2\/product_brand?post=6349"},{"taxonomy":"product_cat","embeddable":true,"href":"https:\/\/aymaramendoza.com.ar\/en\/wp-json\/wp\/v2\/product_cat?post=6349"},{"taxonomy":"product_tag","embeddable":true,"href":"https:\/\/aymaramendoza.com.ar\/en\/wp-json\/wp\/v2\/product_tag?post=6349"},{"taxonomy":"dias","embeddable":true,"href":"https:\/\/aymaramendoza.com.ar\/en\/wp-json\/wp\/v2\/dias?post=6349"}],"curies":[{"name":"wp","href":"https:\/\/api.w.org\/{rel}","templated":true}]}}