{"id":6071,"date":"2024-08-12T10:29:36","date_gmt":"2024-08-12T13:29:36","guid":{"rendered":"https:\/\/aymaramendoza.com.ar\/?post_type=product&#038;p=6071"},"modified":"2026-03-25T12:17:08","modified_gmt":"2026-03-25T15:17:08","slug":"traslado-a-valle-de-uco-visita-a-bodega-bianchi-con-almuerzo-en-bodega","status":"publish","type":"product","link":"https:\/\/aymaramendoza.com.ar\/en\/servicios\/traslado-a-valle-de-uco-visita-a-bodega-bianchi-con-almuerzo-en-bodega\/","title":{"rendered":"VALLE DE UCO &#8211; VISITA A DOS BODEGAS CON ALMUERZO Y TRASLADOS"},"content":{"rendered":"<p>Maravillate with panoramic views of mountains, vineyards and incredible landscapes that characterize the region of the Uco Valley.<\/p>\n<p>Por la ma\u00f1ana, la traffic nos pasar\u00e1 a buscar por el hotel, para dirigirnos a las afueras de Mendoza con rumbo al oasis agr\u00edcola del Valle de Uco, para participar de una visita con degustaci\u00f3n en bodega Bianchi o bodega Piedra Negra. (A disposici\u00f3n).<\/p>\n<p>Una vez all\u00ed, recorreremos sus instalaciones, donde aprenderemos de las distintas variedades de la regi\u00f3n, sus procesos de elaboraci\u00f3n, as\u00ed como el cuidado y a\u00f1ejamiento de los distintos tipos de vinos que ofrece.<\/p>\n<p>Finalizada la visita, nos dirigiremos a la segunda bodega seleccionada, donde participaremos de un almuerzo gourmet de pasos maridados, disfrutando de sus vinos m\u00e1s significativos. Por la tarde, regresaremos al hotel.<\/p>\n<ul>\n<li><strong>Outputs:<\/strong> Wed to Sun<\/li>\n<li><strong>Time:<\/strong> a partir de las 08.30hs<\/li>\n<li><strong>Duration:<\/strong> Todo el d\u00eda\/ Salidas todo el a\u00f1o<\/li>\n<li><strong>Includes:<\/strong> traslado privado, pick up y drop off por hoteles c\u00e9ntricos, visita y degustaci\u00f3n en bodega seleccionada. Almuerzo en bodega seleccionada de la zona con vinos incluidos.<\/li>\n<li><strong>Not included: <\/strong>Propina, gastos extras.<\/li>\n<\/ul>\n<p><strong><u>opci\u00f3n de bodega para visitar<\/u><\/strong>: Bodega Bianchi o Piedra Negra.<\/p>\n<p><strong><u>Opci\u00f3n de bodega para almorzar:<\/u><\/strong> Gim\u00e9nez Riili o Domaine.<\/p>\n<p><strong><u>Comments<\/u><\/strong><strong>:<\/strong><\/p>\n<ul>\n<li>Bodegas sujetas a disponibilidad al momento de realizar la reserva.<\/li>\n<li>Servicio opcional de gu\u00eda (Consultar cotizaci\u00f3n).<\/li>\n<\/ul>\n<p><strong><em>\u00a0<\/em><\/strong><\/p>\n<p><strong><em>Note:<\/em><\/strong><em>\u00a0<strong>passengers staying out of the radio central, check rates and mode<\/strong><\/em><em>\u00a0<\/em><\/p>","protected":false},"excerpt":{"rendered":"<p><span class=\"TextRun SCXW215251092 BCX8\" lang=\"ES-419\" xml:lang=\"ES-419\" data-contrast=\"none\"><span class=\"NormalTextRun SCXW215251092 BCX8\">Runs through the wineries and vineyards <\/span><\/span><span class=\"TextRun SCXW215251092 BCX8\" lang=\"ES-419\" xml:lang=\"ES-419\" data-contrast=\"none\"><span class=\"NormalTextRun SCXW215251092 BCX8\">Valley <\/span><span class=\"NormalTextRun SpellingErrorV2Themed SCXW215251092 BCX8\">Uco<\/span><\/span><span class=\"TextRun SCXW215251092 BCX8\" lang=\"ES-419\" xml:lang=\"ES-419\" data-contrast=\"none\"><span class=\"NormalTextRun SCXW215251092 BCX8\"> y disfruta de sus paisajes incre\u00edbles, degustando los mejores vinos de la regi\u00f3n.\u00a0<\/span><\/span><\/p>","protected":false},"featured_media":6077,"comment_status":"open","ping_status":"closed","template":"","meta":[],"product_brand":[],"product_cat":[20,46],"product_tag":[],"dias":[],"class_list":{"0":"post-6071","1":"product","2":"type-product","3":"status-publish","4":"has-post-thumbnail","6":"product_cat-bodegas","7":"product_cat-valle-de-uco","9":"first","10":"instock","11":"shipping-taxable","12":"product-type-simple"},"booking_location":null,"booking_location_type":null,"booking_duration":null,"booking_duration_unit":null,"booking_buffer":null,"booking_cost":null,"booking_resources":null,"jetpack_sharing_enabled":true,"_links":{"self":[{"href":"https:\/\/aymaramendoza.com.ar\/en\/wp-json\/wp\/v2\/product\/6071","targetHints":{"allow":["GET"]}}],"collection":[{"href":"https:\/\/aymaramendoza.com.ar\/en\/wp-json\/wp\/v2\/product"}],"about":[{"href":"https:\/\/aymaramendoza.com.ar\/en\/wp-json\/wp\/v2\/types\/product"}],"replies":[{"embeddable":true,"href":"https:\/\/aymaramendoza.com.ar\/en\/wp-json\/wp\/v2\/comments?post=6071"}],"version-history":[{"count":9,"href":"https:\/\/aymaramendoza.com.ar\/en\/wp-json\/wp\/v2\/product\/6071\/revisions"}],"predecessor-version":[{"id":7545,"href":"https:\/\/aymaramendoza.com.ar\/en\/wp-json\/wp\/v2\/product\/6071\/revisions\/7545"}],"wp:featuredmedia":[{"embeddable":true,"href":"https:\/\/aymaramendoza.com.ar\/en\/wp-json\/wp\/v2\/media\/6077"}],"wp:attachment":[{"href":"https:\/\/aymaramendoza.com.ar\/en\/wp-json\/wp\/v2\/media?parent=6071"}],"wp:term":[{"taxonomy":"product_brand","embeddable":true,"href":"https:\/\/aymaramendoza.com.ar\/en\/wp-json\/wp\/v2\/product_brand?post=6071"},{"taxonomy":"product_cat","embeddable":true,"href":"https:\/\/aymaramendoza.com.ar\/en\/wp-json\/wp\/v2\/product_cat?post=6071"},{"taxonomy":"product_tag","embeddable":true,"href":"https:\/\/aymaramendoza.com.ar\/en\/wp-json\/wp\/v2\/product_tag?post=6071"},{"taxonomy":"dias","embeddable":true,"href":"https:\/\/aymaramendoza.com.ar\/en\/wp-json\/wp\/v2\/dias?post=6071"}],"curies":[{"name":"wp","href":"https:\/\/api.w.org\/{rel}","templated":true}]}}