{"id":6062,"date":"2024-08-12T09:59:00","date_gmt":"2024-08-12T12:59:00","guid":{"rendered":"https:\/\/aymaramendoza.com.ar\/?post_type=product&#038;p=6062"},"modified":"2025-07-30T13:39:27","modified_gmt":"2025-07-30T16:39:27","slug":"dos-bodegas-con-almuerzo-traslado","status":"publish","type":"product","link":"https:\/\/aymaramendoza.com.ar\/en\/servicios\/dos-bodegas-con-almuerzo-traslado\/","title":{"rendered":"TWO WINERIES WITH LUNCH + TRANSFER"},"content":{"rendered":"<p>Enjoy the wine region, central, visit wineries recognized globally for the quality of their wines and to discover its history, architecture, and methods of manufacture, it is what offers this excursion.<\/p>\n<p>We will depart towards the oasis agricultural central to visit the first winery selected, tour the facilities and enjoy the tasting of their wines. In it we will learn about the different varietals of the region, its production processes, as well as the care, upbringing and fractionation of different types of wines.<\/p>\n<p>Al mediod\u00eda visitaremos la segunda bodega seleccionada y pasaremos a sus cocinas, para participar de un almuerzo maridado perfectamente con los vinos degustados. Por la tarde, regreso al Hotel.<\/p>\n<ul>\n<li><strong>Outputs:<\/strong> Lun a Dom<\/li>\n<li><strong>Time:<\/strong> a partir de las 08.30hs<\/li>\n<li><strong>Duration:<\/strong> departures all year<\/li>\n<li><strong>Includes:<\/strong> traslado privado, pick up y drop off por hoteles c\u00e9ntricos, visita y degustaci\u00f3n en bodega seleccionada. Almuerzo en bodega seleccionada de la zona con vinos incluidos.<\/li>\n<li><strong>Not included: <\/strong>Propina, gastos extras.<\/li>\n<\/ul>\n<p><strong><u>Opciones de bodegas a visitar<\/u><\/strong>:<\/p>\n<ul>\n<li>Maip\u00fa: Trivento, Toneles, Pan y Oliva, Villafa\u00f1e.<\/li>\n<li>Luj\u00e1n: Belasco, Bonfanti, Matino Wines.<\/li>\n<\/ul>\n<p><strong><u>Comments<\/u><\/strong><strong>:<\/strong><\/p>\n<ul>\n<li>Bodegas sujetas a disponibilidad al momento de realizar la reserva.<\/li>\n<li>Las bodegas para visitar son por zona (Luj\u00e1n o Maip\u00fa). Consultar cotizaci\u00f3n por otras bodegas opcionales y disponibles para visitar.<\/li>\n<li>Servicio opcional de gu\u00eda (Consultar cotizaci\u00f3n)<\/li>\n<\/ul>\n<p><strong><em>\u00a0<\/em><\/strong><\/p>\n<p><strong><em>Note:<\/em><\/strong><em>\u00a0<strong>passengers staying out of the radio central, check rates and mode<\/strong><\/em><em>\u00a0<\/em><\/p>\n<p>&nbsp;<\/p>","protected":false},"excerpt":{"rendered":"<p><span class=\"TextRun SCXW183300258 BCX8\" lang=\"ES-419\" xml:lang=\"ES-419\" data-contrast=\"none\"><span class=\"NormalTextRun SCXW183300258 BCX8\">Runs through the best wineries of the region, taste its exquisite wines, and discovered the magic of this oasis mendocino.<\/span><\/span><span class=\"EOP SCXW183300258 BCX8\" data-ccp-props=\"{&quot;201341983&quot;:0,&quot;335559740&quot;:276}\">\u00a0<\/span><\/p>","protected":false},"featured_media":6063,"comment_status":"open","ping_status":"closed","template":"","meta":[],"product_brand":[],"product_cat":[20,246],"product_tag":[],"dias":[],"class_list":{"0":"post-6062","1":"product","2":"type-product","3":"status-publish","4":"has-post-thumbnail","6":"product_cat-bodegas","7":"product_cat-mendoza","9":"first","10":"instock","11":"shipping-taxable","12":"product-type-simple"},"booking_location":null,"booking_location_type":null,"booking_duration":null,"booking_duration_unit":null,"booking_buffer":null,"booking_cost":null,"booking_resources":null,"jetpack_sharing_enabled":true,"_links":{"self":[{"href":"https:\/\/aymaramendoza.com.ar\/en\/wp-json\/wp\/v2\/product\/6062","targetHints":{"allow":["GET"]}}],"collection":[{"href":"https:\/\/aymaramendoza.com.ar\/en\/wp-json\/wp\/v2\/product"}],"about":[{"href":"https:\/\/aymaramendoza.com.ar\/en\/wp-json\/wp\/v2\/types\/product"}],"replies":[{"embeddable":true,"href":"https:\/\/aymaramendoza.com.ar\/en\/wp-json\/wp\/v2\/comments?post=6062"}],"version-history":[{"count":3,"href":"https:\/\/aymaramendoza.com.ar\/en\/wp-json\/wp\/v2\/product\/6062\/revisions"}],"predecessor-version":[{"id":7056,"href":"https:\/\/aymaramendoza.com.ar\/en\/wp-json\/wp\/v2\/product\/6062\/revisions\/7056"}],"wp:featuredmedia":[{"embeddable":true,"href":"https:\/\/aymaramendoza.com.ar\/en\/wp-json\/wp\/v2\/media\/6063"}],"wp:attachment":[{"href":"https:\/\/aymaramendoza.com.ar\/en\/wp-json\/wp\/v2\/media?parent=6062"}],"wp:term":[{"taxonomy":"product_brand","embeddable":true,"href":"https:\/\/aymaramendoza.com.ar\/en\/wp-json\/wp\/v2\/product_brand?post=6062"},{"taxonomy":"product_cat","embeddable":true,"href":"https:\/\/aymaramendoza.com.ar\/en\/wp-json\/wp\/v2\/product_cat?post=6062"},{"taxonomy":"product_tag","embeddable":true,"href":"https:\/\/aymaramendoza.com.ar\/en\/wp-json\/wp\/v2\/product_tag?post=6062"},{"taxonomy":"dias","embeddable":true,"href":"https:\/\/aymaramendoza.com.ar\/en\/wp-json\/wp\/v2\/dias?post=6062"}],"curies":[{"name":"wp","href":"https:\/\/api.w.org\/{rel}","templated":true}]}}