{"id":571,"date":"2020-05-13T11:42:21","date_gmt":"2020-05-13T14:42:21","guid":{"rendered":"http:\/\/gruporacobi.com\/aymara\/?post_type=product&#038;p=571"},"modified":"2024-08-28T11:38:01","modified_gmt":"2024-08-28T14:38:01","slug":"bike-por-los-vinedos","status":"publish","type":"product","link":"https:\/\/aymaramendoza.com.ar\/en\/servicios\/bike-por-los-vinedos\/","title":{"rendered":"BIKE POR LOS VI\u00d1EDOS."},"content":{"rendered":"<p>Visita a bodegas Bianchi, bodega hist\u00f3rica, que se remonta a la inmigraci\u00f3n, donde Don Valent\u00edn Bianchi comienza un sue\u00f1o que hoy contin\u00faa. Demostrando con creces la calidad de sus productos, reconocidos y valorados a nivel mundial. Visitaremos sus modernas instalaciones.<\/p>\n<div>Recorreremos la ciclov\u00eda hasta Yancanello donde visitaremos el museo del aceite de oliva, viendo el m\u00e9todo antiguo de extracci\u00f3n y el moderno, como as\u00ed tambi\u00e9n la calidad de sus productos, y tambi\u00e9n visitaremos una Bodega org\u00e1nica.\u200b<\/div>\n<div>\u200b<\/div>\n<div>En total recorreremos 12 kil\u00f3metros.<\/div>\n<div>\u200b<\/div>\n<div><strong>Informaci\u00f3n general\u200b<\/strong><\/div>\n<p><u>Regular departures<\/u>: de Lunes a S\u00e1bados<\/p>\n<p><u>Time:<\/u> starting at 8:30 hs.<\/p>\n<p><u>Duration<\/u>: medio d\u00eda<\/p>\n<p>&nbsp;<\/p>\n<div>\u200b<\/div>","protected":false},"excerpt":{"rendered":"<p>Recorridos deslumbrantes en bici, y visitas a bodegas reconocidas del lugar.<\/p>","protected":false},"featured_media":2951,"comment_status":"open","ping_status":"closed","template":"","meta":[],"product_brand":[],"product_cat":[51],"product_tag":[39,585,54],"dias":[],"class_list":{"0":"post-571","1":"product","2":"type-product","3":"status-publish","4":"has-post-thumbnail","6":"product_cat-san-rafael","7":"product_tag-bike","8":"product_tag-bikeporlosviledos","9":"product_tag-sanrafael","11":"first","12":"instock","13":"shipping-taxable","14":"product-type-simple"},"booking_location":null,"booking_location_type":null,"booking_duration":null,"booking_duration_unit":null,"booking_buffer":null,"booking_cost":null,"booking_resources":null,"jetpack_sharing_enabled":true,"_links":{"self":[{"href":"https:\/\/aymaramendoza.com.ar\/en\/wp-json\/wp\/v2\/product\/571","targetHints":{"allow":["GET"]}}],"collection":[{"href":"https:\/\/aymaramendoza.com.ar\/en\/wp-json\/wp\/v2\/product"}],"about":[{"href":"https:\/\/aymaramendoza.com.ar\/en\/wp-json\/wp\/v2\/types\/product"}],"replies":[{"embeddable":true,"href":"https:\/\/aymaramendoza.com.ar\/en\/wp-json\/wp\/v2\/comments?post=571"}],"version-history":[{"count":4,"href":"https:\/\/aymaramendoza.com.ar\/en\/wp-json\/wp\/v2\/product\/571\/revisions"}],"predecessor-version":[{"id":5402,"href":"https:\/\/aymaramendoza.com.ar\/en\/wp-json\/wp\/v2\/product\/571\/revisions\/5402"}],"wp:featuredmedia":[{"embeddable":true,"href":"https:\/\/aymaramendoza.com.ar\/en\/wp-json\/wp\/v2\/media\/2951"}],"wp:attachment":[{"href":"https:\/\/aymaramendoza.com.ar\/en\/wp-json\/wp\/v2\/media?parent=571"}],"wp:term":[{"taxonomy":"product_brand","embeddable":true,"href":"https:\/\/aymaramendoza.com.ar\/en\/wp-json\/wp\/v2\/product_brand?post=571"},{"taxonomy":"product_cat","embeddable":true,"href":"https:\/\/aymaramendoza.com.ar\/en\/wp-json\/wp\/v2\/product_cat?post=571"},{"taxonomy":"product_tag","embeddable":true,"href":"https:\/\/aymaramendoza.com.ar\/en\/wp-json\/wp\/v2\/product_tag?post=571"},{"taxonomy":"dias","embeddable":true,"href":"https:\/\/aymaramendoza.com.ar\/en\/wp-json\/wp\/v2\/dias?post=571"}],"curies":[{"name":"wp","href":"https:\/\/api.w.org\/{rel}","templated":true}]}}