{"id":569,"date":"2020-05-13T11:30:32","date_gmt":"2020-05-13T14:30:32","guid":{"rendered":"http:\/\/gruporacobi.com\/aymara\/?post_type=product&#038;p=569"},"modified":"2024-10-01T12:03:08","modified_gmt":"2024-10-01T15:03:08","slug":"los-reyunos","status":"publish","type":"product","link":"https:\/\/aymaramendoza.com.ar\/en\/servicios\/los-reyunos\/","title":{"rendered":"DIQUE LOS REYUNOS"},"content":{"rendered":"<p>&nbsp;<\/p>\n<p>Un hermoso embalse para realizar diversas actividades acu\u00e1ticas con una hermosa vista de la monta\u00f1a, visitando uno de los paraderos m\u00e1s conocidos del sur mendocino.<\/p>\n<p>The\u00a0<b>Reyunos<\/b>\u00a0it is a dam argentina fed by the river Diamond, forms a lake that bears the same name and is located in the department of San Rafael, province of Mendoza, Argentina, 35 km from the city of the same name.<\/p>\n<p>Saldremos luego del mediod\u00eda para dirigirnos al Embalse Los Reyunos. Durante el recorrido conoceremos la Villa 25 de Mayo, el \u00c1rea Fundacional y Dique Galileo Vitale. Una vez que lleguemos a Los Reyunos podremos ver que en el margen oeste se encuentra el club de Pesca y N\u00e1utica, donde se dispondr\u00e1 de tiempo libre para realizar actividades alternativas. Por horas de la tarde, regreso al hotel.<\/p>\n<div><\/div>\n<div><strong>General information:<\/strong><\/div>\n<p><u>Regular departures<\/u>: Monday to Saturday<\/p>\n<p><u>Time:<\/u> from 14:00 hs<\/p>\n<p><u>Duration<\/u>: half day in the afternoon \u2013 trips throughout the year<\/p>\n<div>\u200b<\/div>\n<div>\u200b<\/div>","protected":false},"excerpt":{"rendered":"<p>Un hermoso embalse para realizar diversas actividades acu\u00e1ticas con una hermosa vista de la monta\u00f1a.<\/p>\n<p>&nbsp;<\/p>\n<p>&nbsp;<\/p>","protected":false},"featured_media":570,"comment_status":"open","ping_status":"closed","template":"","meta":[],"product_brand":[],"product_cat":[51],"product_tag":[96,589,587,54],"dias":[],"class_list":{"0":"post-569","1":"product","2":"type-product","3":"status-publish","4":"has-post-thumbnail","6":"product_cat-san-rafael","7":"product_tag-dique","8":"product_tag-diquelosreyunos","9":"product_tag-reyunos","10":"product_tag-sanrafael","12":"first","13":"instock","14":"shipping-taxable","15":"product-type-simple"},"booking_location":null,"booking_location_type":null,"booking_duration":null,"booking_duration_unit":null,"booking_buffer":null,"booking_cost":null,"booking_resources":null,"jetpack_sharing_enabled":true,"_links":{"self":[{"href":"https:\/\/aymaramendoza.com.ar\/en\/wp-json\/wp\/v2\/product\/569","targetHints":{"allow":["GET"]}}],"collection":[{"href":"https:\/\/aymaramendoza.com.ar\/en\/wp-json\/wp\/v2\/product"}],"about":[{"href":"https:\/\/aymaramendoza.com.ar\/en\/wp-json\/wp\/v2\/types\/product"}],"replies":[{"embeddable":true,"href":"https:\/\/aymaramendoza.com.ar\/en\/wp-json\/wp\/v2\/comments?post=569"}],"version-history":[{"count":11,"href":"https:\/\/aymaramendoza.com.ar\/en\/wp-json\/wp\/v2\/product\/569\/revisions"}],"predecessor-version":[{"id":6412,"href":"https:\/\/aymaramendoza.com.ar\/en\/wp-json\/wp\/v2\/product\/569\/revisions\/6412"}],"wp:featuredmedia":[{"embeddable":true,"href":"https:\/\/aymaramendoza.com.ar\/en\/wp-json\/wp\/v2\/media\/570"}],"wp:attachment":[{"href":"https:\/\/aymaramendoza.com.ar\/en\/wp-json\/wp\/v2\/media?parent=569"}],"wp:term":[{"taxonomy":"product_brand","embeddable":true,"href":"https:\/\/aymaramendoza.com.ar\/en\/wp-json\/wp\/v2\/product_brand?post=569"},{"taxonomy":"product_cat","embeddable":true,"href":"https:\/\/aymaramendoza.com.ar\/en\/wp-json\/wp\/v2\/product_cat?post=569"},{"taxonomy":"product_tag","embeddable":true,"href":"https:\/\/aymaramendoza.com.ar\/en\/wp-json\/wp\/v2\/product_tag?post=569"},{"taxonomy":"dias","embeddable":true,"href":"https:\/\/aymaramendoza.com.ar\/en\/wp-json\/wp\/v2\/dias?post=569"}],"curies":[{"name":"wp","href":"https:\/\/api.w.org\/{rel}","templated":true}]}}