{"id":5616,"date":"2023-11-21T13:28:58","date_gmt":"2023-11-21T16:28:58","guid":{"rendered":"https:\/\/aymaramendoza.com.ar\/?post_type=product&#038;p=5616"},"modified":"2024-10-02T11:25:28","modified_gmt":"2024-10-02T14:25:28","slug":"valle-de-las-lenas","status":"publish","type":"product","link":"https:\/\/aymaramendoza.com.ar\/en\/servicios\/valle-de-las-lenas\/","title":{"rendered":"VALLE DE LAS LE\u00d1AS"},"content":{"rendered":"<p>207 km south of San Rafael, unfolds the stunning Valle de Las Le\u00f1as, home of the largest ski center in South america. The trip to this winter wonderland submerges us in a journey fascinating. We began our tour by exploring the salt flats of the Diamond and Parliaments, culminating in The Sosneado, a place that, in addition to its natural beauty, is home to the memory of the accident the plane of the rugbiers uruguayans.<\/p>\n<p>The journey continues across the majestic River Atuel, marking the natural boundary with the department of Malarg\u00fce. Along this journey, the strategic stops invite us to marvel at sights such as the iconic Mirador del Infiernillo, offering stunning panoramic views. The Lagoon of the Girl is Enchanted, with its serenity, unique, and evocative Pozo de las \u00c1nimas, with its mysterious appeal, are obligatory stops that enrich our experience.<\/p>\n<p>Al adentrarnos en el Valle de Las Le\u00f1as, nos enfrentamos a la majestuosidad de sus 29 pistas de esqu\u00ed, que abarcan m\u00e1s de 65 km esquiables. Este paisaje invernal se complementa con una variada oferta de alojamientos, desde hoteles de lujo hasta acogedores apartamentos y dormitorios compartidos, asegurando una experiencia a medida para todos los visitantes.<\/p>\n<p>Free time to enjoy 4 hours approximately.<\/p>\n<p><span data-sheets-root=\"1\" data-sheets-value=\"{&quot;1&quot;:2,&quot;2&quot;:&quot;Salidas: Martes y Viernes &quot;}\" data-sheets-userformat=\"{&quot;2&quot;:4859,&quot;3&quot;:{&quot;1&quot;:0},&quot;4&quot;:{&quot;1&quot;:2,&quot;2&quot;:16777215},&quot;6&quot;:{&quot;1&quot;:[{&quot;1&quot;:2,&quot;2&quot;:0,&quot;5&quot;:{&quot;1&quot;:2,&quot;2&quot;:0}},{&quot;1&quot;:0,&quot;2&quot;:0,&quot;3&quot;:3},{&quot;1&quot;:1,&quot;2&quot;:0,&quot;4&quot;:1}]},&quot;7&quot;:{&quot;1&quot;:[{&quot;1&quot;:2,&quot;2&quot;:0,&quot;5&quot;:{&quot;1&quot;:2,&quot;2&quot;:0}},{&quot;1&quot;:0,&quot;2&quot;:0,&quot;3&quot;:3},{&quot;1&quot;:1,&quot;2&quot;:0,&quot;4&quot;:1}]},&quot;8&quot;:{&quot;1&quot;:[{&quot;1&quot;:2,&quot;2&quot;:0,&quot;5&quot;:{&quot;1&quot;:2,&quot;2&quot;:0}},{&quot;1&quot;:0,&quot;2&quot;:0,&quot;3&quot;:3},{&quot;1&quot;:1,&quot;2&quot;:0,&quot;4&quot;:1}]},&quot;9&quot;:1,&quot;10&quot;:2,&quot;12&quot;:0,&quot;15&quot;:&quot;Calibri&quot;}\" data-sheets-textstyleruns=\"{&quot;1&quot;:0}\uee10{&quot;1&quot;:26,&quot;2&quot;:{&quot;2&quot;:{&quot;1&quot;:2,&quot;2&quot;:16711680},&quot;4&quot;:11,&quot;5&quot;:1}}\"><strong>Outputs:<\/strong> Tuesday and Friday<br \/>\n<\/span><strong>Service includes:\u00a0<\/strong> professional guide, air-conditioned vehicle and snack on board<br \/>\n<strong>Travel approximately:<\/strong>\u00a0420 Km.<br \/>\n<strong>Duration:<\/strong>\u00a0All day<\/p>\n<p>Nota: Salida solamente desde San Rafael<\/p>","protected":false},"excerpt":{"rendered":"<p>Prep\u00e1rate para sumergirte en la magia de Las Le\u00f1as y disfrutar de una aventura \u00fanica en el coraz\u00f3n de la cordillera mendocina.<\/p>","protected":false},"featured_media":5617,"comment_status":"open","ping_status":"closed","template":"","meta":[],"product_brand":[],"product_cat":[622,100],"product_tag":[],"dias":[],"class_list":{"0":"post-5616","1":"product","2":"type-product","3":"status-publish","4":"has-post-thumbnail","6":"product_cat-malargue","7":"product_cat-naturaleza","9":"first","10":"instock","11":"shipping-taxable","12":"product-type-simple"},"booking_location":null,"booking_location_type":null,"booking_duration":null,"booking_duration_unit":null,"booking_buffer":null,"booking_cost":null,"booking_resources":null,"jetpack_sharing_enabled":true,"_links":{"self":[{"href":"https:\/\/aymaramendoza.com.ar\/en\/wp-json\/wp\/v2\/product\/5616","targetHints":{"allow":["GET"]}}],"collection":[{"href":"https:\/\/aymaramendoza.com.ar\/en\/wp-json\/wp\/v2\/product"}],"about":[{"href":"https:\/\/aymaramendoza.com.ar\/en\/wp-json\/wp\/v2\/types\/product"}],"replies":[{"embeddable":true,"href":"https:\/\/aymaramendoza.com.ar\/en\/wp-json\/wp\/v2\/comments?post=5616"}],"version-history":[{"count":3,"href":"https:\/\/aymaramendoza.com.ar\/en\/wp-json\/wp\/v2\/product\/5616\/revisions"}],"predecessor-version":[{"id":6450,"href":"https:\/\/aymaramendoza.com.ar\/en\/wp-json\/wp\/v2\/product\/5616\/revisions\/6450"}],"wp:featuredmedia":[{"embeddable":true,"href":"https:\/\/aymaramendoza.com.ar\/en\/wp-json\/wp\/v2\/media\/5617"}],"wp:attachment":[{"href":"https:\/\/aymaramendoza.com.ar\/en\/wp-json\/wp\/v2\/media?parent=5616"}],"wp:term":[{"taxonomy":"product_brand","embeddable":true,"href":"https:\/\/aymaramendoza.com.ar\/en\/wp-json\/wp\/v2\/product_brand?post=5616"},{"taxonomy":"product_cat","embeddable":true,"href":"https:\/\/aymaramendoza.com.ar\/en\/wp-json\/wp\/v2\/product_cat?post=5616"},{"taxonomy":"product_tag","embeddable":true,"href":"https:\/\/aymaramendoza.com.ar\/en\/wp-json\/wp\/v2\/product_tag?post=5616"},{"taxonomy":"dias","embeddable":true,"href":"https:\/\/aymaramendoza.com.ar\/en\/wp-json\/wp\/v2\/dias?post=5616"}],"curies":[{"name":"wp","href":"https:\/\/api.w.org\/{rel}","templated":true}]}}