{"id":5571,"date":"2023-10-10T12:05:01","date_gmt":"2023-10-10T15:05:01","guid":{"rendered":"https:\/\/aymaramendoza.com.ar\/?post_type=product&#038;p=5571"},"modified":"2025-05-06T13:08:00","modified_gmt":"2025-05-06T16:08:00","slug":"valle-de-uco","status":"publish","type":"product","link":"https:\/\/aymaramendoza.com.ar\/en\/servicios\/valle-de-uco\/","title":{"rendered":"Valle de Uco \u2013 In regular"},"content":{"rendered":"<p><span style=\"font-weight: 400;\">Of the regions wine&#039;s most iconic Mendoza, highlights Uco Valley, known for its award-winning wineries and lush wines.<\/span><\/p>\n<p>We will leave in the direction of the department of Tupungato, we combine the beauty of the precordillera with 1 cellar of large-scale. Visit Bodega PIEDRA NEGRA, pass the corridor productive, monument Christ the King and Manzano Hist\u00f3rico, thus combining wine, culture and history mendoza. <span style=\"font-weight: 400;\">In the afternoon we will return to the city of Mendoza<\/span><\/p>\n<ul>\n<li><span style=\"font-weight: 400;\"><strong>Regular departures<\/strong>:<\/span><span style=\"font-weight: 400;\"> Friday<\/span><\/li>\n<li><span style=\"font-weight: 400;\"><strong>Time<\/strong>:<\/span><span style=\"font-weight: 400;\"> starting at 8:00 pm<\/span><\/li>\n<li><span style=\"font-weight: 400;\"><strong>Duration<\/strong>:<\/span><span style=\"font-weight: 400;\"> all-day \u2013 trips throughout the year<\/span><\/li>\n<li><span style=\"font-weight: 400;\"><strong>Comments<\/strong>:<\/span><span style=\"font-weight: 400;\"><br \/>\n\u2013 The Entrance and tasting at the Winery will be paid by the passenger, it is not included in the value of the trip and is not optional since it forms part of the trip.<br \/>\n&#8211; Almuerzo a cargo del pasajero en restaurante LA JUNTADA. (incluye entrada, parrilla\/pastas, postre).<br \/>\n&#8211; Bodega sujeta a cambio seg\u00fan disponibilidad.<br \/>\n<\/span><b><\/b><\/li>\n<\/ul>\n<p><strong>Notes:\u00a0<\/strong><\/p>\n<p><em>* Pasajeros alojados fuera del radio c\u00e9ntrico, deben dirigirse al hotel m\u00e1s pr\u00f3ximo indicado por el personal de Aymar\u00e1 Turismo.<\/em><\/p>\n<p><em>* Salidas en privado: todos los d\u00edas, sujeto a disponibilidad. Consultar con agencia.\u00a0<\/em><\/p>","protected":false},"excerpt":{"rendered":"<p><span style=\"font-weight: 400;\">You know the wine more emblematic of Mendoza, known for his award-winning wineries and excellent wines, combining wine, culture and history mendoza.<\/span><\/p>","protected":false},"featured_media":5572,"comment_status":"open","ping_status":"closed","template":"","meta":[],"product_brand":[],"product_cat":[203,46],"product_tag":[636,638,158,634],"dias":[251],"class_list":{"0":"post-5571","1":"product","2":"type-product","3":"status-publish","4":"has-post-thumbnail","6":"product_cat-convencionales","7":"product_cat-valle-de-uco","8":"product_tag-piedra-negra","9":"product_tag-tupungato","10":"product_tag-uco","11":"product_tag-valle-de-uco","12":"dias-viernes","14":"first","15":"instock","16":"shipping-taxable","17":"product-type-simple"},"booking_location":null,"booking_location_type":null,"booking_duration":null,"booking_duration_unit":null,"booking_buffer":null,"booking_cost":null,"booking_resources":null,"jetpack_sharing_enabled":true,"_links":{"self":[{"href":"https:\/\/aymaramendoza.com.ar\/en\/wp-json\/wp\/v2\/product\/5571","targetHints":{"allow":["GET"]}}],"collection":[{"href":"https:\/\/aymaramendoza.com.ar\/en\/wp-json\/wp\/v2\/product"}],"about":[{"href":"https:\/\/aymaramendoza.com.ar\/en\/wp-json\/wp\/v2\/types\/product"}],"replies":[{"embeddable":true,"href":"https:\/\/aymaramendoza.com.ar\/en\/wp-json\/wp\/v2\/comments?post=5571"}],"version-history":[{"count":9,"href":"https:\/\/aymaramendoza.com.ar\/en\/wp-json\/wp\/v2\/product\/5571\/revisions"}],"predecessor-version":[{"id":6905,"href":"https:\/\/aymaramendoza.com.ar\/en\/wp-json\/wp\/v2\/product\/5571\/revisions\/6905"}],"wp:featuredmedia":[{"embeddable":true,"href":"https:\/\/aymaramendoza.com.ar\/en\/wp-json\/wp\/v2\/media\/5572"}],"wp:attachment":[{"href":"https:\/\/aymaramendoza.com.ar\/en\/wp-json\/wp\/v2\/media?parent=5571"}],"wp:term":[{"taxonomy":"product_brand","embeddable":true,"href":"https:\/\/aymaramendoza.com.ar\/en\/wp-json\/wp\/v2\/product_brand?post=5571"},{"taxonomy":"product_cat","embeddable":true,"href":"https:\/\/aymaramendoza.com.ar\/en\/wp-json\/wp\/v2\/product_cat?post=5571"},{"taxonomy":"product_tag","embeddable":true,"href":"https:\/\/aymaramendoza.com.ar\/en\/wp-json\/wp\/v2\/product_tag?post=5571"},{"taxonomy":"dias","embeddable":true,"href":"https:\/\/aymaramendoza.com.ar\/en\/wp-json\/wp\/v2\/dias?post=5571"}],"curies":[{"name":"wp","href":"https:\/\/api.w.org\/{rel}","templated":true}]}}