{"id":4655,"date":"2022-08-24T09:17:07","date_gmt":"2022-08-24T12:17:07","guid":{"rendered":"https:\/\/aymaramendoza.com.ar\/?post_type=product&#038;p=4655"},"modified":"2026-04-14T13:31:37","modified_gmt":"2026-04-14T16:31:37","slug":"paseo-en-globo","status":"publish","type":"product","link":"https:\/\/aymaramendoza.com.ar\/en\/servicios\/paseo-en-globo\/","title":{"rendered":"RIDE IN A HOT AIR BALLOON"},"content":{"rendered":"<div data-elementor-type=\"product-post\" data-elementor-id=\"4655\" class=\"elementor elementor-4655\" data-elementor-post-type=\"product\">\n\t\t\t\t\t\t<section class=\"elementor-section elementor-top-section elementor-element elementor-element-1169b49 elementor-section-boxed elementor-section-height-default elementor-section-height-default\" data-id=\"1169b49\" data-element_type=\"section\" data-e-type=\"section\" data-settings=\"{&quot;jet_parallax_layout_list&quot;:[],&quot;ekit_has_onepagescroll_dot&quot;:&quot;yes&quot;}\">\n\t\t\t\t\t\t<div class=\"elementor-container elementor-column-gap-default\">\n\t\t\t\t\t<div class=\"elementor-column elementor-col-100 elementor-top-column elementor-element elementor-element-7d7bc482\" data-id=\"7d7bc482\" data-element_type=\"column\" data-e-type=\"column\">\n\t\t\t<div class=\"elementor-widget-wrap elementor-element-populated\">\n\t\t\t\t\t\t<div class=\"elementor-element elementor-element-25bb5107 elementor-widget elementor-widget-text-editor\" data-id=\"25bb5107\" data-element_type=\"widget\" data-e-type=\"widget\" data-settings=\"{&quot;ekit_we_effect_on&quot;:&quot;none&quot;}\" data-widget_type=\"text-editor.default\">\n\t\t\t\t<div class=\"elementor-widget-container\">\n\t\t\t\t\t\t\t\t\t<p>Descubr\u00ed Mendoza desde el cielo con una experiencia \u00fanica en globo aerost\u00e1tico. Despeg\u00e1 al atardecer y disfrut\u00e1 de un vuelo suave y silencioso sobre vi\u00f1edos y olivares, con vistas panor\u00e1micas incre\u00edbles de toda la regi\u00f3n.<\/p><p>Durante el recorrido, el globo puede volar a baja altura y luego ascender para ofrecer una perspectiva amplia que permite apreciar kil\u00f3metros a la redonda. La direcci\u00f3n del vuelo depende del viento del d\u00eda, por lo que cada experiencia es distinta.<\/p><p>El vuelo es tan pl\u00e1cido y sereno que no genera malestar ni sensaci\u00f3n de v\u00e9rtigo. Al aterrizar, se realiza un brindis con espumante y se entrega un certificado de vuelo como recuerdo de la experiencia.<\/p><p><span data-ccp-props=\"{&quot;134233117&quot;:false,&quot;134233118&quot;:false,&quot;201341983&quot;:0,&quot;335557856&quot;:16777215,&quot;335559738&quot;:0,&quot;335559739&quot;:216,&quot;335559740&quot;:276}\">\u00a0<\/span><\/p><p><em><b>Information: <\/b>\u00a0<\/em><\/p><ul><li>Salidas regulares: Sujetas a disponibilidad y condiciones clim\u00e1ticas.<\/li><li>Horario: Por las tardes. (16hs aproximadamente)<\/li><li>Ubicaci\u00f3n: Campo de vuelo en Jun\u00edn, Mendoza (a 45 minutos del centro, a metros de Ruta 60 y calle Miguez).<\/li><li>Duration:<\/li><\/ul><ol><li>Vuelo: 40\/45 minutos<\/li><li>Experiencia Total: 2 a 2:30 horas (desde el inflado hasta el regreso al campo).\u00a0<\/li><\/ol><p><b><i><span data-contrast=\"auto\">To take into account:<\/span><\/i><\/b><span data-ccp-props=\"{&quot;134233117&quot;:false,&quot;134233118&quot;:false,&quot;201341983&quot;:0,&quot;335557856&quot;:16777215,&quot;335559738&quot;:0,&quot;335559739&quot;:216,&quot;335559740&quot;:276}\">\u00a0<\/span><\/p><ul><li>Presentaci\u00f3n 30 minutos antes del horario de despegue para charla informativa.<\/li><li>Be in a good state of health.<\/li><li>No apto para mujeres embarazadas.<\/li><li>Minimum age: 5 years.<\/li><li>Usar ropa c\u00f3moda tipo caminata al aire libre (calzado cerrado y pantal\u00f3n largo).<\/li><li>En d\u00edas de calor se recomienda gorra o sombrero.<\/li><li>No hay diferencia significativa de temperatura durante el vuelo respecto a la superficie.<\/li><li>Si las condiciones clim\u00e1ticas no son adecuadas, el vuelo puede cancelarse.<\/li><\/ul><p><b><i><span data-contrast=\"auto\">Note:<\/span><\/i><\/b><span data-contrast=\"auto\"> \u00a0<\/span><span data-ccp-props=\"{&quot;134233117&quot;:false,&quot;134233118&quot;:false,&quot;201341983&quot;:0,&quot;335557856&quot;:16777215,&quot;335559738&quot;:0,&quot;335559739&quot;:216,&quot;335559740&quot;:276}\">\u00a0<\/span><\/p><ul><li>La direcci\u00f3n del vuelo est\u00e1 determinada por el viento predominante del d\u00eda, por lo que no hay una ruta fija.<\/li><li>El vuelo se confirma o cancela dentro de las 24 hs previas seg\u00fan el pron\u00f3stico meteorol\u00f3gico.<\/li><li>Debido a la alta demanda y condiciones operativas, puede ser dif\u00edcil reprogramar en d\u00edas siguientes.<\/li><\/ul><p><span data-ccp-props=\"{&quot;201341983&quot;:0,&quot;335551550&quot;:6,&quot;335551620&quot;:6,&quot;335559740&quot;:276}\">\u00a0<\/span><\/p><p><em><b>Note: passengers staying out of the radio central, should be directed to the point indicated by Aymara Tourism<\/b>\u00a0<\/em><\/p><p><span data-ccp-props=\"{&quot;201341983&quot;:0,&quot;335551550&quot;:6,&quot;335551620&quot;:6,&quot;335559740&quot;:276}\">\u00a0<\/span><\/p>\t\t\t\t\t\t\t\t<\/div>\n\t\t\t\t<\/div>\n\t\t\t\t\t<\/div>\n\t\t<\/div>\n\t\t\t\t\t<\/div>\n\t\t<\/section>\n\t\t\t\t<\/div>","protected":false},"excerpt":{"rendered":"<p>I discovered Mendoza from the heavens. A unique experience that is felt in the heights.<\/p>","protected":false},"featured_media":4656,"comment_status":"open","ping_status":"closed","template":"","meta":[],"product_brand":[],"product_cat":[72,246],"product_tag":[],"dias":[],"class_list":{"0":"post-4655","1":"product","2":"type-product","3":"status-publish","4":"has-post-thumbnail","6":"product_cat-aventura","7":"product_cat-mendoza","9":"first","10":"instock","11":"shipping-taxable","12":"product-type-simple"},"booking_location":null,"booking_location_type":null,"booking_duration":null,"booking_duration_unit":null,"booking_buffer":null,"booking_cost":null,"booking_resources":null,"jetpack_sharing_enabled":true,"_links":{"self":[{"href":"https:\/\/aymaramendoza.com.ar\/en\/wp-json\/wp\/v2\/product\/4655","targetHints":{"allow":["GET"]}}],"collection":[{"href":"https:\/\/aymaramendoza.com.ar\/en\/wp-json\/wp\/v2\/product"}],"about":[{"href":"https:\/\/aymaramendoza.com.ar\/en\/wp-json\/wp\/v2\/types\/product"}],"replies":[{"embeddable":true,"href":"https:\/\/aymaramendoza.com.ar\/en\/wp-json\/wp\/v2\/comments?post=4655"}],"version-history":[{"count":17,"href":"https:\/\/aymaramendoza.com.ar\/en\/wp-json\/wp\/v2\/product\/4655\/revisions"}],"predecessor-version":[{"id":7580,"href":"https:\/\/aymaramendoza.com.ar\/en\/wp-json\/wp\/v2\/product\/4655\/revisions\/7580"}],"wp:featuredmedia":[{"embeddable":true,"href":"https:\/\/aymaramendoza.com.ar\/en\/wp-json\/wp\/v2\/media\/4656"}],"wp:attachment":[{"href":"https:\/\/aymaramendoza.com.ar\/en\/wp-json\/wp\/v2\/media?parent=4655"}],"wp:term":[{"taxonomy":"product_brand","embeddable":true,"href":"https:\/\/aymaramendoza.com.ar\/en\/wp-json\/wp\/v2\/product_brand?post=4655"},{"taxonomy":"product_cat","embeddable":true,"href":"https:\/\/aymaramendoza.com.ar\/en\/wp-json\/wp\/v2\/product_cat?post=4655"},{"taxonomy":"product_tag","embeddable":true,"href":"https:\/\/aymaramendoza.com.ar\/en\/wp-json\/wp\/v2\/product_tag?post=4655"},{"taxonomy":"dias","embeddable":true,"href":"https:\/\/aymaramendoza.com.ar\/en\/wp-json\/wp\/v2\/dias?post=4655"}],"curies":[{"name":"wp","href":"https:\/\/api.w.org\/{rel}","templated":true}]}}