{"id":4443,"date":"2022-07-18T15:15:38","date_gmt":"2022-07-18T18:15:38","guid":{"rendered":"https:\/\/aymaramendoza.com.ar\/?post_type=product&#038;p=4443"},"modified":"2025-08-01T12:57:29","modified_gmt":"2025-08-01T15:57:29","slug":"full-day-wine-experience-zona-centro","status":"publish","type":"product","link":"https:\/\/aymaramendoza.com.ar\/en\/servicios\/full-day-wine-experience-zona-centro\/","title":{"rendered":"FULL DAY WINE EXPERIENCE- ZONA CENTRO"},"content":{"rendered":"<p><span data-contrast=\"auto\">Una experiencia \u00fanica para disfrutar de un d\u00eda completo visitando las zonas vitivin\u00edcolas de Maip\u00fa o Luj\u00e1n de Cuyo.<\/span><span data-ccp-props=\"{&quot;134233117&quot;:false,&quot;134233118&quot;:false,&quot;335557856&quot;:16777215,&quot;335559685&quot;:1134,&quot;335559737&quot;:1134,&quot;335559738&quot;:0,&quot;335559739&quot;:160}\">\u00a0<\/span><\/p>\n<p><span data-contrast=\"auto\">Por la ma\u00f1ana saldremos con rumbo al oasis agr\u00edcola central para visitar las primeras dos bodegas seleccionadas, recorriendo sus instalaciones y disfrutando la degustaci\u00f3n de sus vinos. En ellas aprenderemos sobre los distintos varietales de la regi\u00f3n, sus procesos de elaboraci\u00f3n, as\u00ed como el cuidado, crianza y fraccionamiento de distintos tipos de vinos. Ya al mediod\u00eda visitaremos la tercera bodega seleccionada, para participar de un almuerzo gourmet de pasos maridados con vinos de la bodega. Por la tarde, regresaremos al hotel.<\/span><span data-ccp-props=\"{&quot;134233117&quot;:false,&quot;134233118&quot;:false,&quot;335557856&quot;:16777215,&quot;335559685&quot;:1134,&quot;335559737&quot;:1134,&quot;335559738&quot;:0,&quot;335559739&quot;:160}\">\u00a0<\/span><\/p>\n<ul>\n<li><b><span data-contrast=\"auto\">Outputs<\/span><\/b><span data-contrast=\"auto\">:<\/span><span data-contrast=\"auto\"> all days<\/span><\/li>\n<li><b><span data-contrast=\"auto\">Time: <\/span><\/b><span data-contrast=\"auto\">starting at 8:30 pm<\/span><\/li>\n<li><b><span data-contrast=\"auto\">Duration:<\/span><\/b><span data-contrast=\"auto\"> all-day \u2013 trips throughout the year<\/span><\/li>\n<li>I<b><span data-contrast=\"auto\">ncluye: <\/span><\/b><span data-contrast=\"auto\">traslado privado, pick up y drop off por hoteles c\u00e9ntricos, visitas y degustaci\u00f3n en dos bodegas de Maip\u00fa o Lujan. Almuerzo en tercera bodega seleccionada de la zona.<\/span><\/li>\n<li><b><span data-contrast=\"auto\">No incluye:<\/span><\/b><span data-contrast=\"auto\"> Propina, Gastos extras.<\/span><span data-ccp-props=\"{&quot;335559685&quot;:2061,&quot;335559737&quot;:1134}\">\u00a0<\/span><\/li>\n<\/ul>\n<p><b><span data-contrast=\"auto\">Options of visits to wineries<\/span><\/b><span data-ccp-props=\"{&quot;335559685&quot;:1134,&quot;335559737&quot;:1134}\">\u00a0<\/span><\/p>\n<ul>\n<li>\n<ul>\n<li><strong><span class=\"OYPEnA font-feature-liga-off font-feature-clig-off font-feature-calt-off text-decoration-none text-strikethrough-none\">Maip\u00fa<\/span><\/strong><span class=\"OYPEnA font-feature-liga-off font-feature-clig-off font-feature-calt-off text-decoration-none text-strikethrough-none\"><strong>:<\/strong> Los Toneles, Finca Agostino, La Rural, CarinaE, L\u00f3pez, Familia Zuccardi, Trapiche, Trivento, Sin Fin. Tempus Alba, Vistandes, Vi\u00f1a del Cerno, Santa Julia, Finca Savina, Domiciano. Flichman.<\/span><\/li>\n<li><strong><span class=\"OYPEnA font-feature-liga-off font-feature-clig-off font-feature-calt-off text-decoration-none text-strikethrough-none\">Lujan de Cuyo<\/span><\/strong><span class=\"OYPEnA font-feature-liga-off font-feature-clig-off font-feature-calt-off text-decoration-none text-strikethrough-none\"><strong>:<\/strong> Belasco de Baquedano, Chandon, Dominio del Plata,Terrazas de Los Andes, Vistalba, A16, Alta Vista, Nieto Sanetiner, Norton, Finca Decero, Cruzat, Lamadrid, Quimera. Trez Wines, Budeguer, Bonfanti.<\/span><\/li>\n<\/ul>\n<p class=\"cvGsUA direction-ltr align-justify para-style-body\"><span class=\"OYPEnA font-feature-liga-off font-feature-clig-off font-feature-calt-off text-decoration-none text-strikethrough-none\">.<\/span><\/p>\n<\/li>\n<\/ul>\n<p><b><span data-contrast=\"auto\">Remarks:<\/span><\/b><span data-contrast=\"auto\">\u00a0<\/span><span data-ccp-props=\"{&quot;134233117&quot;:false,&quot;134233118&quot;:false,&quot;335557856&quot;:16777215,&quot;335559685&quot;:1134,&quot;335559737&quot;:1134,&quot;335559738&quot;:0,&quot;335559739&quot;:160}\">\u00a0<\/span><\/p>\n<ul>\n<li><span data-contrast=\"auto\">Bodegas sujetas a disponibilidad al momento de realizar la reserva<\/span><\/li>\n<li>Las bodegas para visitar son por zona, bodegas de Maip\u00fa o de Luj\u00e1n. (Consultar cotizaci\u00f3n por otras bodegas opcionales y disponibles para visitar).<\/li>\n<li>Servicio opcional de gu\u00eda (Consultar cotizaci\u00f3n).\u00a0\u00a0<span data-ccp-props=\"{&quot;134233117&quot;:false,&quot;134233118&quot;:false,&quot;335557856&quot;:16777215,&quot;335559685&quot;:2061,&quot;335559737&quot;:1134,&quot;335559738&quot;:0,&quot;335559739&quot;:160}\">\u00a0<\/span><\/li>\n<\/ul>\n<p>&nbsp;<\/p>\n<p><b><i><span data-contrast=\"auto\">Nota: pasajeros alojados fuera del radio c\u00e9ntrico, consultar por tarifas y modalidad. <\/span><\/i><\/b><span data-ccp-props=\"{&quot;134233117&quot;:false,&quot;134233118&quot;:false,&quot;201341983&quot;:0,&quot;335551550&quot;:1,&quot;335551620&quot;:1,&quot;335557856&quot;:16777215,&quot;335559685&quot;:2061,&quot;335559737&quot;:1134,&quot;335559738&quot;:0,&quot;335559739&quot;:160,&quot;335559740&quot;:279,&quot;335559991&quot;:360}\">\u00a0<\/span><\/p>","protected":false},"excerpt":{"rendered":"<p>Experiencia \u00fanica para disfrutar de un d\u00eda completo visitando 3 bodegas, que pueden ser escogidas combinando dos oasis vitivin\u00edcolas: Maip\u00fa y Lujan de Cuyo.<\/p>","protected":false},"featured_media":5359,"comment_status":"open","ping_status":"closed","template":"","meta":[],"product_brand":[],"product_cat":[20,246],"product_tag":[21,22,23,24,25,26,27,28,29],"dias":[],"class_list":{"0":"post-4443","1":"product","2":"type-product","3":"status-publish","4":"has-post-thumbnail","6":"product_cat-bodegas","7":"product_cat-mendoza","8":"product_tag-almuerzo","9":"product_tag-bodega","10":"product_tag-bodegas","11":"product_tag-full","12":"product_tag-fullday","13":"product_tag-lujan","14":"product_tag-maipu","15":"product_tag-mendoza","16":"product_tag-premium","18":"first","19":"instock","20":"shipping-taxable","21":"product-type-simple"},"booking_location":null,"booking_location_type":null,"booking_duration":null,"booking_duration_unit":null,"booking_buffer":null,"booking_cost":null,"booking_resources":null,"jetpack_sharing_enabled":true,"_links":{"self":[{"href":"https:\/\/aymaramendoza.com.ar\/en\/wp-json\/wp\/v2\/product\/4443","targetHints":{"allow":["GET"]}}],"collection":[{"href":"https:\/\/aymaramendoza.com.ar\/en\/wp-json\/wp\/v2\/product"}],"about":[{"href":"https:\/\/aymaramendoza.com.ar\/en\/wp-json\/wp\/v2\/types\/product"}],"replies":[{"embeddable":true,"href":"https:\/\/aymaramendoza.com.ar\/en\/wp-json\/wp\/v2\/comments?post=4443"}],"version-history":[{"count":13,"href":"https:\/\/aymaramendoza.com.ar\/en\/wp-json\/wp\/v2\/product\/4443\/revisions"}],"predecessor-version":[{"id":7062,"href":"https:\/\/aymaramendoza.com.ar\/en\/wp-json\/wp\/v2\/product\/4443\/revisions\/7062"}],"wp:featuredmedia":[{"embeddable":true,"href":"https:\/\/aymaramendoza.com.ar\/en\/wp-json\/wp\/v2\/media\/5359"}],"wp:attachment":[{"href":"https:\/\/aymaramendoza.com.ar\/en\/wp-json\/wp\/v2\/media?parent=4443"}],"wp:term":[{"taxonomy":"product_brand","embeddable":true,"href":"https:\/\/aymaramendoza.com.ar\/en\/wp-json\/wp\/v2\/product_brand?post=4443"},{"taxonomy":"product_cat","embeddable":true,"href":"https:\/\/aymaramendoza.com.ar\/en\/wp-json\/wp\/v2\/product_cat?post=4443"},{"taxonomy":"product_tag","embeddable":true,"href":"https:\/\/aymaramendoza.com.ar\/en\/wp-json\/wp\/v2\/product_tag?post=4443"},{"taxonomy":"dias","embeddable":true,"href":"https:\/\/aymaramendoza.com.ar\/en\/wp-json\/wp\/v2\/dias?post=4443"}],"curies":[{"name":"wp","href":"https:\/\/api.w.org\/{rel}","templated":true}]}}