{"id":4196,"date":"2022-06-09T09:55:53","date_gmt":"2022-06-09T12:55:53","guid":{"rendered":"https:\/\/aymaramendoza.com.ar\/?post_type=product&#038;p=4196"},"modified":"2024-10-01T12:08:21","modified_gmt":"2024-10-01T15:08:21","slug":"enologo-por-un-dia","status":"publish","type":"product","link":"https:\/\/aymaramendoza.com.ar\/en\/servicios\/enologo-por-un-dia\/","title":{"rendered":"EN\u00d3LOGO POR UN D\u00cdA"},"content":{"rendered":"<p><span data-contrast=\"auto\">The combination of different varietals create new flavors and we will be the winemakers in this opportunity, we will create our wine as combining those flavors that we enjoy so much in a single bottle. In the morning we will depart to our destination oasis central winemaking, department of Luj\u00e1n de Cuyo, to the winery Norton (or similar). Once in the winery we will have a visit with a tasting, then enjoy the game Blending Game, this activity is to experiment by mixing different aromas of wines to achieve a wine blend original, which can be bottled. At the end of the activity we will have lunch in the winery for a exquisite steps menu, paired with wines from the winery. In the afternoon return to the city of Mendoza.<\/span><span data-ccp-props=\"{&quot;201341983&quot;:0,&quot;335551550&quot;:6,&quot;335551620&quot;:6,&quot;335559740&quot;:276}\">\u00a0<\/span><\/p>\n<p><strong>Outputs<\/strong><span data-contrast=\"auto\"><strong>:<\/strong> consult<\/span><span data-ccp-props=\"{&quot;201341983&quot;:0,&quot;335551550&quot;:6,&quot;335551620&quot;:6,&quot;335559740&quot;:276}\">\u00a0<\/span><\/p>\n<p><strong>Time<\/strong><span data-contrast=\"auto\">in : from 9:00 pm<\/span><span data-ccp-props=\"{&quot;201341983&quot;:0,&quot;335551550&quot;:6,&quot;335551620&quot;:6,&quot;335559740&quot;:276}\">\u00a0<\/span><\/p>\n<p><strong>Duration<\/strong><span data-contrast=\"auto\"><strong>:<\/strong> all-day \u2013 trips throughout the year<\/span><span data-ccp-props=\"{&quot;201341983&quot;:0,&quot;335551550&quot;:6,&quot;335551620&quot;:6,&quot;335559740&quot;:276}\">\u00a0<\/span><\/p>\n<p><span data-contrast=\"auto\"><strong>Comments<\/strong>:<\/span><span data-contrast=\"auto\"> bodega Norton or similar (days subject to availability of the winery)<\/span><\/p>\n<p><span data-ccp-props=\"{&quot;201341983&quot;:0,&quot;335551550&quot;:6,&quot;335551620&quot;:6,&quot;335559740&quot;:276}\">\u00a0<\/span><\/p>\n<p><b><span data-contrast=\"none\">Note: passengers staying out of the radio central, check rates and mode<\/span><\/b><span data-ccp-props=\"{&quot;201341983&quot;:0,&quot;335551550&quot;:6,&quot;335551620&quot;:6,&quot;335559740&quot;:276}\">\u00a0<\/span><\/p>","protected":false},"excerpt":{"rendered":"<p>Te invitamos a jugar, probar y descubrir el desaf\u00edo de ser en\u00f3logo por un d\u00eda, elaborando tu propio vino.<\/p>","protected":false},"featured_media":5403,"comment_status":"open","ping_status":"closed","template":"","meta":[],"product_brand":[],"product_cat":[20,246],"product_tag":[],"dias":[],"class_list":{"0":"post-4196","1":"product","2":"type-product","3":"status-publish","4":"has-post-thumbnail","6":"product_cat-bodegas","7":"product_cat-mendoza","9":"first","10":"instock","11":"shipping-taxable","12":"product-type-simple"},"booking_location":null,"booking_location_type":null,"booking_duration":null,"booking_duration_unit":null,"booking_buffer":null,"booking_cost":null,"booking_resources":null,"jetpack_sharing_enabled":true,"_links":{"self":[{"href":"https:\/\/aymaramendoza.com.ar\/en\/wp-json\/wp\/v2\/product\/4196","targetHints":{"allow":["GET"]}}],"collection":[{"href":"https:\/\/aymaramendoza.com.ar\/en\/wp-json\/wp\/v2\/product"}],"about":[{"href":"https:\/\/aymaramendoza.com.ar\/en\/wp-json\/wp\/v2\/types\/product"}],"replies":[{"embeddable":true,"href":"https:\/\/aymaramendoza.com.ar\/en\/wp-json\/wp\/v2\/comments?post=4196"}],"version-history":[{"count":5,"href":"https:\/\/aymaramendoza.com.ar\/en\/wp-json\/wp\/v2\/product\/4196\/revisions"}],"predecessor-version":[{"id":6414,"href":"https:\/\/aymaramendoza.com.ar\/en\/wp-json\/wp\/v2\/product\/4196\/revisions\/6414"}],"wp:featuredmedia":[{"embeddable":true,"href":"https:\/\/aymaramendoza.com.ar\/en\/wp-json\/wp\/v2\/media\/5403"}],"wp:attachment":[{"href":"https:\/\/aymaramendoza.com.ar\/en\/wp-json\/wp\/v2\/media?parent=4196"}],"wp:term":[{"taxonomy":"product_brand","embeddable":true,"href":"https:\/\/aymaramendoza.com.ar\/en\/wp-json\/wp\/v2\/product_brand?post=4196"},{"taxonomy":"product_cat","embeddable":true,"href":"https:\/\/aymaramendoza.com.ar\/en\/wp-json\/wp\/v2\/product_cat?post=4196"},{"taxonomy":"product_tag","embeddable":true,"href":"https:\/\/aymaramendoza.com.ar\/en\/wp-json\/wp\/v2\/product_tag?post=4196"},{"taxonomy":"dias","embeddable":true,"href":"https:\/\/aymaramendoza.com.ar\/en\/wp-json\/wp\/v2\/dias?post=4196"}],"curies":[{"name":"wp","href":"https:\/\/api.w.org\/{rel}","templated":true}]}}