{"id":358,"date":"2020-05-07T11:13:51","date_gmt":"2020-05-07T14:13:51","guid":{"rendered":"http:\/\/gruporacobi.com\/aymara\/producto\/import-placeholder-for-418\/"},"modified":"2026-04-21T12:23:10","modified_gmt":"2026-04-21T15:23:10","slug":"cena-gourmet-en-bodega","status":"publish","type":"product","link":"https:\/\/aymaramendoza.com.ar\/en\/servicios\/cena-gourmet-en-bodega\/","title":{"rendered":"GOURMET DINNER IN THE WINERY"},"content":{"rendered":"<p><strong>Una noche m\u00e1gica en el coraz\u00f3n del vino mendocino<\/strong><\/p>\n<div>\n<p>Viv\u00ed una experiencia \u00fanica que combina <strong>arquitectura, vinos de excelencia y alta gastronom\u00eda<\/strong>, en el entorno incomparable de una bodega mendocina. Una propuesta pensada para disfrutar con todos los sentidos, ideal para una velada especial.<\/p>\n<p>Al llegar, el pasajero ser\u00e1 recibido en una <strong>c\u00e1lida y elegante bodega<\/strong>, donde podr\u00e1 deleitarse con una <strong>cena gourmet de 3 pasos maridados con vinos de la bodega<\/strong>, en un ambiente distinguido y acogedor, reflejo de la identidad vitivin\u00edcola de Mendoza.<\/p>\n<\/div>\n<div>\n<h3>Detalles de la Experiencia<\/h3>\n<ul>\n<li><strong>D\u00edas de operaci\u00f3n:<\/strong> martes a s\u00e1bados<\/li>\n<li><strong>Hours:<\/strong> 19:30 a 23:00 hs<\/li>\n<li><strong>Duration:<\/strong> noche completa<\/li>\n<li><strong>M\u00ednimo requerido:<\/strong> 2 pasajeros<\/li>\n<li><strong>Traslado:<\/strong> traslado desde alojamiento a restaurante zona centro con espera.<\/li>\n<\/ul>\n<\/div>\n<div>\u26a0\ufe0f<strong> Important: <\/strong>Pasajeros alojados fuera del radio c\u00e9ntrico de Mendoza, comunicarse con la agencia. Informar hotel o direcci\u00f3n de alojamiento.<\/div>","protected":false},"excerpt":{"rendered":"<div>Cena gourmet y vinos de excelencia en una bodega tradicional mendocina.<\/div>","protected":false},"featured_media":5373,"comment_status":"open","ping_status":"closed","template":"","meta":[],"product_brand":[],"product_cat":[20,246],"product_tag":[22,42,176,177,178],"dias":[],"class_list":{"0":"post-358","1":"product","2":"type-product","3":"status-publish","4":"has-post-thumbnail","6":"product_cat-bodegas","7":"product_cat-mendoza","8":"product_tag-bodega","9":"product_tag-cena","10":"product_tag-maridaje","11":"product_tag-noche","12":"product_tag-trapiche","14":"first","15":"instock","16":"featured","17":"shipping-taxable","18":"product-type-simple"},"booking_location":null,"booking_location_type":null,"booking_duration":null,"booking_duration_unit":null,"booking_buffer":null,"booking_cost":null,"booking_resources":null,"jetpack_sharing_enabled":true,"_links":{"self":[{"href":"https:\/\/aymaramendoza.com.ar\/en\/wp-json\/wp\/v2\/product\/358","targetHints":{"allow":["GET"]}}],"collection":[{"href":"https:\/\/aymaramendoza.com.ar\/en\/wp-json\/wp\/v2\/product"}],"about":[{"href":"https:\/\/aymaramendoza.com.ar\/en\/wp-json\/wp\/v2\/types\/product"}],"replies":[{"embeddable":true,"href":"https:\/\/aymaramendoza.com.ar\/en\/wp-json\/wp\/v2\/comments?post=358"}],"version-history":[{"count":8,"href":"https:\/\/aymaramendoza.com.ar\/en\/wp-json\/wp\/v2\/product\/358\/revisions"}],"predecessor-version":[{"id":7585,"href":"https:\/\/aymaramendoza.com.ar\/en\/wp-json\/wp\/v2\/product\/358\/revisions\/7585"}],"wp:featuredmedia":[{"embeddable":true,"href":"https:\/\/aymaramendoza.com.ar\/en\/wp-json\/wp\/v2\/media\/5373"}],"wp:attachment":[{"href":"https:\/\/aymaramendoza.com.ar\/en\/wp-json\/wp\/v2\/media?parent=358"}],"wp:term":[{"taxonomy":"product_brand","embeddable":true,"href":"https:\/\/aymaramendoza.com.ar\/en\/wp-json\/wp\/v2\/product_brand?post=358"},{"taxonomy":"product_cat","embeddable":true,"href":"https:\/\/aymaramendoza.com.ar\/en\/wp-json\/wp\/v2\/product_cat?post=358"},{"taxonomy":"product_tag","embeddable":true,"href":"https:\/\/aymaramendoza.com.ar\/en\/wp-json\/wp\/v2\/product_tag?post=358"},{"taxonomy":"dias","embeddable":true,"href":"https:\/\/aymaramendoza.com.ar\/en\/wp-json\/wp\/v2\/dias?post=358"}],"curies":[{"name":"wp","href":"https:\/\/api.w.org\/{rel}","templated":true}]}}