{"id":346,"date":"2020-05-07T11:13:50","date_gmt":"2020-05-07T14:13:50","guid":{"rendered":"http:\/\/gruporacobi.com\/aymara\/producto\/import-placeholder-for-402\/"},"modified":"2025-06-09T13:27:35","modified_gmt":"2025-06-09T16:27:35","slug":"catena-zapata-con-el-enemigo","status":"publish","type":"product","link":"https:\/\/aymaramendoza.com.ar\/en\/servicios\/catena-zapata-con-el-enemigo\/","title":{"rendered":"Experience Catena Zapata with the Enemy"},"content":{"rendered":"<p><span class=\"TextRun SCXW150474651 BCX8\" lang=\"ES-419\" xml:lang=\"ES-419\" data-contrast=\"auto\"><span class=\"NormalTextRun SCXW150474651 BCX8\">We invite you to experience <\/span><span class=\"NormalTextRun SCXW150474651 BCX8\">where we meet<\/span><span class=\"NormalTextRun SCXW150474651 BCX8\"> all the work of Alexander <\/span><span class=\"NormalTextRun SpellingErrorV2Themed SCXW150474651 BCX8\">Vigil<\/span><span class=\"NormalTextRun SCXW150474651 BCX8\">. In this tour we propose to visit two wineries, bodega Catena Zapata and The Enemy, this last personal project of Alexander <\/span><span class=\"NormalTextRun SpellingErrorV2Themed SCXW150474651 BCX8\">Vigil<\/span><span class=\"NormalTextRun SCXW150474651 BCX8\">, en\u00f3logo de Catena Zapata y de Adriana Catena, hija menor de Nicol\u00e1s Catena. Saldremos por la ma\u00f1ana hacia bodega Catena Zapata para iniciar nuestra primera visita y degustaci\u00f3n de vinos \u00abBlending game\u00bb (<em>*Sujeta a disponibilidad<\/em>),<\/span><\/span> <span class=\"TextRun SCXW150474651 BCX8\" lang=\"ES-419\" xml:lang=\"ES-419\" data-contrast=\"auto\"><span class=\"NormalTextRun SCXW150474651 BCX8\">then continue in the direction of the winery The Enemy for our second visit and tasting. Will be able to see the contrast of the two proposals, united by their winemaker and, to finish, <\/span><span class=\"NormalTextRun SCXW150474651 BCX8\">enjoy<\/span><span class=\"NormalTextRun SCXW150474651 BCX8\"> a wonderful lunch at the \u201cHouse of the Enemy,\u201d restaurant of the last winery.<\/span><\/span><\/p>\n<p><strong><i>Bodega Catena Zapata<\/i><\/strong><span data-ccp-props=\"{&quot;201341983&quot;:0,&quot;335551550&quot;:6,&quot;335551620&quot;:6,&quot;335559740&quot;:276}\">\u00a0<\/span><\/p>\n<p><span data-contrast=\"auto\">What distinguishes this winery in another top of the world is his tireless dedication to the study and research, learn about every aspect of viticulture and oenology that could improve and increase the quality of your wines<\/span><span data-ccp-props=\"{&quot;201341983&quot;:0,&quot;335551550&quot;:6,&quot;335551620&quot;:6,&quot;335559740&quot;:276}\">\u00a0<\/span><\/p>\n<p><strong><i>The Enemy Wines<\/i>\u00a0<\/strong><\/p>\n<p><span data-contrast=\"auto\">Alejandro Vigil, co-owner of the winery is considered one of the 50 most influential people in the wine to the prestigious Decanter magazine. A number of its wines have been obtained scores nearly perfect in scale Parker.<\/span><span data-ccp-props=\"{&quot;201341983&quot;:0,&quot;335551550&quot;:6,&quot;335551620&quot;:6,&quot;335559740&quot;:276}\">\u00a0<\/span><\/p>\n<p><i><span data-contrast=\"auto\">The Kitchen of the Enemy<\/span><\/i><span data-ccp-props=\"{&quot;201341983&quot;:0,&quot;335551550&quot;:6,&quot;335551620&quot;:6,&quot;335559740&quot;:276}\">\u00a0<\/span><\/p>\n<p><span data-contrast=\"auto\">In your menu, there are cuts of beef, pork, goat and trout, combined with aromatic herbs and regional products, fruits and vegetables from the farm. \u201cThe dishes will work alongside the wines, their tastes, slices and spices to get a good marriage\u201d<\/span><span data-ccp-props=\"{&quot;201341983&quot;:0,&quot;335551550&quot;:6,&quot;335551620&quot;:6,&quot;335559740&quot;:276}\">\u00a0<\/span><\/p>\n<p><span data-contrast=\"auto\">The concept of your kitchen is that to be healthy, so that it can eat a person with celiac disease or diabetes, without any problem, also joined the children&#039;s menu for the whole family to enjoy the ride.<\/span><span data-ccp-props=\"{&quot;201341983&quot;:0,&quot;335551550&quot;:6,&quot;335551620&quot;:6,&quot;335559740&quot;:276}\">\u00a0<\/span><\/p>\n<p><strong>General Information:\u00a0<\/strong><\/p>\n<ul>\n<li><strong>Outputs<\/strong><span data-contrast=\"auto\">: Tuesday to Saturday<\/span><\/li>\n<li><strong>Time<\/strong><span data-contrast=\"auto\">in : from 9:30 hs<\/span><\/li>\n<li><strong>Duration<\/strong><span data-contrast=\"auto\">: all day \u2013 trips throughout the year<\/span><span data-ccp-props=\"{&quot;201341983&quot;:0,&quot;335551550&quot;:6,&quot;335551620&quot;:6,&quot;335559740&quot;:276}\">\u00a0<\/span><\/li>\n<\/ul>\n<p><span data-contrast=\"auto\"><strong>Comments<\/strong>:<\/span><\/p>\n<ul>\n<li><span data-contrast=\"auto\">D\u00edas sujetos a disponibilidad de la bodega<\/span><\/li>\n<li>Servicio opcional de gu\u00eda (Consultar cotizaci\u00f3n).<\/li>\n<\/ul>\n<p><span class=\"TextRun SCXW50844208 BCX8\" lang=\"ES-419\" xml:lang=\"ES-419\" data-contrast=\"none\"><span class=\"NormalTextRun SCXW50844208 BCX8\"><strong>Note:<\/strong> passengers staying out of the radio central, check rates and mode<\/span><\/span><span class=\"EOP SCXW50844208 BCX8\" data-ccp-props=\"{&quot;201341983&quot;:0,&quot;335551550&quot;:6,&quot;335551620&quot;:6,&quot;335559740&quot;:276}\">\u00a0<\/span><\/p>\n<p><span class=\"EOP SCXW150474651 BCX8\" data-ccp-props=\"{&quot;201341983&quot;:0,&quot;335551550&quot;:6,&quot;335551620&quot;:6,&quot;335559740&quot;:276}\">\u00a0<\/span><\/p>","protected":false},"excerpt":{"rendered":"<p><span class=\"NormalTextRun SCXW150474651 BCX8\">We invite you to experience\u00a0<\/span><span class=\"NormalTextRun SCXW150474651 BCX8\">where we meet<\/span><span class=\"NormalTextRun SCXW150474651 BCX8\">\u00a0all the work of Alexander\u00a0<\/span><span class=\"NormalTextRun SpellingErrorV2Themed SCXW150474651 BCX8\">Vigil<\/span><span class=\"NormalTextRun SCXW150474651 BCX8\">. Te proponemos <span class=\"TextRun SCXW150474651 BCX8\" lang=\"ES-419\" xml:lang=\"ES-419\" data-contrast=\"auto\">visitar dos bodegas, Catena Zapata y El Enemigo.\u00a0<\/span><\/span><\/p>","protected":false},"featured_media":5399,"comment_status":"open","ping_status":"closed","template":"","meta":[],"product_brand":[],"product_cat":[20,246],"product_tag":[],"dias":[],"class_list":{"0":"post-346","1":"product","2":"type-product","3":"status-publish","4":"has-post-thumbnail","6":"product_cat-bodegas","7":"product_cat-mendoza","9":"first","10":"instock","11":"shipping-taxable","12":"product-type-simple"},"booking_location":null,"booking_location_type":null,"booking_duration":null,"booking_duration_unit":null,"booking_buffer":null,"booking_cost":null,"booking_resources":null,"jetpack_sharing_enabled":true,"_links":{"self":[{"href":"https:\/\/aymaramendoza.com.ar\/en\/wp-json\/wp\/v2\/product\/346","targetHints":{"allow":["GET"]}}],"collection":[{"href":"https:\/\/aymaramendoza.com.ar\/en\/wp-json\/wp\/v2\/product"}],"about":[{"href":"https:\/\/aymaramendoza.com.ar\/en\/wp-json\/wp\/v2\/types\/product"}],"replies":[{"embeddable":true,"href":"https:\/\/aymaramendoza.com.ar\/en\/wp-json\/wp\/v2\/comments?post=346"}],"version-history":[{"count":9,"href":"https:\/\/aymaramendoza.com.ar\/en\/wp-json\/wp\/v2\/product\/346\/revisions"}],"predecessor-version":[{"id":6998,"href":"https:\/\/aymaramendoza.com.ar\/en\/wp-json\/wp\/v2\/product\/346\/revisions\/6998"}],"wp:featuredmedia":[{"embeddable":true,"href":"https:\/\/aymaramendoza.com.ar\/en\/wp-json\/wp\/v2\/media\/5399"}],"wp:attachment":[{"href":"https:\/\/aymaramendoza.com.ar\/en\/wp-json\/wp\/v2\/media?parent=346"}],"wp:term":[{"taxonomy":"product_brand","embeddable":true,"href":"https:\/\/aymaramendoza.com.ar\/en\/wp-json\/wp\/v2\/product_brand?post=346"},{"taxonomy":"product_cat","embeddable":true,"href":"https:\/\/aymaramendoza.com.ar\/en\/wp-json\/wp\/v2\/product_cat?post=346"},{"taxonomy":"product_tag","embeddable":true,"href":"https:\/\/aymaramendoza.com.ar\/en\/wp-json\/wp\/v2\/product_tag?post=346"},{"taxonomy":"dias","embeddable":true,"href":"https:\/\/aymaramendoza.com.ar\/en\/wp-json\/wp\/v2\/dias?post=346"}],"curies":[{"name":"wp","href":"https:\/\/api.w.org\/{rel}","templated":true}]}}