{"id":343,"date":"2020-05-07T11:13:50","date_gmt":"2020-05-07T14:13:50","guid":{"rendered":"http:\/\/gruporacobi.com\/aymara\/producto\/import-placeholder-for-398\/"},"modified":"2024-10-01T13:46:36","modified_gmt":"2024-10-01T16:46:36","slug":"losvalle","status":"publish","type":"product","link":"https:\/\/aymaramendoza.com.ar\/en\/servicios\/losvalle\/","title":{"rendered":"THE VALLEYS"},"content":{"rendered":"<p>Navigating winding roads, we will visit amazing places of the High Mountain Malarg\u00fcina:<\/p>\n<p><strong>LAGUNA DE LA NI\u00d1A ENCANTADA: <\/strong>The Lagoon of the Girl is Enchanted, a few meters from the Salt River, it is an ideal place for rest from where you can contemplate all the valley and walk through the small shore of the lake. (Entry not included).<\/p>\n<p>&nbsp;<\/p>\n<p><strong>THE MOLLES: <\/strong>In a valley that is wide of singular beauty, which takes its name from a shrub that grows in the Valley. There is a spa complex, where you can enjoy a relaxing thermal baths of sulphurous waters (entrance Ticket not included). In this place you can enjoy in season a delicious lunch or tea in a typical Mountain restaurant.<\/p>\n<p>&nbsp;<\/p>\n<p><strong>POZO DE LAS \u00c1NIMAS: <\/strong>A 6 km. de Los Molles nos encontraremos con el \u00abPozo de las \u00c1nimas\u00bb. Estas dos singularidades geomofol\u00f3gicas son depresiones, llamadas \u00abdolinas\u00bb, alojan en sus fondos espejos de agua cristalina y dulce. Estas cavidades, est\u00e1n separadas por una endeble pared, que se estima que en el futuro se unir\u00e1n, lo que dar\u00eda por resultado una \u00fanica fosa. Al golpear el viento en las cercan\u00edas provoca un especial silbido grave que da origen a la leyenda que le dio el nombre a esta curiosa y bella formaci\u00f3n.<\/p>\n<p>&nbsp;<\/p>\n<p><strong>VALLE DE LAS LE\u00d1AS: <\/strong>Up to 2250 meters to 76 km from the city of Malarg\u00fce is the Valle de Las Le\u00f1as. There, the setting is stunning: mountains and rivers arise between streams, creating a unique landscape in winter as in summer. In the winter this Sports Centre Winter is the main attraction of the region, attracting skiers from all over the world.<\/p>\n<p>&nbsp;<\/p>\n<ul>\n<li data-leveltext=\"\u00b7\" data-font=\"Symbol\" data-listid=\"19\" data-list-defn-props=\"{&quot;335552541&quot;:1,&quot;335559685&quot;:720,&quot;335559991&quot;:360,&quot;469769226&quot;:&quot;Symbol&quot;,&quot;469769242&quot;:[8226],&quot;469777803&quot;:&quot;left&quot;,&quot;469777804&quot;:&quot;\u00b7&quot;,&quot;469777815&quot;:&quot;hybridMultilevel&quot;}\" aria-setsize=\"-1\" data-aria-posinset=\"1\" data-aria-level=\"1\"><b><span data-contrast=\"none\">Outputs:<\/span><\/b><span data-contrast=\"none\"> Todos los d\u00edas (Sujetas a disponibilidad)<\/span><\/li>\n<li data-leveltext=\"\u00b7\" data-font=\"Symbol\" data-listid=\"19\" data-list-defn-props=\"{&quot;335552541&quot;:1,&quot;335559685&quot;:720,&quot;335559991&quot;:360,&quot;469769226&quot;:&quot;Symbol&quot;,&quot;469769242&quot;:[8226],&quot;469777803&quot;:&quot;left&quot;,&quot;469777804&quot;:&quot;\u00b7&quot;,&quot;469777815&quot;:&quot;hybridMultilevel&quot;}\" aria-setsize=\"-1\" data-aria-posinset=\"1\" data-aria-level=\"1\"><strong>Duration:<\/strong><span data-contrast=\"none\"> 4hs a 6hs, d<\/span><span data-ccp-props=\"{&quot;134233117&quot;:false,&quot;134233118&quot;:false,&quot;201341983&quot;:0,&quot;335557856&quot;:16777215,&quot;335559685&quot;:1080,&quot;335559737&quot;:0,&quot;335559738&quot;:0,&quot;335559739&quot;:0,&quot;335559740&quot;:279}\">ependiendo de las condiciones clim\u00e1ticas y camino<\/span><\/li>\n<li data-leveltext=\"\u00b7\" data-font=\"Symbol\" data-listid=\"19\" data-list-defn-props=\"{&quot;335552541&quot;:1,&quot;335559685&quot;:720,&quot;335559991&quot;:360,&quot;469769226&quot;:&quot;Symbol&quot;,&quot;469769242&quot;:[8226],&quot;469777803&quot;:&quot;left&quot;,&quot;469777804&quot;:&quot;\u00b7&quot;,&quot;469777815&quot;:&quot;hybridMultilevel&quot;}\" aria-setsize=\"-1\" data-aria-posinset=\"1\" data-aria-level=\"1\"><b><span data-contrast=\"none\">M\u00ednimo de pasajeros:<\/span><\/b> <span data-contrast=\"none\">2<\/span><span data-contrast=\"none\">\u00a0<\/span><span data-ccp-props=\"{&quot;134233117&quot;:false,&quot;134233118&quot;:false,&quot;201341983&quot;:0,&quot;335557856&quot;:16777215,&quot;335559685&quot;:1080,&quot;335559737&quot;:0,&quot;335559738&quot;:0,&quot;335559739&quot;:0,&quot;335559740&quot;:279}\">\u00a0<\/span><\/li>\n<li data-leveltext=\"\u00b7\" data-font=\"Symbol\" data-listid=\"19\" data-list-defn-props=\"{&quot;335552541&quot;:1,&quot;335559685&quot;:720,&quot;335559991&quot;:360,&quot;469769226&quot;:&quot;Symbol&quot;,&quot;469769242&quot;:[8226],&quot;469777803&quot;:&quot;left&quot;,&quot;469777804&quot;:&quot;\u00b7&quot;,&quot;469777815&quot;:&quot;hybridMultilevel&quot;}\" aria-setsize=\"-1\" data-aria-posinset=\"1\" data-aria-level=\"1\"><b><span data-contrast=\"none\">Age:<\/span><\/b> <span data-contrast=\"none\">no hay edad m\u00ednima para realizar la excursi\u00f3n<\/span><span data-contrast=\"none\">\u00a0<\/span><span data-ccp-props=\"{&quot;134233117&quot;:false,&quot;134233118&quot;:false,&quot;201341983&quot;:0,&quot;335557856&quot;:16777215,&quot;335559685&quot;:1080,&quot;335559737&quot;:0,&quot;335559738&quot;:0,&quot;335559739&quot;:0,&quot;335559740&quot;:279}\">\u00a0<\/span><\/li>\n<li data-leveltext=\"\u00b7\" data-font=\"Symbol\" data-listid=\"19\" data-list-defn-props=\"{&quot;335552541&quot;:1,&quot;335559685&quot;:720,&quot;335559991&quot;:360,&quot;469769226&quot;:&quot;Symbol&quot;,&quot;469769242&quot;:[8226],&quot;469777803&quot;:&quot;left&quot;,&quot;469777804&quot;:&quot;\u00b7&quot;,&quot;469777815&quot;:&quot;hybridMultilevel&quot;}\" aria-setsize=\"-1\" data-aria-posinset=\"1\" data-aria-level=\"1\"><b><span data-contrast=\"none\">Service includes:\u00a0<\/span><\/b> <span data-contrast=\"none\">Transfers<\/span><span data-contrast=\"none\">, gu\u00eda profesional.<\/span><span data-ccp-props=\"{&quot;134233117&quot;:false,&quot;134233118&quot;:false,&quot;201341983&quot;:0,&quot;335557856&quot;:16777215,&quot;335559685&quot;:1080,&quot;335559737&quot;:0,&quot;335559738&quot;:0,&quot;335559739&quot;:0,&quot;335559740&quot;:279}\">\u00a0<\/span><\/li>\n<li data-leveltext=\"\u00b7\" data-font=\"Symbol\" data-listid=\"19\" data-list-defn-props=\"{&quot;335552541&quot;:1,&quot;335559685&quot;:720,&quot;335559991&quot;:360,&quot;469769226&quot;:&quot;Symbol&quot;,&quot;469769242&quot;:[8226],&quot;469777803&quot;:&quot;left&quot;,&quot;469777804&quot;:&quot;\u00b7&quot;,&quot;469777815&quot;:&quot;hybridMultilevel&quot;}\" aria-setsize=\"-1\" data-aria-posinset=\"1\" data-aria-level=\"1\"><b><span data-contrast=\"none\">No incluye:<\/span><\/b><span data-contrast=\"none\"> comidas, propinas y elementos personales (verano)<\/span><\/li>\n<li data-leveltext=\"\u00b7\" data-font=\"Symbol\" data-listid=\"19\" data-list-defn-props=\"{&quot;335552541&quot;:1,&quot;335559685&quot;:720,&quot;335559991&quot;:360,&quot;469769226&quot;:&quot;Symbol&quot;,&quot;469769242&quot;:[8226],&quot;469777803&quot;:&quot;left&quot;,&quot;469777804&quot;:&quot;\u00b7&quot;,&quot;469777815&quot;:&quot;hybridMultilevel&quot;}\" aria-setsize=\"-1\" data-aria-posinset=\"1\" data-aria-level=\"1\"><strong>Recommendations: <\/strong>Llevar abrigo y calzado adecuado para caminar. En verano es aconsejable llevar sombrero o gorro para sol, protector solar y agua. Como se visitan zonas de Aguas Termales es recomendable llevar malla y toall\u00f3n (opcional no incluido en la excursi\u00f3n).<\/li>\n<\/ul>","protected":false},"excerpt":{"rendered":"<p>This living artwork, as suggested by\u00a0<b>Borges<\/b>\u00a0had wanted to be honored in 1984 in Rome, has over 2500 meters of trails to explore its hidden symbolism, which is visible only from the tower 20 meters erected to appreciate it.<\/p>","protected":false},"featured_media":5263,"comment_status":"open","ping_status":"closed","template":"","meta":[],"product_brand":[],"product_cat":[51,245],"product_tag":[],"dias":[],"class_list":{"0":"post-343","1":"product","2":"type-product","3":"status-publish","4":"has-post-thumbnail","6":"product_cat-san-rafael","7":"product_cat-zonas","9":"first","10":"instock","11":"shipping-taxable","12":"product-type-simple"},"booking_location":null,"booking_location_type":null,"booking_duration":null,"booking_duration_unit":null,"booking_buffer":null,"booking_cost":null,"booking_resources":null,"jetpack_sharing_enabled":true,"_links":{"self":[{"href":"https:\/\/aymaramendoza.com.ar\/en\/wp-json\/wp\/v2\/product\/343","targetHints":{"allow":["GET"]}}],"collection":[{"href":"https:\/\/aymaramendoza.com.ar\/en\/wp-json\/wp\/v2\/product"}],"about":[{"href":"https:\/\/aymaramendoza.com.ar\/en\/wp-json\/wp\/v2\/types\/product"}],"replies":[{"embeddable":true,"href":"https:\/\/aymaramendoza.com.ar\/en\/wp-json\/wp\/v2\/comments?post=343"}],"version-history":[{"count":6,"href":"https:\/\/aymaramendoza.com.ar\/en\/wp-json\/wp\/v2\/product\/343\/revisions"}],"predecessor-version":[{"id":6430,"href":"https:\/\/aymaramendoza.com.ar\/en\/wp-json\/wp\/v2\/product\/343\/revisions\/6430"}],"wp:featuredmedia":[{"embeddable":true,"href":"https:\/\/aymaramendoza.com.ar\/en\/wp-json\/wp\/v2\/media\/5263"}],"wp:attachment":[{"href":"https:\/\/aymaramendoza.com.ar\/en\/wp-json\/wp\/v2\/media?parent=343"}],"wp:term":[{"taxonomy":"product_brand","embeddable":true,"href":"https:\/\/aymaramendoza.com.ar\/en\/wp-json\/wp\/v2\/product_brand?post=343"},{"taxonomy":"product_cat","embeddable":true,"href":"https:\/\/aymaramendoza.com.ar\/en\/wp-json\/wp\/v2\/product_cat?post=343"},{"taxonomy":"product_tag","embeddable":true,"href":"https:\/\/aymaramendoza.com.ar\/en\/wp-json\/wp\/v2\/product_tag?post=343"},{"taxonomy":"dias","embeddable":true,"href":"https:\/\/aymaramendoza.com.ar\/en\/wp-json\/wp\/v2\/dias?post=343"}],"curies":[{"name":"wp","href":"https:\/\/api.w.org\/{rel}","templated":true}]}}