{"id":342,"date":"2020-05-07T11:13:50","date_gmt":"2020-05-07T14:13:50","guid":{"rendered":"http:\/\/gruporacobi.com\/aymara\/producto\/import-placeholder-for-397\/"},"modified":"2025-08-01T12:55:57","modified_gmt":"2025-08-01T15:55:57","slug":"experiencia-full-day-valle-de-uco-premium","status":"publish","type":"product","link":"https:\/\/aymaramendoza.com.ar\/en\/servicios\/experiencia-full-day-valle-de-uco-premium\/","title":{"rendered":"Full Day Wine Experience Valle de Uco &#8211; Premium"},"content":{"rendered":"<p><span data-contrast=\"none\">El entorno en el que crece la vid impacta directamente en su uva y por ende en su vino, es por eso que el Valle de Uco es el hogar de las bodegas m\u00e1s emblem\u00e1ticas de la provincia, y nosotros te invitamos a que las disfrutes en su totalidad.\u00a0\u00a0\u00a0<\/span><span data-ccp-props=\"{&quot;134233117&quot;:false,&quot;134233118&quot;:false,&quot;335557856&quot;:16777215,&quot;335559738&quot;:0,&quot;335559739&quot;:160}\">\u00a0<\/span><\/p>\n<p><span data-contrast=\"auto\">Por la ma\u00f1ana partiremos rumbo al oasis vitivin\u00edcola del Valle de Uco, visitando las dos primeras bodegas seleccionadas, donde participaremos de una visita guiada por sus instalaciones y vi\u00f1edos, disfrutando de la degustaci\u00f3n de vinos exclusivos. Tambi\u00e9n aprenderemos sobre los procesos de elaboraci\u00f3n, as\u00ed como del cuidado, crianza y fraccionamiento de los diferentes vinos.\u00a0<\/span><span data-ccp-props=\"{&quot;134233117&quot;:false,&quot;134233118&quot;:false,&quot;201341983&quot;:0,&quot;335559738&quot;:0,&quot;335559739&quot;:160,&quot;335559740&quot;:276}\">\u00a0<\/span><\/p>\n<p><span data-contrast=\"auto\">Llegado el mediod\u00eda partiremos a la tercera bodega seleccionada, para participar de un almuerzo gourmet de pasos maridados, disfrutando de sus vinos m\u00e1s significativos. Por la tarde, regreso al Hotel.\u00a0<\/span><span data-ccp-props=\"{&quot;134233117&quot;:false,&quot;134233118&quot;:false,&quot;201341983&quot;:0,&quot;335559738&quot;:0,&quot;335559739&quot;:160,&quot;335559740&quot;:276}\">\u00a0<\/span><\/p>\n<ul>\n<li><b><span data-contrast=\"auto\">Outputs:<\/span><\/b><span data-contrast=\"auto\"> all days<\/span><\/li>\n<li><b><span data-contrast=\"auto\">Time:<\/span><\/b><span data-contrast=\"auto\"> a partir de las 08.15hs<\/span><\/li>\n<li><b><span data-contrast=\"auto\">Duration:<\/span><\/b><span data-contrast=\"auto\"> all-day \u2013 trips throughout the year\u00a0<\/span><\/li>\n<li><b><span data-contrast=\"auto\">Includes:<\/span><\/b><span data-contrast=\"auto\"> traslado privado, pick up y drop off por hoteles c\u00e9ntricos, visitas y degustaci\u00f3n en dos bodegas seleccionadas.\u00a0 Almuerzo en tercera bodega seleccionada de la zona con vinos incluidos.\u00a0<\/span><\/li>\n<li><b><span data-contrast=\"auto\">No incluye:<\/span><\/b><span data-contrast=\"auto\"> Propina, gastos extras.\u00a0<\/span><span data-ccp-props=\"{&quot;134233117&quot;:false,&quot;134233118&quot;:false,&quot;201341983&quot;:0,&quot;335559685&quot;:720,&quot;335559737&quot;:0,&quot;335559738&quot;:0,&quot;335559739&quot;:0,&quot;335559740&quot;:276,&quot;335559991&quot;:360}\">\u00a0<\/span><\/li>\n<\/ul>\n<p class=\"cvGsUA direction-ltr align-justify para-style-body\"><strong><span class=\"OYPEnA font-feature-liga-off font-feature-clig-off font-feature-calt-off text-decoration-none text-strikethrough-none\">Opciones de visitas en bodegas: <\/span><\/strong><span class=\"OYPEnA font-feature-liga-off font-feature-clig-off font-feature-calt-off text-decoration-none text-strikethrough-none\">Salentein, Clos de los 7 (Monteviejo, Diamandes, Cuvellier), Andeluna, Pulenta Estate, atamisque English version, Gimenez Rilli, the Heart of the Sun, Domaine Bousquet, Black Stone, Alpha Crux, Super Uco<\/span><\/p>\n<p class=\"cvGsUA direction-ltr align-justify para-style-body\"><strong><span class=\"OYPEnA font-feature-liga-off font-feature-clig-off font-feature-calt-off text-decoration-none text-strikethrough-none\">Opciones de Almuerzos en bodegas: <\/span><\/strong><span class=\"OYPEnA font-feature-liga-off font-feature-clig-off font-feature-calt-off text-decoration-none text-strikethrough-none\">Salentein, O\u00b4Fournier, Piedra Infinita, Clos de los 7 (Diamandes), Super Uco, Siete Fuegos, Alpha Crux.<\/span><\/p>\n<p><b><span data-contrast=\"auto\">Comments<\/span><\/b><span data-contrast=\"auto\">:\u00a0<\/span><span data-ccp-props=\"{&quot;134233117&quot;:false,&quot;134233118&quot;:false,&quot;201341983&quot;:0,&quot;335559738&quot;:0,&quot;335559739&quot;:160,&quot;335559740&quot;:276}\">\u00a0<\/span><\/p>\n<ul>\n<li><span data-contrast=\"auto\">Bodegas sujetas a disponibilidad al momento de realizar la reserva.\u00a0<\/span><\/li>\n<li>Las bodegas para visitar son por zona (Valle de Uco). Consultar cotizaci\u00f3n por otras bodegas opcionales y disponibles para visitar.<\/li>\n<li>Servicio opcional de gu\u00eda (Consultar cotizaci\u00f3n)\u00a0\u00a0<span data-ccp-props=\"{&quot;134233117&quot;:false,&quot;134233118&quot;:false,&quot;201341983&quot;:0,&quot;335559685&quot;:720,&quot;335559737&quot;:0,&quot;335559738&quot;:0,&quot;335559739&quot;:0,&quot;335559740&quot;:276,&quot;335559991&quot;:360}\">\u00a0<\/span><\/li>\n<\/ul>\n<p><span data-ccp-props=\"{&quot;134233117&quot;:false,&quot;134233118&quot;:false,&quot;201341983&quot;:0,&quot;335559738&quot;:0,&quot;335559739&quot;:160,&quot;335559740&quot;:276}\">\u00a0<\/span><b><i><span data-contrast=\"auto\">Note:<\/span><\/i><\/b> <b><i><span data-contrast=\"auto\">passengers staying out of the radio central, check rates and mode<\/span><\/i><\/b><span data-ccp-props=\"{&quot;134233117&quot;:false,&quot;134233118&quot;:false,&quot;201341983&quot;:0,&quot;335559738&quot;:0,&quot;335559739&quot;:160,&quot;335559740&quot;:276}\">\u00a0<\/span><\/p>\n<p><span data-ccp-props=\"{&quot;134233117&quot;:false,&quot;134233118&quot;:false,&quot;335559685&quot;:12,&quot;335559731&quot;:3,&quot;335559737&quot;:862,&quot;335559738&quot;:272,&quot;335559739&quot;:0}\">\u00a0<\/span><\/p>","protected":false},"excerpt":{"rendered":"<p>Discover the growing oasis of premium wines, indulge yourself with one of the most prestigious wineries and take moments that linger in the time and in his memorial.<\/p>","protected":false},"featured_media":5348,"comment_status":"open","ping_status":"closed","template":"","meta":[],"product_brand":[],"product_cat":[20,46],"product_tag":[22,23,132,28,38,36],"dias":[],"class_list":{"0":"post-342","1":"product","2":"type-product","3":"status-publish","4":"has-post-thumbnail","6":"product_cat-bodegas","7":"product_cat-valle-de-uco","8":"product_tag-bodega","9":"product_tag-bodegas","10":"product_tag-gusto","11":"product_tag-mendoza","12":"product_tag-vinedos","13":"product_tag-vino","15":"first","16":"instock","17":"shipping-taxable","18":"product-type-simple"},"booking_location":null,"booking_location_type":null,"booking_duration":null,"booking_duration_unit":null,"booking_buffer":null,"booking_cost":null,"booking_resources":null,"jetpack_sharing_enabled":true,"_links":{"self":[{"href":"https:\/\/aymaramendoza.com.ar\/en\/wp-json\/wp\/v2\/product\/342","targetHints":{"allow":["GET"]}}],"collection":[{"href":"https:\/\/aymaramendoza.com.ar\/en\/wp-json\/wp\/v2\/product"}],"about":[{"href":"https:\/\/aymaramendoza.com.ar\/en\/wp-json\/wp\/v2\/types\/product"}],"replies":[{"embeddable":true,"href":"https:\/\/aymaramendoza.com.ar\/en\/wp-json\/wp\/v2\/comments?post=342"}],"version-history":[{"count":12,"href":"https:\/\/aymaramendoza.com.ar\/en\/wp-json\/wp\/v2\/product\/342\/revisions"}],"predecessor-version":[{"id":7061,"href":"https:\/\/aymaramendoza.com.ar\/en\/wp-json\/wp\/v2\/product\/342\/revisions\/7061"}],"wp:featuredmedia":[{"embeddable":true,"href":"https:\/\/aymaramendoza.com.ar\/en\/wp-json\/wp\/v2\/media\/5348"}],"wp:attachment":[{"href":"https:\/\/aymaramendoza.com.ar\/en\/wp-json\/wp\/v2\/media?parent=342"}],"wp:term":[{"taxonomy":"product_brand","embeddable":true,"href":"https:\/\/aymaramendoza.com.ar\/en\/wp-json\/wp\/v2\/product_brand?post=342"},{"taxonomy":"product_cat","embeddable":true,"href":"https:\/\/aymaramendoza.com.ar\/en\/wp-json\/wp\/v2\/product_cat?post=342"},{"taxonomy":"product_tag","embeddable":true,"href":"https:\/\/aymaramendoza.com.ar\/en\/wp-json\/wp\/v2\/product_tag?post=342"},{"taxonomy":"dias","embeddable":true,"href":"https:\/\/aymaramendoza.com.ar\/en\/wp-json\/wp\/v2\/dias?post=342"}],"curies":[{"name":"wp","href":"https:\/\/api.w.org\/{rel}","templated":true}]}}