{"id":322,"date":"2020-05-07T11:13:46","date_gmt":"2020-05-07T14:13:46","guid":{"rendered":"http:\/\/gruporacobi.com\/aymara\/producto\/import-placeholder-for-367\/"},"modified":"2026-04-08T13:15:32","modified_gmt":"2026-04-08T16:15:32","slug":"bodegas-y-oliva","status":"publish","type":"product","link":"https:\/\/aymaramendoza.com.ar\/en\/servicios\/bodegas-y-oliva\/","title":{"rendered":"BODEGAS Y OLIVAS EN REGULAR"},"content":{"rendered":"<div data-elementor-type=\"product-post\" data-elementor-id=\"322\" class=\"elementor elementor-322\" data-elementor-post-type=\"product\">\n\t\t\t\t\t\t<section class=\"elementor-section elementor-top-section elementor-element elementor-element-57cc375c elementor-section-boxed elementor-section-height-default elementor-section-height-default\" data-id=\"57cc375c\" data-element_type=\"section\" data-e-type=\"section\" data-settings=\"{&quot;jet_parallax_layout_list&quot;:[],&quot;ekit_has_onepagescroll_dot&quot;:&quot;yes&quot;}\">\n\t\t\t\t\t\t<div class=\"elementor-container elementor-column-gap-default\">\n\t\t\t\t\t<div class=\"elementor-column elementor-col-100 elementor-top-column elementor-element elementor-element-12c3cd88\" data-id=\"12c3cd88\" data-element_type=\"column\" data-e-type=\"column\">\n\t\t\t<div class=\"elementor-widget-wrap elementor-element-populated\">\n\t\t\t\t\t\t<div class=\"elementor-element elementor-element-1a22d71c elementor-widget elementor-widget-text-editor\" data-id=\"1a22d71c\" data-element_type=\"widget\" data-e-type=\"widget\" data-settings=\"{&quot;ekit_we_effect_on&quot;:&quot;none&quot;}\" data-widget_type=\"text-editor.default\">\n\t\t\t\t<div class=\"elementor-widget-container\">\n\t\t\t\t\t\t\t\t\t<div class=\"OutlineElement Ltr SCXW226668965 BCX8\" style=\"-webkit-user-drag: none; -webkit-tap-highlight-color: transparent; margin: 0px; padding: 0px; user-select: text; clear: both; cursor: text; overflow: visible; position: relative; direction: ltr;\">\u00a0<\/div><div class=\"SCXW226668965 BCX8\" style=\"-webkit-user-drag: none; -webkit-tap-highlight-color: transparent; margin: 0px; padding: 0px; user-select: text; color: #000000; font-family: 'Segoe UI', 'Segoe UI Web', Arial, Verdana, sans-serif; font-size: 12px;\"><div class=\"ListContainerWrapper SCXW226668965 BCX8\" style=\"-webkit-user-drag: none; -webkit-tap-highlight-color: transparent; margin: 0px; padding: 0px; user-select: text; position: relative;\"><ul class=\"BulletListStyle1 SCXW226668965 BCX8\" style=\"-webkit-user-drag: none; -webkit-tap-highlight-color: transparent; margin: 0px; padding: 0px; user-select: text; cursor: text; font-family: verdana; overflow: visible;\" role=\"list\"><li class=\"OutlineElement Ltr SCXW226668965 BCX8\" style=\"-webkit-user-drag: none; -webkit-tap-highlight-color: transparent; margin: 0px 0px 0px 24px; padding: 0px; user-select: text; clear: both; cursor: text; overflow: visible; position: relative; direction: ltr; display: block; font-size: 11pt; font-family: Calibri, Calibri_MSFontService, sans-serif;\" role=\"listitem\" aria-setsize=\"-1\" data-leveltext=\"\uf0b7\" data-font=\"Symbol\" data-listid=\"1\" data-list-defn-props=\"{&quot;335552541&quot;:1,&quot;335559685&quot;:720,&quot;335559991&quot;:360,&quot;469769226&quot;:&quot;Symbol&quot;,&quot;469769242&quot;:[8226],&quot;469777803&quot;:&quot;left&quot;,&quot;469777804&quot;:&quot;\uf0b7&quot;,&quot;469777815&quot;:&quot;hybridMultilevel&quot;}\" data-aria-posinset=\"8\" data-aria-level=\"1\"><p>Saldremos del Hotel, hacia el oasis agr\u00edcola del Gran Mendoza conformado por los departamentos de Maip\u00fa y Luj\u00e1n de Cuyo, junto a la compa\u00f1\u00eda del gu\u00eda, quien estar\u00e1 con nosotros durante todo el recorrido.\u00a0\u00a0<span data-ccp-props=\"{}\">\u00a0<\/span><\/p><p><span data-contrast=\"auto\">We will visit two wineries in the area, a family and an industrialized, to know the contrasts and technological differences in the process of wine making. Each winery, with its own style, which will give us a tour of the vineyards and facilities, where we explain the entire process of wine production to its marketing, to end with a wine tasting at two wineries.\u00a0\u00a0<\/span><span data-ccp-props=\"{}\">\u00a0<\/span><\/p><p><span data-contrast=\"auto\">Then we will visit a factory of olive oil, where we will visit the various procedures for the preparation of oil and you can taste all of their products. At the end we will return to the city of Mendoza.<\/span><span data-ccp-props=\"{}\">\u00a0<\/span><\/p><ul><li><span data-contrast=\"auto\"> <strong>Regular departures:<\/strong><\/span><span data-contrast=\"auto\"> de lunes a s\u00e1bados &#8211; salidas todo el a\u00f1o\u00a0<\/span><\/li><li><span data-contrast=\"auto\"> <strong>Time:<\/strong><\/span><span data-contrast=\"auto\"> from 14:30 hs<\/span><span data-ccp-props=\"{}\">\u00a0<\/span><\/li><li><span data-contrast=\"auto\"> <strong>Duration:<\/strong><\/span><span data-contrast=\"auto\"> medio d\u00eda\u00a0\u00a0<\/span><\/li><li><span data-contrast=\"auto\"> <strong>Includes:<\/strong><\/span><span data-contrast=\"auto\"> traslado en servicio regular, pick up y drop off por hoteles c\u00e9ntricos, servicio de gu\u00eda espa\u00f1ol\u00a0<\/span><\/li><li><span data-contrast=\"auto\"> <strong>Not included<\/strong><\/span><span data-contrast=\"auto\">: Comidas, Bebidas, ni propina\u00a0<\/span><\/li><li><span data-contrast=\"auto\"> <strong>Posibles bodegas a visitar seg\u00fan disponibilidad: <\/strong>Vistandes, Vi\u00f1a del Cerno, Villafa\u00f1e, Don Arturo. <\/span>\u00a0<\/li><li><span data-contrast=\"auto\"> <strong>Posibles oliv\u00edcolas a visitar seg\u00fan disponibilidad<\/strong><\/span><span data-contrast=\"auto\">: Pasrai<\/span><span data-ccp-props=\"{}\"> , Laur (Consultar cual sale tal d\u00eda).\u00a0<\/span><\/li><li><span data-contrast=\"auto\"> <strong>OBSERVACI\u00d3N:<\/strong><\/span><span data-contrast=\"auto\"> las bodegas y oliv\u00edcola NO son a elecci\u00f3n del pasajero<\/span><span data-ccp-props=\"{}\">\u00a0<\/span><\/li><\/ul><p><span data-contrast=\"auto\">\u00a0<\/span><\/p><p><strong>IMPORTANTE:<\/strong><span data-contrast=\"auto\"> passengers staying out of the radio central, should be directed to the point indicated by Aymara Tourism<\/span><\/p><\/li><li class=\"OutlineElement Ltr SCXW226668965 BCX8\" style=\"-webkit-user-drag: none; -webkit-tap-highlight-color: transparent; margin: 0px 0px 0px 24px; padding: 0px; user-select: text; clear: both; cursor: text; overflow: visible; position: relative; direction: ltr; display: block; font-size: 11pt; font-family: Calibri, Calibri_MSFontService, sans-serif;\" role=\"listitem\" aria-setsize=\"-1\" data-leveltext=\"\uf0b7\" data-font=\"Symbol\" data-listid=\"1\" data-list-defn-props=\"{&quot;335552541&quot;:1,&quot;335559685&quot;:720,&quot;335559991&quot;:360,&quot;469769226&quot;:&quot;Symbol&quot;,&quot;469769242&quot;:[8226],&quot;469777803&quot;:&quot;left&quot;,&quot;469777804&quot;:&quot;\uf0b7&quot;,&quot;469777815&quot;:&quot;hybridMultilevel&quot;}\" data-aria-posinset=\"8\" data-aria-level=\"1\"><p class=\"Paragraph SCXW226668965 BCX8\" style=\"-webkit-user-drag: none; -webkit-tap-highlight-color: transparent; margin: 0px; padding: 0px; user-select: text; overflow-wrap: break-word; white-space-collapse: preserve; vertical-align: baseline; font-kerning: none; background-color: transparent; color: windowtext;\"><span class=\"TextRun SCXW226668965 BCX8\" lang=\"ES-AR\" style=\"background-color: transparent; color: windowtext; text-align: center; -webkit-user-drag: none; -webkit-tap-highlight-color: transparent; margin: 0px; padding: 0px; user-select: text; font-size: 10pt; font-style: italic; line-height: 17.2667px; font-family: Calibri, Calibri_EmbeddedFont, Calibri_MSFontService, sans-serif; font-variant-ligatures: none !important;\" xml:lang=\"ES-AR\" data-contrast=\"auto\"><span class=\"NormalTextRun SCXW226668965 BCX8\" style=\"-webkit-user-drag: none; -webkit-tap-highlight-color: transparent; margin: 0px; padding: 0px; user-select: text;\">\u00a0<\/span><\/span><\/p><\/li><\/ul><\/div><\/div>\t\t\t\t\t\t\t\t<\/div>\n\t\t\t\t<\/div>\n\t\t\t\t\t<\/div>\n\t\t<\/div>\n\t\t\t\t\t<\/div>\n\t\t<\/section>\n\t\t\t\t<section class=\"elementor-section elementor-top-section elementor-element elementor-element-67884a1 elementor-section-boxed elementor-section-height-default elementor-section-height-default\" data-id=\"67884a1\" data-element_type=\"section\" data-e-type=\"section\" data-settings=\"{&quot;jet_parallax_layout_list&quot;:[],&quot;ekit_has_onepagescroll_dot&quot;:&quot;yes&quot;}\">\n\t\t\t\t\t\t<div class=\"elementor-container elementor-column-gap-default\">\n\t\t\t\t\t<div class=\"elementor-column elementor-col-100 elementor-top-column elementor-element elementor-element-daddce4\" data-id=\"daddce4\" data-element_type=\"column\" data-e-type=\"column\">\n\t\t\t<div class=\"elementor-widget-wrap elementor-element-populated\">\n\t\t\t\t\t\t\t<\/div>\n\t\t<\/div>\n\t\t\t\t\t<\/div>\n\t\t<\/section>\n\t\t\t\t<\/div>","protected":false},"excerpt":{"rendered":"<p>Tour of the oasis agricultural mendocino and areas of cultivation of the see<\/p>","protected":false},"featured_media":5487,"comment_status":"open","ping_status":"closed","template":"","meta":[],"product_brand":[],"product_cat":[203,246],"product_tag":[28,85,36,71],"dias":[247,249,252,251],"class_list":{"0":"post-322","1":"product","2":"type-product","3":"status-publish","4":"has-post-thumbnail","6":"product_cat-convencionales","7":"product_cat-mendoza","8":"product_tag-mendoza","9":"product_tag-oliva","10":"product_tag-vino","11":"product_tag-vinos","12":"dias-lunes","13":"dias-miercoles","14":"dias-sabado","15":"dias-viernes","17":"first","18":"instock","19":"sold-individually","20":"shipping-taxable","21":"purchasable","22":"product-type-booking"},"booking_location":"","booking_location_type":"","booking_duration":12,"booking_duration_unit":"hour","booking_buffer":0,"booking_cost":0,"booking_resources":[],"jetpack_sharing_enabled":true,"_links":{"self":[{"href":"https:\/\/aymaramendoza.com.ar\/en\/wp-json\/wp\/v2\/product\/322","targetHints":{"allow":["GET"]}}],"collection":[{"href":"https:\/\/aymaramendoza.com.ar\/en\/wp-json\/wp\/v2\/product"}],"about":[{"href":"https:\/\/aymaramendoza.com.ar\/en\/wp-json\/wp\/v2\/types\/product"}],"replies":[{"embeddable":true,"href":"https:\/\/aymaramendoza.com.ar\/en\/wp-json\/wp\/v2\/comments?post=322"}],"version-history":[{"count":32,"href":"https:\/\/aymaramendoza.com.ar\/en\/wp-json\/wp\/v2\/product\/322\/revisions"}],"predecessor-version":[{"id":7562,"href":"https:\/\/aymaramendoza.com.ar\/en\/wp-json\/wp\/v2\/product\/322\/revisions\/7562"}],"wp:featuredmedia":[{"embeddable":true,"href":"https:\/\/aymaramendoza.com.ar\/en\/wp-json\/wp\/v2\/media\/5487"}],"wp:attachment":[{"href":"https:\/\/aymaramendoza.com.ar\/en\/wp-json\/wp\/v2\/media?parent=322"}],"wp:term":[{"taxonomy":"product_brand","embeddable":true,"href":"https:\/\/aymaramendoza.com.ar\/en\/wp-json\/wp\/v2\/product_brand?post=322"},{"taxonomy":"product_cat","embeddable":true,"href":"https:\/\/aymaramendoza.com.ar\/en\/wp-json\/wp\/v2\/product_cat?post=322"},{"taxonomy":"product_tag","embeddable":true,"href":"https:\/\/aymaramendoza.com.ar\/en\/wp-json\/wp\/v2\/product_tag?post=322"},{"taxonomy":"dias","embeddable":true,"href":"https:\/\/aymaramendoza.com.ar\/en\/wp-json\/wp\/v2\/dias?post=322"}],"curies":[{"name":"wp","href":"https:\/\/api.w.org\/{rel}","templated":true}]}}