{"id":318,"date":"2020-05-07T11:13:46","date_gmt":"2020-05-07T14:13:46","guid":{"rendered":"http:\/\/gruporacobi.com\/aymara\/producto\/import-placeholder-for-362\/"},"modified":"2025-08-01T09:46:31","modified_gmt":"2025-08-01T12:46:31","slug":"full-day-wine-experience-valle-de-uco","status":"publish","type":"product","link":"https:\/\/aymaramendoza.com.ar\/en\/servicios\/full-day-wine-experience-valle-de-uco\/","title":{"rendered":"FULL DAY WINE EXPERIENCE \u2013 UCO VALLEY."},"content":{"rendered":"<p><span data-contrast=\"auto\">\u00a1Descubr\u00ed el creciente oasis de vinos de alta gama, con las m\u00e1s prestigiosas bodegas y ll\u00e9vate momentos que perduraran en el tiempo y en su memoria!<\/span><span data-ccp-props=\"{&quot;134233117&quot;:false,&quot;134233118&quot;:false,&quot;201341983&quot;:0,&quot;335559738&quot;:0,&quot;335559739&quot;:160,&quot;335559740&quot;:276}\">\u00a0<\/span><\/p>\n<p><span data-contrast=\"auto\">Por la ma\u00f1ana partiremos rumbo al oasis vitivin\u00edcola del Valle de Uco, donde se encuentran las m\u00e1s prestigiosas bodegas productoras de vinos de alta gama y donde el paisaje brinda un valor \u00fanico a este circuito.<\/span><span data-ccp-props=\"{&quot;134233117&quot;:false,&quot;134233118&quot;:false,&quot;201341983&quot;:0,&quot;335559738&quot;:0,&quot;335559739&quot;:160,&quot;335559740&quot;:276}\">\u00a0<\/span><span data-contrast=\"auto\">El recorrido comienza visitando las dos primeras bodegas seleccionadas, donde participaremos de una visita guiada por sus instalaciones y vi\u00f1edos, disfrutando de una degustaci\u00f3n excluida de sus vinos. Aprenderemos sobre los procesos de elaboraci\u00f3n, as\u00ed como del cuidado, crianza y fraccionamiento de los diferentes tipos de vinos.\u00a0<\/span><span data-ccp-props=\"{&quot;134233117&quot;:false,&quot;134233118&quot;:false,&quot;201341983&quot;:0,&quot;335559738&quot;:0,&quot;335559739&quot;:160,&quot;335559740&quot;:276}\">\u00a0<\/span><span data-contrast=\"auto\">Ya al mediod\u00eda, partiremos a la tercera bodega seleccionada donde participaremos de un almuerzo gourmet de pasos maridados con vinos exclusivos de la bodega. Por la tarde, regresaremos al Hotel.\u00a0<\/span><span data-ccp-props=\"{&quot;134233117&quot;:false,&quot;134233118&quot;:false,&quot;201341983&quot;:0,&quot;335559738&quot;:0,&quot;335559739&quot;:160,&quot;335559740&quot;:276}\">\u00a0<\/span><\/p>\n<ul>\n<li><b><span data-contrast=\"auto\">Outputs:<\/span><\/b><span data-contrast=\"auto\"> all days<\/span><\/li>\n<li><b><span data-contrast=\"auto\">Time:<\/span><\/b><span data-contrast=\"auto\"> a partir de las 08.15hs<\/span><\/li>\n<li><b><span data-contrast=\"auto\">Duration:<\/span><\/b><span data-contrast=\"auto\"> all-day \u2013 trips throughout the year\u00a0<\/span><\/li>\n<li><b><span data-contrast=\"auto\">Includes:<\/span><\/b><span data-contrast=\"auto\"> traslado privado, pick up y drop off por hoteles c\u00e9ntricos, visitas y degustaci\u00f3n en dos bodegas seleccionadas.\u00a0 Almuerzo en tercera bodega seleccionada de la zona con vinos incluidos.\u00a0<\/span><\/li>\n<li><b><span data-contrast=\"auto\">No incluye:<\/span><\/b><span data-contrast=\"auto\"> Propina, gastos extras.\u00a0<\/span><span data-ccp-props=\"{&quot;134233117&quot;:false,&quot;134233118&quot;:false,&quot;201341983&quot;:0,&quot;335559685&quot;:720,&quot;335559737&quot;:0,&quot;335559738&quot;:0,&quot;335559739&quot;:0,&quot;335559740&quot;:276,&quot;335559991&quot;:360}\">\u00a0<\/span><\/li>\n<\/ul>\n<p><b><span data-contrast=\"auto\">Opciones de bodegas<\/span><\/b><span data-contrast=\"auto\">: Andeluna, Diamandes, La Azul, Monteviejo, <span class=\"OYPEnA font-feature-liga-off font-feature-clig-off font-feature-calt-off text-decoration-none text-strikethrough-none\">Pulenta Estate, Atamisque, Gimenez Rilli, Domaine Bousquet, Piedra Negra, Bianchi, Masi <\/span><\/span><span data-ccp-props=\"{&quot;134233117&quot;:false,&quot;134233118&quot;:false,&quot;201341983&quot;:0,&quot;335559738&quot;:0,&quot;335559739&quot;:160,&quot;335559740&quot;:276}\">(Se puede combinar con otra bodega de la misma zona Valle de Uco &#8211; Consultar cotizaci\u00f3n y disponibilidad).\u00a0<\/span><\/p>\n<p><b><span data-contrast=\"auto\">\u00a0<\/span><\/b><b><span data-contrast=\"auto\">Comments<\/span><\/b><span data-contrast=\"auto\">:\u00a0<\/span><span data-ccp-props=\"{&quot;134233117&quot;:false,&quot;134233118&quot;:false,&quot;201341983&quot;:0,&quot;335559738&quot;:0,&quot;335559739&quot;:160,&quot;335559740&quot;:276}\">\u00a0<\/span><\/p>\n<ul>\n<li><span data-contrast=\"auto\">Bodegas sujetas a disponibilidad al momento de realizar la reserva.\u00a0<\/span><\/li>\n<li>Las bodegas para visitar son por zona (Valle de Uco). (Consultar cotizaci\u00f3n por otras bodegas opcionales y disponibles para visitar).<\/li>\n<li>Servicio opcional de gu\u00eda (Consultar cotizaci\u00f3n)\u00a0\u00a0<span data-ccp-props=\"{&quot;134233117&quot;:false,&quot;134233118&quot;:false,&quot;201341983&quot;:0,&quot;335559685&quot;:720,&quot;335559737&quot;:0,&quot;335559738&quot;:0,&quot;335559739&quot;:0,&quot;335559740&quot;:276,&quot;335559991&quot;:360}\">\u00a0<\/span><\/li>\n<\/ul>\n<p><b><i><span data-contrast=\"auto\">Note:<\/span><\/i><\/b> <b><i><span data-contrast=\"auto\">passengers staying out of the radio central, check rates and mode<\/span><\/i><\/b><span data-ccp-props=\"{&quot;134233117&quot;:false,&quot;134233118&quot;:false,&quot;201341983&quot;:0,&quot;335559738&quot;:0,&quot;335559739&quot;:160,&quot;335559740&quot;:276}\">\u00a0<\/span><\/p>","protected":false},"excerpt":{"rendered":"<p>Discover the growing oasis of premium wines, indulge yourself with one of the most prestigious wineries and take moments that linger in the time and in your memory.<\/p>","protected":false},"featured_media":5397,"comment_status":"open","ping_status":"closed","template":"","meta":[],"product_brand":[],"product_cat":[20,46],"product_tag":[21,22,62,63,28,50,36],"dias":[],"class_list":{"0":"post-318","1":"product","2":"type-product","3":"status-publish","4":"has-post-thumbnail","6":"product_cat-bodegas","7":"product_cat-valle-de-uco","8":"product_tag-almuerzo","9":"product_tag-bodega","10":"product_tag-degustacion","11":"product_tag-gourmet","12":"product_tag-mendoza","13":"product_tag-valledeuco","14":"product_tag-vino","16":"first","17":"instock","18":"shipping-taxable","19":"product-type-simple"},"booking_location":null,"booking_location_type":null,"booking_duration":null,"booking_duration_unit":null,"booking_buffer":null,"booking_cost":null,"booking_resources":null,"jetpack_sharing_enabled":true,"_links":{"self":[{"href":"https:\/\/aymaramendoza.com.ar\/en\/wp-json\/wp\/v2\/product\/318","targetHints":{"allow":["GET"]}}],"collection":[{"href":"https:\/\/aymaramendoza.com.ar\/en\/wp-json\/wp\/v2\/product"}],"about":[{"href":"https:\/\/aymaramendoza.com.ar\/en\/wp-json\/wp\/v2\/types\/product"}],"replies":[{"embeddable":true,"href":"https:\/\/aymaramendoza.com.ar\/en\/wp-json\/wp\/v2\/comments?post=318"}],"version-history":[{"count":14,"href":"https:\/\/aymaramendoza.com.ar\/en\/wp-json\/wp\/v2\/product\/318\/revisions"}],"predecessor-version":[{"id":7060,"href":"https:\/\/aymaramendoza.com.ar\/en\/wp-json\/wp\/v2\/product\/318\/revisions\/7060"}],"wp:featuredmedia":[{"embeddable":true,"href":"https:\/\/aymaramendoza.com.ar\/en\/wp-json\/wp\/v2\/media\/5397"}],"wp:attachment":[{"href":"https:\/\/aymaramendoza.com.ar\/en\/wp-json\/wp\/v2\/media?parent=318"}],"wp:term":[{"taxonomy":"product_brand","embeddable":true,"href":"https:\/\/aymaramendoza.com.ar\/en\/wp-json\/wp\/v2\/product_brand?post=318"},{"taxonomy":"product_cat","embeddable":true,"href":"https:\/\/aymaramendoza.com.ar\/en\/wp-json\/wp\/v2\/product_cat?post=318"},{"taxonomy":"product_tag","embeddable":true,"href":"https:\/\/aymaramendoza.com.ar\/en\/wp-json\/wp\/v2\/product_tag?post=318"},{"taxonomy":"dias","embeddable":true,"href":"https:\/\/aymaramendoza.com.ar\/en\/wp-json\/wp\/v2\/dias?post=318"}],"curies":[{"name":"wp","href":"https:\/\/api.w.org\/{rel}","templated":true}]}}