{"id":313,"date":"2020-05-07T11:13:45","date_gmt":"2020-05-07T14:13:45","guid":{"rendered":"http:\/\/gruporacobi.com\/aymara\/producto\/import-placeholder-for-357\/"},"modified":"2024-12-19T09:43:53","modified_gmt":"2024-12-19T12:43:53","slug":"bike-tasting-con-almuerzo-panyoliva","status":"publish","type":"product","link":"https:\/\/aymaramendoza.com.ar\/en\/servicios\/bike-tasting-con-almuerzo-panyoliva\/","title":{"rendered":"BIKE EN EL OLIVAR CON ALMUERZO EN PAN Y OLIVA"},"content":{"rendered":"<p>Zuelo nace en el olivar y all\u00ed es el mejor lugar para conocer todo sobre este alimento natural, su origen y cuidado. Un paseo para descubrir y aprender, recorriendo los olivares que se cuidan todo el a\u00f1o, para tener en la mesa el mejor aceite de oliva.<\/p>\n<p><span class=\"NormalTextRun SCXW184736751 BCX8\">En horas de la ma\u00f1ana saldremos con destino al oasis central vitivin\u00edcola, en la zona de Maip\u00fa, con direcci\u00f3n a la bodega Santa Julia de Familia Zuccardi.<\/span><span class=\"NormalTextRun SCXW184736751 BCX8\"> All\u00ed nos dirigiremos a <\/span><span class=\"NormalTextRun SpellingErrorV2Themed SCXW184736751 BCX8\">Zuelo<\/span><span class=\"NormalTextRun SCXW184736751 BCX8\">, donde se <\/span><span class=\"NormalTextRun SCXW184736751 BCX8\">nos entregar\u00e1 una bicicleta y casco, y el gu\u00eda dar\u00e1 una peque\u00f1a charla introductoria <\/span><span class=\"NormalTextRun SCXW184736751 BCX8\">sobre <\/span><span class=\"NormalTextRun SCXW184736751 BCX8\">la <\/span><span class=\"NormalTextRun SCXW184736751 BCX8\">oliv\u00edcola<\/span><span class=\"NormalTextRun SCXW184736751 BCX8\"> y sobre<\/span><span class=\"NormalTextRun SCXW184736751 BCX8\"> el<\/span> <span class=\"NormalTextRun SCXW184736751 BCX8\">recorrido <\/span><span class=\"NormalTextRun SCXW184736751 BCX8\">que haremos <\/span><span class=\"NormalTextRun SCXW184736751 BCX8\">por los olivares<\/span><span class=\"NormalTextRun SCXW184736751 BCX8\">, huerta org\u00e1nica y granja<\/span><span class=\"NormalTextRun SCXW184736751 BCX8\">. Terminamos el paseo con una <\/span><span class=\"NormalTextRun SCXW184736751 BCX8\">visita<\/span><span class=\"NormalTextRun SCXW184736751 BCX8\">\u00a0a la <\/span><span class=\"NormalTextRun SCXW184736751 BCX8\">almazara <\/span><span class=\"NormalTextRun SCXW184736751 BCX8\">con degustaci\u00f3n de aceites de oliva <\/span><span class=\"NormalTextRun SCXW184736751 BCX8\">extra virgen, <\/span><span class=\"NormalTextRun SCXW184736751 BCX8\">para luego disfrutar de un delicioso almuerzo en el restaurante Pan y Oliva.<\/span> <span class=\"NormalTextRun SCXW184736751 BCX8\">Por la tarde regreso a la ciudad de Mendoza. <\/span><span data-contrast=\"auto\">Por la tarde regreso a la ciudad de Mendoza. <\/span><span data-ccp-props=\"{}\">\u00a0<\/span><\/p>\n<p><strong>Datos generales:\u00a0<\/strong><\/p>\n<ul>\n<li><span data-contrast=\"auto\">Outputs<\/span><span data-contrast=\"auto\">: lunes, martes, jueves y s\u00e1bados<\/span><\/li>\n<li>Time<span data-contrast=\"auto\">: a partir de las 8:15 hs<\/span><\/li>\n<li>Duration<span data-contrast=\"auto\">: half-day \u2013 trips throughout the year<\/span><span data-ccp-props=\"{}\">\u00a0<\/span><\/li>\n<\/ul>\n<p><strong>Remarks:\u00a0\u00a0<\/strong><\/p>\n<ul>\n<li data-leveltext=\"\u00b7\" data-font=\"Symbol\" data-listid=\"50\" data-list-defn-props=\"{&quot;335552541&quot;:1,&quot;335559685&quot;:720,&quot;335559991&quot;:360,&quot;469769226&quot;:&quot;Symbol&quot;,&quot;469769242&quot;:[8226],&quot;469777803&quot;:&quot;left&quot;,&quot;469777804&quot;:&quot;\u00b7&quot;,&quot;469777815&quot;:&quot;hybridMultilevel&quot;}\" aria-setsize=\"-1\" data-aria-posinset=\"1\" data-aria-level=\"1\"><span data-contrast=\"auto\">D\u00edas sujetos a disponibilidad de la bodega.\u00a0<\/span><span data-ccp-props=\"{&quot;134233117&quot;:false,&quot;134233118&quot;:false,&quot;335559685&quot;:720,&quot;335559737&quot;:0,&quot;335559738&quot;:0,&quot;335559739&quot;:0,&quot;335559991&quot;:360}\">\u00a0<\/span><\/li>\n<li data-leveltext=\"\u00b7\" data-font=\"Symbol\" data-listid=\"50\" data-list-defn-props=\"{&quot;335552541&quot;:1,&quot;335559685&quot;:720,&quot;335559991&quot;:360,&quot;469769226&quot;:&quot;Symbol&quot;,&quot;469769242&quot;:[8226],&quot;469777803&quot;:&quot;left&quot;,&quot;469777804&quot;:&quot;\u00b7&quot;,&quot;469777815&quot;:&quot;hybridMultilevel&quot;}\" aria-setsize=\"-1\" data-aria-posinset=\"1\" data-aria-level=\"1\">En \u00e9poca invernal no se realiza la excursi\u00f3n (Julio a Setiembre)<\/li>\n<li data-leveltext=\"\u00b7\" data-font=\"Symbol\" data-listid=\"50\" data-list-defn-props=\"{&quot;335552541&quot;:1,&quot;335559685&quot;:720,&quot;335559991&quot;:360,&quot;469769226&quot;:&quot;Symbol&quot;,&quot;469769242&quot;:[8226],&quot;469777803&quot;:&quot;left&quot;,&quot;469777804&quot;:&quot;\u00b7&quot;,&quot;469777815&quot;:&quot;hybridMultilevel&quot;}\" aria-setsize=\"-1\" data-aria-posinset=\"1\" data-aria-level=\"1\">Duraci\u00f3n de recorrido en bicicleta: 3hs<\/li>\n<\/ul>\n<p><strong><em>Note: passengers staying out of the radio central, check rates and mode<\/em><\/strong><span data-ccp-props=\"{}\">\u00a0<\/span><\/p>\n<p><span data-ccp-props=\"{}\">\u00a0<\/span><\/p>","protected":false},"excerpt":{"rendered":"<p>Esta propuesta de paseo en bicicleta te permite disfrutar de un paisaje de vi\u00f1edos y conocer una genuina finca de producci\u00f3n vitivin\u00edcola mendocina.<\/p>","protected":false},"featured_media":6744,"comment_status":"open","ping_status":"closed","template":"","meta":[],"product_brand":[],"product_cat":[20,246],"product_tag":[39,22,23,40,36,41],"dias":[],"class_list":{"0":"post-313","1":"product","2":"type-product","3":"status-publish","4":"has-post-thumbnail","6":"product_cat-bodegas","7":"product_cat-mendoza","8":"product_tag-bike","9":"product_tag-bodega","10":"product_tag-bodegas","11":"product_tag-tasting","12":"product_tag-vino","13":"product_tag-zuccardi","15":"first","16":"instock","17":"shipping-taxable","18":"product-type-simple"},"booking_location":null,"booking_location_type":null,"booking_duration":null,"booking_duration_unit":null,"booking_buffer":null,"booking_cost":null,"booking_resources":null,"jetpack_sharing_enabled":true,"_links":{"self":[{"href":"https:\/\/aymaramendoza.com.ar\/en\/wp-json\/wp\/v2\/product\/313","targetHints":{"allow":["GET"]}}],"collection":[{"href":"https:\/\/aymaramendoza.com.ar\/en\/wp-json\/wp\/v2\/product"}],"about":[{"href":"https:\/\/aymaramendoza.com.ar\/en\/wp-json\/wp\/v2\/types\/product"}],"replies":[{"embeddable":true,"href":"https:\/\/aymaramendoza.com.ar\/en\/wp-json\/wp\/v2\/comments?post=313"}],"version-history":[{"count":11,"href":"https:\/\/aymaramendoza.com.ar\/en\/wp-json\/wp\/v2\/product\/313\/revisions"}],"predecessor-version":[{"id":6745,"href":"https:\/\/aymaramendoza.com.ar\/en\/wp-json\/wp\/v2\/product\/313\/revisions\/6745"}],"wp:featuredmedia":[{"embeddable":true,"href":"https:\/\/aymaramendoza.com.ar\/en\/wp-json\/wp\/v2\/media\/6744"}],"wp:attachment":[{"href":"https:\/\/aymaramendoza.com.ar\/en\/wp-json\/wp\/v2\/media?parent=313"}],"wp:term":[{"taxonomy":"product_brand","embeddable":true,"href":"https:\/\/aymaramendoza.com.ar\/en\/wp-json\/wp\/v2\/product_brand?post=313"},{"taxonomy":"product_cat","embeddable":true,"href":"https:\/\/aymaramendoza.com.ar\/en\/wp-json\/wp\/v2\/product_cat?post=313"},{"taxonomy":"product_tag","embeddable":true,"href":"https:\/\/aymaramendoza.com.ar\/en\/wp-json\/wp\/v2\/product_tag?post=313"},{"taxonomy":"dias","embeddable":true,"href":"https:\/\/aymaramendoza.com.ar\/en\/wp-json\/wp\/v2\/dias?post=313"}],"curies":[{"name":"wp","href":"https:\/\/api.w.org\/{rel}","templated":true}]}}