{"id":1185,"date":"2020-07-06T11:59:29","date_gmt":"2020-07-06T14:59:29","guid":{"rendered":"http:\/\/aymaramendoza.com.ar\/?post_type=product&#038;p=1185"},"modified":"2026-04-08T10:45:27","modified_gmt":"2026-04-08T13:45:27","slug":"cabalgata","status":"publish","type":"product","link":"https:\/\/aymaramendoza.com.ar\/en\/servicios\/cabalgata\/","title":{"rendered":"Ride Creole"},"content":{"rendered":"<p><span data-contrast=\"auto\">Feel like a gaucho argentino is what gives us this excursion, riding between the andes mountains. An adventure relaxing, with beautiful scenery to enjoy with friends or family between horses and mountains. <\/span><span data-ccp-props=\"{&quot;201341983&quot;:0,&quot;335551550&quot;:6,&quot;335551620&quot;:6,&quot;335559740&quot;:276}\">\u00a0<\/span><\/p>\n<p><span data-ccp-props=\"{&quot;201341983&quot;:0,&quot;335551550&quot;:6,&quot;335551620&quot;:6,&quot;335559740&quot;:276}\">\u00a0<\/span><span data-contrast=\"auto\">Partida desde la ciudad de Mendoza con destino a Lunlunta, a s\u00f3lo 20 minutos de la Ciudad de Mendoza. Llegaremos a la base en donde comenzaremos nuestra excursi\u00f3n, de all\u00ed saldremos hacia el r\u00edo, disfrutando de la flora y fauna aut\u00f3ctona en la primera zona vitivin\u00edcola, con inmejorables vistas panor\u00e1micas de la Cordillera de Los Andes. Luego de la cabalgata de 2 horas, terminaremos con un t\u00edpico almuerzo: Asado criollo acompa\u00f1ado de empanadas, bebida y fruta de estaci\u00f3n.<\/span><\/p>\n<p><em>\u00a0 <\/em><span data-contrast=\"auto\"><em>Regular departures<\/em>:<\/span><span data-contrast=\"auto\"> Mi\u00e9rcoles, viernes y s\u00e1bados en regular.\u00a0<\/span><\/p>\n<p><em>\u00a0Hours:<\/em><span data-contrast=\"auto\"> a partir de las 8:30 hs a 13.30hs aprox.\u00a0<\/span><\/p>\n<p><em>\u00a0Duration<\/em><span data-contrast=\"auto\"><em>:<\/em> medio d\u00eda &#8211; salidas todo el a\u00f1o.\u00a0<\/span><\/p>\n<p><span data-contrast=\"auto\"><b>Remarks: <\/b><\/span><\/p>\n<ul>\n<li><span data-contrast=\"auto\">Excursion: Subject to group formation.<\/span><\/li>\n<li><span data-contrast=\"auto\">Age: Suitable for people over 12 years. <\/span><span data-ccp-props=\"{&quot;201341983&quot;:0,&quot;335551550&quot;:6,&quot;335551620&quot;:6,&quot;335559740&quot;:276}\">\u00a0<\/span><\/li>\n<li>Lunch: Query options <b>vegetarian, vegan and celiac disease<\/b>\u00a0available.<\/li>\n<li><b><span data-contrast=\"auto\">Restrictions for the activity: <\/span><\/b>Pregnant women, people with heart disease, difficulties with motor. Report any physical restraint. Maximum weight:120 kg<span data-ccp-props=\"{&quot;201341983&quot;:0,&quot;335551550&quot;:6,&quot;335551620&quot;:6,&quot;335559740&quot;:276}\">\u00a0<\/span><\/li>\n<\/ul>\n<p>&nbsp;<\/p>\n<p><em><span class=\"TextRun SCXW63235440 BCX8\" lang=\"ES-419\" xml:lang=\"ES-419\" data-contrast=\"none\"><span class=\"NormalTextRun SCXW63235440 BCX8\">Note: passengers staying out of the radio central, should be directed to the point indicated by <\/span><span class=\"NormalTextRun SpellingErrorV2Themed SCXW63235440 BCX8\">Aymara<\/span><span class=\"NormalTextRun SCXW63235440 BCX8\"> Tourism<\/span><\/span><span class=\"EOP SCXW63235440 BCX8\" data-ccp-props=\"{&quot;201341983&quot;:0,&quot;335551550&quot;:6,&quot;335551620&quot;:6,&quot;335559740&quot;:276}\">\u00a0<\/span><\/em><\/p>","protected":false},"excerpt":{"rendered":"<p>Your trip this in Mendoza, a trip where you can enjoy its attractive landscapes.<\/p>","protected":false},"featured_media":4422,"comment_status":"open","ping_status":"closed","template":"","meta":[],"product_brand":[],"product_cat":[72,246],"product_tag":[207],"dias":[],"class_list":{"0":"post-1185","1":"product","2":"type-product","3":"status-publish","4":"has-post-thumbnail","6":"product_cat-aventura","7":"product_cat-mendoza","8":"product_tag-escapada-a-mendoza","10":"first","11":"instock","12":"shipping-taxable","13":"product-type-simple"},"booking_location":null,"booking_location_type":null,"booking_duration":null,"booking_duration_unit":null,"booking_buffer":null,"booking_cost":null,"booking_resources":null,"jetpack_sharing_enabled":true,"_links":{"self":[{"href":"https:\/\/aymaramendoza.com.ar\/en\/wp-json\/wp\/v2\/product\/1185","targetHints":{"allow":["GET"]}}],"collection":[{"href":"https:\/\/aymaramendoza.com.ar\/en\/wp-json\/wp\/v2\/product"}],"about":[{"href":"https:\/\/aymaramendoza.com.ar\/en\/wp-json\/wp\/v2\/types\/product"}],"replies":[{"embeddable":true,"href":"https:\/\/aymaramendoza.com.ar\/en\/wp-json\/wp\/v2\/comments?post=1185"}],"version-history":[{"count":10,"href":"https:\/\/aymaramendoza.com.ar\/en\/wp-json\/wp\/v2\/product\/1185\/revisions"}],"predecessor-version":[{"id":7557,"href":"https:\/\/aymaramendoza.com.ar\/en\/wp-json\/wp\/v2\/product\/1185\/revisions\/7557"}],"wp:featuredmedia":[{"embeddable":true,"href":"https:\/\/aymaramendoza.com.ar\/en\/wp-json\/wp\/v2\/media\/4422"}],"wp:attachment":[{"href":"https:\/\/aymaramendoza.com.ar\/en\/wp-json\/wp\/v2\/media?parent=1185"}],"wp:term":[{"taxonomy":"product_brand","embeddable":true,"href":"https:\/\/aymaramendoza.com.ar\/en\/wp-json\/wp\/v2\/product_brand?post=1185"},{"taxonomy":"product_cat","embeddable":true,"href":"https:\/\/aymaramendoza.com.ar\/en\/wp-json\/wp\/v2\/product_cat?post=1185"},{"taxonomy":"product_tag","embeddable":true,"href":"https:\/\/aymaramendoza.com.ar\/en\/wp-json\/wp\/v2\/product_tag?post=1185"},{"taxonomy":"dias","embeddable":true,"href":"https:\/\/aymaramendoza.com.ar\/en\/wp-json\/wp\/v2\/dias?post=1185"}],"curies":[{"name":"wp","href":"https:\/\/api.w.org\/{rel}","templated":true}]}}